{"id":12255,"date":"2022-07-26T10:06:32","date_gmt":"2022-07-26T10:06:32","guid":{"rendered":"https:\/\/www.cm-evora.pt\/culturaepatrimonio\/?page_id=12255"},"modified":"2023-10-24T09:32:19","modified_gmt":"2023-10-24T09:32:19","slug":"espacos-de-criacao-e-producao-artistica","status":"publish","type":"page","link":"https:\/\/www.cm-evora.pt\/culturaepatrimonio\/en\/cultura-e-patrimonio\/accao-cultural\/rede-de-equipamentos-culturais-municipais\/espacos-de-criacao-e-producao-artistica\/","title":{"rendered":"(Portugu\u00eas) Espa\u00e7os de Cria\u00e7\u00e3o Art\u00edstica"},"content":{"rendered":"<p class=\"qtranxs-available-languages-message qtranxs-available-languages-message-en\">Sorry, this entry is only available in <a href=\"https:\/\/www.cm-evora.pt\/culturaepatrimonio\/pt\/wp-json\/wp\/v2\/pages\/12255\" class=\"qtranxs-available-language-link qtranxs-available-language-link-pt\" title=\"Portugu\u00eas\">Portugu\u00eas<\/a>.<\/p>","protected":false},"excerpt":{"rendered":"<p>Sorry, this entry is only available in Portugu\u00eas.<\/p>\n","protected":false},"author":34,"featured_media":0,"parent":12251,"menu_order":2,"comment_status":"closed","ping_status":"closed","template":"templates-map\/component-newsletter-unsubscribe-layout1.php","meta":{"_acf_changed":false,"footnotes":""},"categories":[],"class_list":["post-12255","page","type-page","status-publish","hentry"],"acf":[],"_links":{"self":[{"href":"https:\/\/www.cm-evora.pt\/culturaepatrimonio\/en\/wp-json\/wp\/v2\/pages\/12255","targetHints":{"allow":["GET"]}}],"collection":[{"href":"https:\/\/www.cm-evora.pt\/culturaepatrimonio\/en\/wp-json\/wp\/v2\/pages"}],"about":[{"href":"https:\/\/www.cm-evora.pt\/culturaepatrimonio\/en\/wp-json\/wp\/v2\/types\/page"}],"author":[{"embeddable":true,"href":"https:\/\/www.cm-evora.pt\/culturaepatrimonio\/en\/wp-json\/wp\/v2\/users\/34"}],"replies":[{"embeddable":true,"href":"https:\/\/www.cm-evora.pt\/culturaepatrimonio\/en\/wp-json\/wp\/v2\/comments?post=12255"}],"version-history":[{"count":8,"href":"https:\/\/www.cm-evora.pt\/culturaepatrimonio\/en\/wp-json\/wp\/v2\/pages\/12255\/revisions"}],"predecessor-version":[{"id":13022,"href":"https:\/\/www.cm-evora.pt\/culturaepatrimonio\/en\/wp-json\/wp\/v2\/pages\/12255\/revisions\/13022"}],"up":[{"embeddable":true,"href":"https:\/\/www.cm-evora.pt\/culturaepatrimonio\/en\/wp-json\/wp\/v2\/pages\/12251"}],"wp:attachment":[{"href":"https:\/\/www.cm-evora.pt\/culturaepatrimonio\/en\/wp-json\/wp\/v2\/media?parent=12255"}],"wp:term":[{"taxonomy":"category","embeddable":true,"href":"https:\/\/www.cm-evora.pt\/culturaepatrimonio\/en\/wp-json\/wp\/v2\/categories?post=12255"}],"curies":[{"name":"wp","href":"https:\/\/api.w.org\/{rel}","templated":true}]}}