{"id":12273,"date":"2022-07-26T10:16:04","date_gmt":"2022-07-26T10:16:04","guid":{"rendered":"https:\/\/www.cm-evora.pt\/culturaepatrimonio\/?page_id=12273"},"modified":"2023-03-22T16:15:20","modified_gmt":"2023-03-22T16:15:20","slug":"inventario-artistico-municipal","status":"publish","type":"page","link":"https:\/\/www.cm-evora.pt\/culturaepatrimonio\/en\/cultura-e-patrimonio\/patrimonio-cultural\/conservacao-e-restauro\/inventario-artistico-municipal\/","title":{"rendered":"(Portugu\u00eas) Invent\u00e1rio Art\u00edstico Municipal"},"content":{"rendered":"","protected":false},"excerpt":{"rendered":"","protected":false},"author":34,"featured_media":0,"parent":126,"menu_order":2,"comment_status":"closed","ping_status":"closed","template":"","meta":{"_acf_changed":false,"footnotes":""},"categories":[],"class_list":["post-12273","page","type-page","status-publish","hentry"],"acf":[],"_links":{"self":[{"href":"https:\/\/www.cm-evora.pt\/culturaepatrimonio\/en\/wp-json\/wp\/v2\/pages\/12273","targetHints":{"allow":["GET"]}}],"collection":[{"href":"https:\/\/www.cm-evora.pt\/culturaepatrimonio\/en\/wp-json\/wp\/v2\/pages"}],"about":[{"href":"https:\/\/www.cm-evora.pt\/culturaepatrimonio\/en\/wp-json\/wp\/v2\/types\/page"}],"author":[{"embeddable":true,"href":"https:\/\/www.cm-evora.pt\/culturaepatrimonio\/en\/wp-json\/wp\/v2\/users\/34"}],"replies":[{"embeddable":true,"href":"https:\/\/www.cm-evora.pt\/culturaepatrimonio\/en\/wp-json\/wp\/v2\/comments?post=12273"}],"version-history":[{"count":1,"href":"https:\/\/www.cm-evora.pt\/culturaepatrimonio\/en\/wp-json\/wp\/v2\/pages\/12273\/revisions"}],"predecessor-version":[{"id":12274,"href":"https:\/\/www.cm-evora.pt\/culturaepatrimonio\/en\/wp-json\/wp\/v2\/pages\/12273\/revisions\/12274"}],"up":[{"embeddable":true,"href":"https:\/\/www.cm-evora.pt\/culturaepatrimonio\/en\/wp-json\/wp\/v2\/pages\/126"}],"wp:attachment":[{"href":"https:\/\/www.cm-evora.pt\/culturaepatrimonio\/en\/wp-json\/wp\/v2\/media?parent=12273"}],"wp:term":[{"taxonomy":"category","embeddable":true,"href":"https:\/\/www.cm-evora.pt\/culturaepatrimonio\/en\/wp-json\/wp\/v2\/categories?post=12273"}],"curies":[{"name":"wp","href":"https:\/\/api.w.org\/{rel}","templated":true}]}}