{"id":12465,"date":"2023-03-22T16:01:37","date_gmt":"2023-03-22T16:01:37","guid":{"rendered":"https:\/\/www.cm-evora.pt\/culturaepatrimonio\/?page_id=12465"},"modified":"2023-03-22T16:01:37","modified_gmt":"2023-03-22T16:01:37","slug":"metrologia-e-afericao","status":"publish","type":"page","link":"https:\/\/www.cm-evora.pt\/culturaepatrimonio\/en\/cultura-e-patrimonio\/patrimonio-cultural\/centro-de-recursos-do-patrimonio\/espolios-municipais\/metrologia-e-afericao\/","title":{"rendered":"(Portugu\u00eas) Metrologia e Aferi\u00e7\u00e3o"},"content":{"rendered":"","protected":false},"excerpt":{"rendered":"","protected":false},"author":71,"featured_media":0,"parent":12459,"menu_order":3,"comment_status":"closed","ping_status":"closed","template":"","meta":{"_acf_changed":false,"footnotes":""},"categories":[],"class_list":["post-12465","page","type-page","status-publish","hentry"],"acf":[],"_links":{"self":[{"href":"https:\/\/www.cm-evora.pt\/culturaepatrimonio\/en\/wp-json\/wp\/v2\/pages\/12465","targetHints":{"allow":["GET"]}}],"collection":[{"href":"https:\/\/www.cm-evora.pt\/culturaepatrimonio\/en\/wp-json\/wp\/v2\/pages"}],"about":[{"href":"https:\/\/www.cm-evora.pt\/culturaepatrimonio\/en\/wp-json\/wp\/v2\/types\/page"}],"author":[{"embeddable":true,"href":"https:\/\/www.cm-evora.pt\/culturaepatrimonio\/en\/wp-json\/wp\/v2\/users\/71"}],"replies":[{"embeddable":true,"href":"https:\/\/www.cm-evora.pt\/culturaepatrimonio\/en\/wp-json\/wp\/v2\/comments?post=12465"}],"version-history":[{"count":1,"href":"https:\/\/www.cm-evora.pt\/culturaepatrimonio\/en\/wp-json\/wp\/v2\/pages\/12465\/revisions"}],"predecessor-version":[{"id":12466,"href":"https:\/\/www.cm-evora.pt\/culturaepatrimonio\/en\/wp-json\/wp\/v2\/pages\/12465\/revisions\/12466"}],"up":[{"embeddable":true,"href":"https:\/\/www.cm-evora.pt\/culturaepatrimonio\/en\/wp-json\/wp\/v2\/pages\/12459"}],"wp:attachment":[{"href":"https:\/\/www.cm-evora.pt\/culturaepatrimonio\/en\/wp-json\/wp\/v2\/media?parent=12465"}],"wp:term":[{"taxonomy":"category","embeddable":true,"href":"https:\/\/www.cm-evora.pt\/culturaepatrimonio\/en\/wp-json\/wp\/v2\/categories?post=12465"}],"curies":[{"name":"wp","href":"https:\/\/api.w.org\/{rel}","templated":true}]}}