{"id":12500,"date":"2023-03-22T17:07:51","date_gmt":"2023-03-22T17:07:51","guid":{"rendered":"https:\/\/www.cm-evora.pt\/culturaepatrimonio\/?page_id=12500"},"modified":"2023-03-30T14:05:01","modified_gmt":"2023-03-30T14:05:01","slug":"classificacao","status":"publish","type":"page","link":"https:\/\/www.cm-evora.pt\/culturaepatrimonio\/en\/cultura-e-patrimonio\/centro-historico\/unesco\/classificacao\/","title":{"rendered":"(Portugu\u00eas) Classifica\u00e7\u00e3o"},"content":{"rendered":"<p class=\"qtranxs-available-languages-message qtranxs-available-languages-message-en\">Sorry, this entry is only available in <a href=\"https:\/\/www.cm-evora.pt\/culturaepatrimonio\/pt\/wp-json\/wp\/v2\/pages\/12500\" class=\"qtranxs-available-language-link qtranxs-available-language-link-pt\" title=\"Portugu\u00eas\">Portugu\u00eas<\/a>.<\/p>","protected":false},"excerpt":{"rendered":"<p>Sorry, this entry is only available in Portugu\u00eas.<\/p>\n","protected":false},"author":71,"featured_media":0,"parent":149,"menu_order":0,"comment_status":"closed","ping_status":"closed","template":"templates-map\/component-text-layout1.php","meta":{"_acf_changed":false,"footnotes":""},"categories":[],"class_list":["post-12500","page","type-page","status-publish","hentry"],"acf":[],"_links":{"self":[{"href":"https:\/\/www.cm-evora.pt\/culturaepatrimonio\/en\/wp-json\/wp\/v2\/pages\/12500","targetHints":{"allow":["GET"]}}],"collection":[{"href":"https:\/\/www.cm-evora.pt\/culturaepatrimonio\/en\/wp-json\/wp\/v2\/pages"}],"about":[{"href":"https:\/\/www.cm-evora.pt\/culturaepatrimonio\/en\/wp-json\/wp\/v2\/types\/page"}],"author":[{"embeddable":true,"href":"https:\/\/www.cm-evora.pt\/culturaepatrimonio\/en\/wp-json\/wp\/v2\/users\/71"}],"replies":[{"embeddable":true,"href":"https:\/\/www.cm-evora.pt\/culturaepatrimonio\/en\/wp-json\/wp\/v2\/comments?post=12500"}],"version-history":[{"count":13,"href":"https:\/\/www.cm-evora.pt\/culturaepatrimonio\/en\/wp-json\/wp\/v2\/pages\/12500\/revisions"}],"predecessor-version":[{"id":12569,"href":"https:\/\/www.cm-evora.pt\/culturaepatrimonio\/en\/wp-json\/wp\/v2\/pages\/12500\/revisions\/12569"}],"up":[{"embeddable":true,"href":"https:\/\/www.cm-evora.pt\/culturaepatrimonio\/en\/wp-json\/wp\/v2\/pages\/149"}],"wp:attachment":[{"href":"https:\/\/www.cm-evora.pt\/culturaepatrimonio\/en\/wp-json\/wp\/v2\/media?parent=12500"}],"wp:term":[{"taxonomy":"category","embeddable":true,"href":"https:\/\/www.cm-evora.pt\/culturaepatrimonio\/en\/wp-json\/wp\/v2\/categories?post=12500"}],"curies":[{"name":"wp","href":"https:\/\/api.w.org\/{rel}","templated":true}]}}