{"id":12951,"date":"2023-10-23T08:51:41","date_gmt":"2023-10-23T08:51:41","guid":{"rendered":"https:\/\/www.cm-evora.pt\/culturaepatrimonio\/?page_id=12951"},"modified":"2023-10-23T16:33:12","modified_gmt":"2023-10-23T16:33:12","slug":"janeiras-6-de-janeiro-7-edicoes","status":"publish","type":"page","link":"https:\/\/www.cm-evora.pt\/culturaepatrimonio\/en\/cultura-e-patrimonio\/accao-cultural\/janeiras-6-de-janeiro-7-edicoes\/","title":{"rendered":"(Portugu\u00eas) Janeiras &#8211; 6 de Janeiro | 7 edi\u00e7\u00f5es"},"content":{"rendered":"<p class=\"qtranxs-available-languages-message qtranxs-available-languages-message-en\">Sorry, this entry is only available in <a href=\"https:\/\/www.cm-evora.pt\/culturaepatrimonio\/pt\/wp-json\/wp\/v2\/pages\/12951\" class=\"qtranxs-available-language-link qtranxs-available-language-link-pt\" title=\"Portugu\u00eas\">Portugu\u00eas<\/a>.<\/p>","protected":false},"excerpt":{"rendered":"<p>Sorry, this entry is only available in Portugu\u00eas.<\/p>\n","protected":false},"author":71,"featured_media":0,"parent":15,"menu_order":0,"comment_status":"closed","ping_status":"closed","template":"templates-map\/component-newsletter-unsubscribe-layout1.php","meta":{"_acf_changed":false,"footnotes":""},"categories":[],"class_list":["post-12951","page","type-page","status-publish","hentry"],"acf":[],"_links":{"self":[{"href":"https:\/\/www.cm-evora.pt\/culturaepatrimonio\/en\/wp-json\/wp\/v2\/pages\/12951","targetHints":{"allow":["GET"]}}],"collection":[{"href":"https:\/\/www.cm-evora.pt\/culturaepatrimonio\/en\/wp-json\/wp\/v2\/pages"}],"about":[{"href":"https:\/\/www.cm-evora.pt\/culturaepatrimonio\/en\/wp-json\/wp\/v2\/types\/page"}],"author":[{"embeddable":true,"href":"https:\/\/www.cm-evora.pt\/culturaepatrimonio\/en\/wp-json\/wp\/v2\/users\/71"}],"replies":[{"embeddable":true,"href":"https:\/\/www.cm-evora.pt\/culturaepatrimonio\/en\/wp-json\/wp\/v2\/comments?post=12951"}],"version-history":[{"count":7,"href":"https:\/\/www.cm-evora.pt\/culturaepatrimonio\/en\/wp-json\/wp\/v2\/pages\/12951\/revisions"}],"predecessor-version":[{"id":13012,"href":"https:\/\/www.cm-evora.pt\/culturaepatrimonio\/en\/wp-json\/wp\/v2\/pages\/12951\/revisions\/13012"}],"up":[{"embeddable":true,"href":"https:\/\/www.cm-evora.pt\/culturaepatrimonio\/en\/wp-json\/wp\/v2\/pages\/15"}],"wp:attachment":[{"href":"https:\/\/www.cm-evora.pt\/culturaepatrimonio\/en\/wp-json\/wp\/v2\/media?parent=12951"}],"wp:term":[{"taxonomy":"category","embeddable":true,"href":"https:\/\/www.cm-evora.pt\/culturaepatrimonio\/en\/wp-json\/wp\/v2\/categories?post=12951"}],"curies":[{"name":"wp","href":"https:\/\/api.w.org\/{rel}","templated":true}]}}