{"id":12391,"date":"2023-03-22T15:02:04","date_gmt":"2023-03-22T15:02:04","guid":{"rendered":"https:\/\/www.cm-evora.pt\/culturaepatrimonio\/?page_id=12391"},"modified":"2023-10-23T16:30:57","modified_gmt":"2023-10-23T16:30:57","slug":"feira-do-livro","status":"publish","type":"page","link":"https:\/\/www.cm-evora.pt\/culturaepatrimonio\/cultura-e-patrimonio\/accao-cultural\/feira-do-livro\/","title":{"rendered":"Feira do Livro"},"content":{"rendered":"<p><\/p>\n<div><img decoding=\"async\" class=\"alignnone size-full wp-image-12960\" src=\"https:\/\/www.cm-evora.pt\/culturaepatrimonio\/wp-content\/uploads\/sites\/8\/2023\/10\/feiradolivro_2023.jpeg\" alt=\"\" width=\"70%\" height=\"auto\" srcset=\"https:\/\/www.cm-evora.pt\/culturaepatrimonio\/wp-content\/uploads\/sites\/8\/2023\/10\/feiradolivro_2023.jpeg 905w, https:\/\/www.cm-evora.pt\/culturaepatrimonio\/wp-content\/uploads\/sites\/8\/2023\/10\/feiradolivro_2023-212x300.jpeg 212w, https:\/\/www.cm-evora.pt\/culturaepatrimonio\/wp-content\/uploads\/sites\/8\/2023\/10\/feiradolivro_2023-724x1024.jpeg 724w, https:\/\/www.cm-evora.pt\/culturaepatrimonio\/wp-content\/uploads\/sites\/8\/2023\/10\/feiradolivro_2023-768x1086.jpeg 768w\" sizes=\"(max-width: 905px) 100vw, 905px\" \/><\/div>\n<p>&nbsp;<\/p>\n<div>\n<p style=\"text-align: justify\"><b>FEIRA DO LIVRO<\/b> 2 edi\u00e7\u00f5es<\/p>\n<p style=\"text-align: justify\">&#8211; 16 a 25 de abril 2022<\/p>\n<p style=\"text-align: justify\">&#8211; 15 a 25 de abril 2023<\/p>\n<p style=\"text-align: justify\">A programa\u00e7\u00e3o da Feira do Livro de \u00c9vora centra-se na promo\u00e7\u00e3o do livro e da leitura e prop\u00f5e apresenta\u00e7\u00f5es de obras com a presen\u00e7a dos autores, exposi\u00e7\u00f5es, leituras encenadas, uma maratona de leitura, sess\u00f5es de hist\u00f3rias e de poesia, oficinas de ilustra\u00e7\u00e3o e de escrita, confer\u00eancias, conversas, visitas guiadas e momentos de anima\u00e7\u00e3o musical e teatral, estes inspirados na literatura.<\/p>\n<p><a href=\"https:\/\/www.cm-evora.pt\/ja-abriu-a-feira-do-livro-de-evora-2023\/\" target=\"_blank\" rel=\"noopener\">https:\/\/www.cm-evora.pt\/ja-abriu-a-feira-do-livro-de-evora-2023\/<\/a><\/p>\n<\/div>\n<p>&nbsp;<\/p>\n<div>\n<p><a href=\"https:\/\/www.cm-evora.pt\/culturaepatrimonio\/cultura-e-patrimonio\/accao-cultural\/ciclos-culturais-municipais\/\"><img decoding=\"async\" class=\"alignnone size-full wp-image-12864\" src=\"https:\/\/www.cm-evora.pt\/culturaepatrimonio\/wp-content\/uploads\/sites\/8\/2023\/10\/voltar.jpg\" alt=\"\" width=\"15%\" height=\"auto\" srcset=\"https:\/\/www.cm-evora.pt\/culturaepatrimonio\/wp-content\/uploads\/sites\/8\/2023\/10\/voltar.jpg 2169w, https:\/\/www.cm-evora.pt\/culturaepatrimonio\/wp-content\/uploads\/sites\/8\/2023\/10\/voltar-300x129.jpg 300w, https:\/\/www.cm-evora.pt\/culturaepatrimonio\/wp-content\/uploads\/sites\/8\/2023\/10\/voltar-1024x442.jpg 1024w, https:\/\/www.cm-evora.pt\/culturaepatrimonio\/wp-content\/uploads\/sites\/8\/2023\/10\/voltar-768x331.jpg 768w, https:\/\/www.cm-evora.pt\/culturaepatrimonio\/wp-content\/uploads\/sites\/8\/2023\/10\/voltar-1536x663.jpg 1536w, https:\/\/www.cm-evora.pt\/culturaepatrimonio\/wp-content\/uploads\/sites\/8\/2023\/10\/voltar-2048x884.jpg 2048w, https:\/\/www.cm-evora.pt\/culturaepatrimonio\/wp-content\/uploads\/sites\/8\/2023\/10\/voltar-1320x570.jpg 1320w\" sizes=\"(max-width: 2169px) 100vw, 2169px\" \/><\/a><\/p>\n<\/div>\n<p><\/p>","protected":false},"excerpt":{"rendered":"<p>&nbsp; FEIRA DO LIVRO 2 edi\u00e7\u00f5es &#8211; 16 a 25 de abril 2022 &#8211; 15 a 25 de abril 2023 A programa\u00e7\u00e3o da Feira do Livro de \u00c9vora centra-se na promo\u00e7\u00e3o do livro e da leitura e prop\u00f5e apresenta\u00e7\u00f5es de obras com a presen\u00e7a dos autores, exposi\u00e7\u00f5es, leituras encenadas, uma maratona de leitura, sess\u00f5es de [&hellip;]<\/p>\n","protected":false},"author":71,"featured_media":0,"parent":15,"menu_order":2,"comment_status":"closed","ping_status":"closed","template":"templates-map\/component-newsletter-unsubscribe-layout1.php","meta":{"_acf_changed":false,"footnotes":""},"categories":[],"class_list":["post-12391","page","type-page","status-publish","hentry"],"acf":[],"_links":{"self":[{"href":"https:\/\/www.cm-evora.pt\/culturaepatrimonio\/wp-json\/wp\/v2\/pages\/12391","targetHints":{"allow":["GET"]}}],"collection":[{"href":"https:\/\/www.cm-evora.pt\/culturaepatrimonio\/wp-json\/wp\/v2\/pages"}],"about":[{"href":"https:\/\/www.cm-evora.pt\/culturaepatrimonio\/wp-json\/wp\/v2\/types\/page"}],"author":[{"embeddable":true,"href":"https:\/\/www.cm-evora.pt\/culturaepatrimonio\/wp-json\/wp\/v2\/users\/71"}],"replies":[{"embeddable":true,"href":"https:\/\/www.cm-evora.pt\/culturaepatrimonio\/wp-json\/wp\/v2\/comments?post=12391"}],"version-history":[{"count":10,"href":"https:\/\/www.cm-evora.pt\/culturaepatrimonio\/wp-json\/wp\/v2\/pages\/12391\/revisions"}],"predecessor-version":[{"id":13010,"href":"https:\/\/www.cm-evora.pt\/culturaepatrimonio\/wp-json\/wp\/v2\/pages\/12391\/revisions\/13010"}],"up":[{"embeddable":true,"href":"https:\/\/www.cm-evora.pt\/culturaepatrimonio\/wp-json\/wp\/v2\/pages\/15"}],"wp:attachment":[{"href":"https:\/\/www.cm-evora.pt\/culturaepatrimonio\/wp-json\/wp\/v2\/media?parent=12391"}],"wp:term":[{"taxonomy":"category","embeddable":true,"href":"https:\/\/www.cm-evora.pt\/culturaepatrimonio\/wp-json\/wp\/v2\/categories?post=12391"}],"curies":[{"name":"wp","href":"https:\/\/api.w.org\/{rel}","templated":true}]}}