{"id":12394,"date":"2023-03-22T15:05:17","date_gmt":"2023-03-22T15:05:17","guid":{"rendered":"https:\/\/www.cm-evora.pt\/culturaepatrimonio\/?page_id=12394"},"modified":"2023-10-24T09:25:20","modified_gmt":"2023-10-24T09:25:20","slug":"salas-de-espetaculos-e-acolhimentos","status":"publish","type":"page","link":"https:\/\/www.cm-evora.pt\/culturaepatrimonio\/cultura-e-patrimonio\/accao-cultural\/rede-de-equipamentos-culturais-municipais\/salas-de-espetaculos-e-acolhimentos\/","title":{"rendered":"Salas de Espet\u00e1culos e Acolhimentos"},"content":{"rendered":"<p><\/p>\n<div>\n<p><a href=\"https:\/\/www.cm-evora.pt\/culturaepatrimonio\/wp-content\/uploads\/sites\/8\/2023\/10\/Espetaculos_acolhimentos.jpg\"><img decoding=\"async\" class=\"alignnone size-full wp-image-12815\" src=\"https:\/\/www.cm-evora.pt\/culturaepatrimonio\/wp-content\/uploads\/sites\/8\/2023\/10\/Espetaculos_acolhimentos.jpg\" alt=\"\" width=\"100%\" height=\"362px\" srcset=\"https:\/\/www.cm-evora.pt\/culturaepatrimonio\/wp-content\/uploads\/sites\/8\/2023\/10\/Espetaculos_acolhimentos.jpg 639w, https:\/\/www.cm-evora.pt\/culturaepatrimonio\/wp-content\/uploads\/sites\/8\/2023\/10\/Espetaculos_acolhimentos-300x170.jpg 300w\" sizes=\"(max-width: 639px) 100vw, 639px\" \/><\/a>&nbsp;<\/p>\n<p style=\"text-align: justify\">O concelho de \u00c9vora encontra-se dotado de diversificados equipamentos culturais. Espa\u00e7os como o Teatro Garcia de Resende, o Pal\u00e1cio D. Manuel, a Igreja de S\u00e3o Vicente ou o Convento dos Rem\u00e9dios, entre outros, oferecem uma programa\u00e7\u00e3o regular de qualidade com atividades e espet\u00e1culos das mais variadas express\u00f5es art\u00edsticas, por forma a construir h\u00e1bitos de consumo de bens culturais junto da popula\u00e7\u00e3o.<\/p>\n<p style=\"text-align: justify\">Estes espa\u00e7os t\u00eam uma fun\u00e7\u00e3o fundamental na intera\u00e7\u00e3o entre as diversas manifesta\u00e7\u00f5es culturais e a capta\u00e7\u00e3o e fideliza\u00e7\u00e3o de p\u00fablicos.<\/p>\n<\/div>\n<p>&nbsp;<\/p>\n<div style=\"max-width: 100%;float: left\">\n<div class=\"out_wrap3\"><a href=\"https:\/\/www.cm-evora.pt\/culturaepatrimonio\/cultura-e-patrimonio\/accao-cultural\/rede-de-equipamentos-culturais-municipais\/trg\/\"><img decoding=\"async\" class=\"alignnone1 wp-image-12794\" src=\"https:\/\/www.cm-evora.pt\/culturaepatrimonio\/wp-content\/uploads\/sites\/8\/2023\/10\/TGR2.jpg\" alt=\"\" width=\"95%\" height=\"auto\" \/><\/a><\/div>\n<div class=\"out_wrap3\"><a href=\"https:\/\/www.cm-evora.pt\/culturaepatrimonio\/cultura-e-patrimonio\/accao-cultural\/rede-de-equipamentos-culturais-municipais\/salao-central\/\"><img decoding=\"async\" class=\"alignnone1 wp-image-12872\" src=\"https:\/\/www.cm-evora.pt\/culturaepatrimonio\/wp-content\/uploads\/sites\/8\/2023\/10\/Salao_central2.jpg\" alt=\"\" width=\"95%\" height=\"auto\" srcset=\"https:\/\/www.cm-evora.pt\/culturaepatrimonio\/wp-content\/uploads\/sites\/8\/2023\/10\/Salao_central2.jpg 737w, https:\/\/www.cm-evora.pt\/culturaepatrimonio\/wp-content\/uploads\/sites\/8\/2023\/10\/Salao_central2-300x285.jpg 300w\" sizes=\"(max-width: 737px) 100vw, 737px\" \/><\/a><\/div>\n<div class=\"out_wrap3\"><a href=\"https:\/\/www.cm-evora.pt\/culturaepatrimonio\/cultura-e-patrimonio\/accao-cultural\/rede-de-equipamentos-culturais-municipais\/arena-de-evora\/\"><img decoding=\"async\" class=\"alignnone1 wp-image-12886\" src=\"https:\/\/www.cm-evora.pt\/culturaepatrimonio\/wp-content\/uploads\/sites\/8\/2023\/10\/arena3.jpg\" alt=\"\" width=\"95%\" height=\"auto\" srcset=\"https:\/\/www.cm-evora.pt\/culturaepatrimonio\/wp-content\/uploads\/sites\/8\/2023\/10\/arena3.jpg 737w, https:\/\/www.cm-evora.pt\/culturaepatrimonio\/wp-content\/uploads\/sites\/8\/2023\/10\/arena3-300x285.jpg 300w\" sizes=\"(max-width: 737px) 100vw, 737px\" \/><\/a><\/div>\n<div class=\"out_wrap3\"><a href=\"https:\/\/www.cm-evora.pt\/culturaepatrimonio\/cultura-e-patrimonio\/accao-cultural\/rede-de-equipamentos-culturais-municipais\/isv\/\"><img decoding=\"async\" class=\"alignnone1 wp-image-12892\" src=\"https:\/\/www.cm-evora.pt\/culturaepatrimonio\/wp-content\/uploads\/sites\/8\/2023\/10\/igrajaSVicente3.jpg\" alt=\"\" width=\"95%\" height=\"auto\" srcset=\"https:\/\/www.cm-evora.pt\/culturaepatrimonio\/wp-content\/uploads\/sites\/8\/2023\/10\/igrajaSVicente3.jpg 737w, https:\/\/www.cm-evora.pt\/culturaepatrimonio\/wp-content\/uploads\/sites\/8\/2023\/10\/igrajaSVicente3-300x285.jpg 300w\" sizes=\"(max-width: 737px) 100vw, 737px\" \/><\/a><\/div>\n<div class=\"out_wrap3\"><a href=\"https:\/\/www.cm-evora.pt\/culturaepatrimonio\/cultura-e-patrimonio\/accao-cultural\/rede-de-equipamentos-culturais-municipais\/palacio-d-manuel\/\"><img decoding=\"async\" class=\"alignnone1 wp-image-12899\" src=\"https:\/\/www.cm-evora.pt\/culturaepatrimonio\/wp-content\/uploads\/sites\/8\/2023\/10\/PDManuel3.jpg\" alt=\"\" width=\"95%\" height=\"auto\" srcset=\"https:\/\/www.cm-evora.pt\/culturaepatrimonio\/wp-content\/uploads\/sites\/8\/2023\/10\/PDManuel3.jpg 737w, https:\/\/www.cm-evora.pt\/culturaepatrimonio\/wp-content\/uploads\/sites\/8\/2023\/10\/PDManuel3-300x285.jpg 300w\" sizes=\"(max-width: 737px) 100vw, 737px\" \/><\/a><\/div>\n<div class=\"out_wrap3\"><a href=\"https:\/\/www.cm-evora.pt\/culturaepatrimonio\/cultura-e-patrimonio\/accao-cultural\/rede-de-equipamentos-culturais-municipais\/convento-dos-remedios\/\"><img decoding=\"async\" class=\"alignnone1 wp-image-12903\" src=\"https:\/\/www.cm-evora.pt\/culturaepatrimonio\/wp-content\/uploads\/sites\/8\/2023\/10\/conventoRemedios3.jpg\" alt=\"\" width=\"95%\" height=\"auto\" srcset=\"https:\/\/www.cm-evora.pt\/culturaepatrimonio\/wp-content\/uploads\/sites\/8\/2023\/10\/conventoRemedios3.jpg 737w, https:\/\/www.cm-evora.pt\/culturaepatrimonio\/wp-content\/uploads\/sites\/8\/2023\/10\/conventoRemedios3-300x285.jpg 300w\" sizes=\"(max-width: 737px) 100vw, 737px\" \/><\/a><\/div>\n<\/div>\n<p>&nbsp;&nbsp;&nbsp;<br \/>\n<a href=\"https:\/\/www.cm-evora.pt\/culturaepatrimonio\/cultura-e-patrimonio\/accao-cultural\/politicas-culturais-municipais\/estrategia-cultural\/\"><img decoding=\"async\" class=\"alignnone size-full wp-image-12864\" src=\"https:\/\/www.cm-evora.pt\/culturaepatrimonio\/wp-content\/uploads\/sites\/8\/2023\/10\/voltar.jpg\" alt=\"\" width=\"15%\" height=\"auto\" srcset=\"https:\/\/www.cm-evora.pt\/culturaepatrimonio\/wp-content\/uploads\/sites\/8\/2023\/10\/voltar.jpg 2169w, https:\/\/www.cm-evora.pt\/culturaepatrimonio\/wp-content\/uploads\/sites\/8\/2023\/10\/voltar-300x129.jpg 300w, https:\/\/www.cm-evora.pt\/culturaepatrimonio\/wp-content\/uploads\/sites\/8\/2023\/10\/voltar-1024x442.jpg 1024w, https:\/\/www.cm-evora.pt\/culturaepatrimonio\/wp-content\/uploads\/sites\/8\/2023\/10\/voltar-768x331.jpg 768w, https:\/\/www.cm-evora.pt\/culturaepatrimonio\/wp-content\/uploads\/sites\/8\/2023\/10\/voltar-1536x663.jpg 1536w, https:\/\/www.cm-evora.pt\/culturaepatrimonio\/wp-content\/uploads\/sites\/8\/2023\/10\/voltar-2048x884.jpg 2048w, https:\/\/www.cm-evora.pt\/culturaepatrimonio\/wp-content\/uploads\/sites\/8\/2023\/10\/voltar-1320x570.jpg 1320w\" sizes=\"(max-width: 2169px) 100vw, 2169px\" \/><\/a><\/p>","protected":false},"excerpt":{"rendered":"<p>&nbsp; O concelho de \u00c9vora encontra-se dotado de diversificados equipamentos culturais. Espa\u00e7os como o Teatro Garcia de Resende, o Pal\u00e1cio D. Manuel, a Igreja de S\u00e3o Vicente ou o Convento dos Rem\u00e9dios, entre outros, oferecem uma programa\u00e7\u00e3o regular de qualidade com atividades e espet\u00e1culos das mais variadas express\u00f5es art\u00edsticas, por forma a construir h\u00e1bitos de [&hellip;]<\/p>\n","protected":false},"author":71,"featured_media":0,"parent":12251,"menu_order":2,"comment_status":"closed","ping_status":"closed","template":"templates-map\/component-newsletter-unsubscribe-layout1.php","meta":{"_acf_changed":false,"footnotes":""},"categories":[],"class_list":["post-12394","page","type-page","status-publish","hentry"],"acf":[],"_links":{"self":[{"href":"https:\/\/www.cm-evora.pt\/culturaepatrimonio\/wp-json\/wp\/v2\/pages\/12394","targetHints":{"allow":["GET"]}}],"collection":[{"href":"https:\/\/www.cm-evora.pt\/culturaepatrimonio\/wp-json\/wp\/v2\/pages"}],"about":[{"href":"https:\/\/www.cm-evora.pt\/culturaepatrimonio\/wp-json\/wp\/v2\/types\/page"}],"author":[{"embeddable":true,"href":"https:\/\/www.cm-evora.pt\/culturaepatrimonio\/wp-json\/wp\/v2\/users\/71"}],"replies":[{"embeddable":true,"href":"https:\/\/www.cm-evora.pt\/culturaepatrimonio\/wp-json\/wp\/v2\/comments?post=12394"}],"version-history":[{"count":47,"href":"https:\/\/www.cm-evora.pt\/culturaepatrimonio\/wp-json\/wp\/v2\/pages\/12394\/revisions"}],"predecessor-version":[{"id":13020,"href":"https:\/\/www.cm-evora.pt\/culturaepatrimonio\/wp-json\/wp\/v2\/pages\/12394\/revisions\/13020"}],"up":[{"embeddable":true,"href":"https:\/\/www.cm-evora.pt\/culturaepatrimonio\/wp-json\/wp\/v2\/pages\/12251"}],"wp:attachment":[{"href":"https:\/\/www.cm-evora.pt\/culturaepatrimonio\/wp-json\/wp\/v2\/media?parent=12394"}],"wp:term":[{"taxonomy":"category","embeddable":true,"href":"https:\/\/www.cm-evora.pt\/culturaepatrimonio\/wp-json\/wp\/v2\/categories?post=12394"}],"curies":[{"name":"wp","href":"https:\/\/api.w.org\/{rel}","templated":true}]}}