{"id":12404,"date":"2023-03-22T15:09:06","date_gmt":"2023-03-22T15:09:06","guid":{"rendered":"https:\/\/www.cm-evora.pt\/culturaepatrimonio\/?page_id=12404"},"modified":"2023-10-24T09:42:32","modified_gmt":"2023-10-24T09:42:32","slug":"arena-de-evora","status":"publish","type":"page","link":"https:\/\/www.cm-evora.pt\/culturaepatrimonio\/cultura-e-patrimonio\/accao-cultural\/rede-de-equipamentos-culturais-municipais\/arena-de-evora\/","title":{"rendered":"Arena de \u00c9vora"},"content":{"rendered":"<p><\/p>\n<div><img decoding=\"async\" class=\"alignnone size-full wp-image-12887\" src=\"https:\/\/www.cm-evora.pt\/culturaepatrimonio\/wp-content\/uploads\/sites\/8\/2023\/10\/arena2.jpg\" alt=\"\" width=\"100%\" height=\"362px\" srcset=\"https:\/\/www.cm-evora.pt\/culturaepatrimonio\/wp-content\/uploads\/sites\/8\/2023\/10\/arena2.jpg 639w, https:\/\/www.cm-evora.pt\/culturaepatrimonio\/wp-content\/uploads\/sites\/8\/2023\/10\/arena2-300x170.jpg 300w\" sizes=\"(max-width: 639px) 100vw, 639px\" \/><\/p>\n<p style=\"text-align: justify\">A Pra\u00e7a de Touros de \u00c9vora foi inaugurada em 19\/05\/1889, na presen\u00e7a do rei D. Lu\u00eds e da sua corte, e a sua constru\u00e7\u00e3o deveu-se ao empenho de Ant\u00f3nio Torres Vaz Freire. O grande propriet\u00e1rio alentejano, falecido em 1973, constituiu uma Sociedade com essa finalidade, adquirindo posteriormente a totalidade das quotas. A sua explora\u00e7\u00e3o foi mais tarde cedida \u00e0 Tert\u00falia Taurom\u00e1quica Alentejana.<\/p>\n<p style=\"text-align: justify\">Considerada durante alguns anos a melhor do pa\u00eds, foi concebida para 5000 aficionados e chegou a colher, na sua \u00e9poca de ouro, os nomes mais importantes do toureio em Portugal, mas o ciclo de decad\u00eancia foi-se acentuando, passando a ser utilizada apenas uma vez por ano, durante as festas tradicionais de S. Jo\u00e3o e S. Pedro.<\/p>\n<p style=\"text-align: justify\">Em anos mais recentes, a C\u00e2mara de \u00c9vora procedeu a obras de remodela\u00e7\u00e3o da Pra\u00e7a, segundo projeto do Arquiteto Carlos Guedes de Amorim, transformando-a num Pavilh\u00e3o multiusos, designado ARENA D\u2019EVORA, e inaugurado em 2007.<\/p>\n<p style=\"text-align: justify\">Hor\u00e1rio de Funcionamento: 09h30-13h00 e 14h00-16h00;<\/p>\n<p style=\"text-align: justify\">Localiza\u00e7\u00e3o: Av. Gen. Humberto Delgado, 7005-158 \u00c9vora<\/p>\n<\/div>\n<p>&nbsp;<\/p>\n<div>\n<p><a href=\"https:\/\/www.cm-evora.pt\/culturaepatrimonio\/cultura-e-patrimonio\/accao-cultural\/rede-de-equipamentos-culturais-municipais\/salas-de-espetaculos-e-acolhimentos\/\"><img decoding=\"async\" class=\"alignnone size-full wp-image-12864\" src=\"https:\/\/www.cm-evora.pt\/culturaepatrimonio\/wp-content\/uploads\/sites\/8\/2023\/10\/voltar.jpg\" alt=\"\" width=\"15%\" height=\"auto\" srcset=\"https:\/\/www.cm-evora.pt\/culturaepatrimonio\/wp-content\/uploads\/sites\/8\/2023\/10\/voltar.jpg 2169w, https:\/\/www.cm-evora.pt\/culturaepatrimonio\/wp-content\/uploads\/sites\/8\/2023\/10\/voltar-300x129.jpg 300w, https:\/\/www.cm-evora.pt\/culturaepatrimonio\/wp-content\/uploads\/sites\/8\/2023\/10\/voltar-1024x442.jpg 1024w, https:\/\/www.cm-evora.pt\/culturaepatrimonio\/wp-content\/uploads\/sites\/8\/2023\/10\/voltar-768x331.jpg 768w, https:\/\/www.cm-evora.pt\/culturaepatrimonio\/wp-content\/uploads\/sites\/8\/2023\/10\/voltar-1536x663.jpg 1536w, https:\/\/www.cm-evora.pt\/culturaepatrimonio\/wp-content\/uploads\/sites\/8\/2023\/10\/voltar-2048x884.jpg 2048w, https:\/\/www.cm-evora.pt\/culturaepatrimonio\/wp-content\/uploads\/sites\/8\/2023\/10\/voltar-1320x570.jpg 1320w\" sizes=\"(max-width: 2169px) 100vw, 2169px\" \/><\/a><\/p>\n<\/div>\n<p><\/p>","protected":false},"excerpt":{"rendered":"<p>A Pra\u00e7a de Touros de \u00c9vora foi inaugurada em 19\/05\/1889, na presen\u00e7a do rei D. Lu\u00eds e da sua corte, e a sua constru\u00e7\u00e3o deveu-se ao empenho de Ant\u00f3nio Torres Vaz Freire. O grande propriet\u00e1rio alentejano, falecido em 1973, constituiu uma Sociedade com essa finalidade, adquirindo posteriormente a totalidade das quotas. A sua explora\u00e7\u00e3o foi [&hellip;]<\/p>\n","protected":false},"author":71,"featured_media":0,"parent":12251,"menu_order":0,"comment_status":"closed","ping_status":"closed","template":"templates-map\/component-newsletter-unsubscribe-layout1.php","meta":{"_acf_changed":false,"footnotes":""},"categories":[],"class_list":["post-12404","page","type-page","status-publish","hentry"],"acf":[],"_links":{"self":[{"href":"https:\/\/www.cm-evora.pt\/culturaepatrimonio\/wp-json\/wp\/v2\/pages\/12404","targetHints":{"allow":["GET"]}}],"collection":[{"href":"https:\/\/www.cm-evora.pt\/culturaepatrimonio\/wp-json\/wp\/v2\/pages"}],"about":[{"href":"https:\/\/www.cm-evora.pt\/culturaepatrimonio\/wp-json\/wp\/v2\/types\/page"}],"author":[{"embeddable":true,"href":"https:\/\/www.cm-evora.pt\/culturaepatrimonio\/wp-json\/wp\/v2\/users\/71"}],"replies":[{"embeddable":true,"href":"https:\/\/www.cm-evora.pt\/culturaepatrimonio\/wp-json\/wp\/v2\/comments?post=12404"}],"version-history":[{"count":8,"href":"https:\/\/www.cm-evora.pt\/culturaepatrimonio\/wp-json\/wp\/v2\/pages\/12404\/revisions"}],"predecessor-version":[{"id":13028,"href":"https:\/\/www.cm-evora.pt\/culturaepatrimonio\/wp-json\/wp\/v2\/pages\/12404\/revisions\/13028"}],"up":[{"embeddable":true,"href":"https:\/\/www.cm-evora.pt\/culturaepatrimonio\/wp-json\/wp\/v2\/pages\/12251"}],"wp:attachment":[{"href":"https:\/\/www.cm-evora.pt\/culturaepatrimonio\/wp-json\/wp\/v2\/media?parent=12404"}],"wp:term":[{"taxonomy":"category","embeddable":true,"href":"https:\/\/www.cm-evora.pt\/culturaepatrimonio\/wp-json\/wp\/v2\/categories?post=12404"}],"curies":[{"name":"wp","href":"https:\/\/api.w.org\/{rel}","templated":true}]}}