{"id":12406,"date":"2023-03-22T15:09:26","date_gmt":"2023-03-22T15:09:26","guid":{"rendered":"https:\/\/www.cm-evora.pt\/culturaepatrimonio\/?page_id=12406"},"modified":"2023-10-24T09:43:14","modified_gmt":"2023-10-24T09:43:14","slug":"isv","status":"publish","type":"page","link":"https:\/\/www.cm-evora.pt\/culturaepatrimonio\/cultura-e-patrimonio\/accao-cultural\/rede-de-equipamentos-culturais-municipais\/isv\/","title":{"rendered":"Igreja de S. Vicente"},"content":{"rendered":"<p><\/p>\n<div><img decoding=\"async\" class=\"alignnone size-full wp-image-12893\" src=\"https:\/\/www.cm-evora.pt\/culturaepatrimonio\/wp-content\/uploads\/sites\/8\/2023\/10\/igrajaSVicente2.jpg\" alt=\"\" width=\"100%\" height=\"362\" srcset=\"https:\/\/www.cm-evora.pt\/culturaepatrimonio\/wp-content\/uploads\/sites\/8\/2023\/10\/igrajaSVicente2.jpg 639w, https:\/\/www.cm-evora.pt\/culturaepatrimonio\/wp-content\/uploads\/sites\/8\/2023\/10\/igrajaSVicente2-300x170.jpg 300w\" sizes=\"(max-width: 639px) 100vw, 639px\" \/><\/p>\n<p style=\"text-align: justify\">O atual edif\u00edcio surgiu em 1560, em substitui\u00e7\u00e3o de anteriores orat\u00f3rios, e apresenta caracter\u00edsticas dentro do esp\u00edrito tridentino. O interior tem 3 naves divididas por robustos pilares gran\u00edticos, suportando uma c\u00fapula hemisf\u00e9rica, destacando-se o ret\u00e1bulo do altar-mor e a Capela de N.\u00aa Sr.\u00aa da Vit\u00f3ria.<\/p>\n<p style=\"text-align: justify\">A Mestre Andr\u00e9 de Resende se deve a divulga\u00e7\u00e3o da lenda dos M\u00e1rtires de \u00c9vora, os Santos Vicente, Sabina e Cristeta (titulares de \u00c1vila), m\u00e1rtires das persegui\u00e7\u00f5es romanas, considerados naturais de \u00c9vora. No presbit\u00e9rio existe uma pedra onde, segundo a tradi\u00e7\u00e3o, est\u00e1 inserida a marca de um p\u00e9 do m\u00e1rtir S. Vicente.<\/p>\n<p style=\"text-align: justify\">Na fachada existe tamb\u00e9m uma esta\u00e7\u00e3o da Via Sacra da Irmandade do Senhor Jesus dos Passos (de 1720, e reconstitu\u00edda neste local em 1856).<\/p>\n<p style=\"text-align: justify\">Este edif\u00edcio de elevado valor patrimonial, est\u00e1 neste momento destinado ao acolhimento de exposi\u00e7\u00f5es e outras atividades culturais.<\/p>\n<p style=\"text-align: justify\">Localiza\u00e7\u00e3o: Alc\u00e1rcova de Baixo 59, 7000-645 \u00c9vora<\/p>\n<\/div>\n<p>&nbsp;<\/p>\n<div>\n<p><a href=\"https:\/\/www.cm-evora.pt\/culturaepatrimonio\/cultura-e-patrimonio\/accao-cultural\/rede-de-equipamentos-culturais-municipais\/salas-de-espetaculos-e-acolhimentos\/\"><img decoding=\"async\" class=\"alignnone size-full wp-image-12864\" src=\"https:\/\/www.cm-evora.pt\/culturaepatrimonio\/wp-content\/uploads\/sites\/8\/2023\/10\/voltar.jpg\" alt=\"\" width=\"15%\" height=\"auto\" srcset=\"https:\/\/www.cm-evora.pt\/culturaepatrimonio\/wp-content\/uploads\/sites\/8\/2023\/10\/voltar.jpg 2169w, https:\/\/www.cm-evora.pt\/culturaepatrimonio\/wp-content\/uploads\/sites\/8\/2023\/10\/voltar-300x129.jpg 300w, https:\/\/www.cm-evora.pt\/culturaepatrimonio\/wp-content\/uploads\/sites\/8\/2023\/10\/voltar-1024x442.jpg 1024w, https:\/\/www.cm-evora.pt\/culturaepatrimonio\/wp-content\/uploads\/sites\/8\/2023\/10\/voltar-768x331.jpg 768w, https:\/\/www.cm-evora.pt\/culturaepatrimonio\/wp-content\/uploads\/sites\/8\/2023\/10\/voltar-1536x663.jpg 1536w, https:\/\/www.cm-evora.pt\/culturaepatrimonio\/wp-content\/uploads\/sites\/8\/2023\/10\/voltar-2048x884.jpg 2048w, https:\/\/www.cm-evora.pt\/culturaepatrimonio\/wp-content\/uploads\/sites\/8\/2023\/10\/voltar-1320x570.jpg 1320w\" sizes=\"(max-width: 2169px) 100vw, 2169px\" \/><\/a><\/p>\n<\/div>\n<p><\/p>","protected":false},"excerpt":{"rendered":"<p>O atual edif\u00edcio surgiu em 1560, em substitui\u00e7\u00e3o de anteriores orat\u00f3rios, e apresenta caracter\u00edsticas dentro do esp\u00edrito tridentino. O interior tem 3 naves divididas por robustos pilares gran\u00edticos, suportando uma c\u00fapula hemisf\u00e9rica, destacando-se o ret\u00e1bulo do altar-mor e a Capela de N.\u00aa Sr.\u00aa da Vit\u00f3ria. A Mestre Andr\u00e9 de Resende se deve a divulga\u00e7\u00e3o da [&hellip;]<\/p>\n","protected":false},"author":71,"featured_media":0,"parent":12251,"menu_order":0,"comment_status":"closed","ping_status":"closed","template":"templates-map\/component-newsletter-unsubscribe-layout1.php","meta":{"_acf_changed":false,"footnotes":""},"categories":[],"class_list":["post-12406","page","type-page","status-publish","hentry"],"acf":[],"_links":{"self":[{"href":"https:\/\/www.cm-evora.pt\/culturaepatrimonio\/wp-json\/wp\/v2\/pages\/12406","targetHints":{"allow":["GET"]}}],"collection":[{"href":"https:\/\/www.cm-evora.pt\/culturaepatrimonio\/wp-json\/wp\/v2\/pages"}],"about":[{"href":"https:\/\/www.cm-evora.pt\/culturaepatrimonio\/wp-json\/wp\/v2\/types\/page"}],"author":[{"embeddable":true,"href":"https:\/\/www.cm-evora.pt\/culturaepatrimonio\/wp-json\/wp\/v2\/users\/71"}],"replies":[{"embeddable":true,"href":"https:\/\/www.cm-evora.pt\/culturaepatrimonio\/wp-json\/wp\/v2\/comments?post=12406"}],"version-history":[{"count":5,"href":"https:\/\/www.cm-evora.pt\/culturaepatrimonio\/wp-json\/wp\/v2\/pages\/12406\/revisions"}],"predecessor-version":[{"id":13029,"href":"https:\/\/www.cm-evora.pt\/culturaepatrimonio\/wp-json\/wp\/v2\/pages\/12406\/revisions\/13029"}],"up":[{"embeddable":true,"href":"https:\/\/www.cm-evora.pt\/culturaepatrimonio\/wp-json\/wp\/v2\/pages\/12251"}],"wp:attachment":[{"href":"https:\/\/www.cm-evora.pt\/culturaepatrimonio\/wp-json\/wp\/v2\/media?parent=12406"}],"wp:term":[{"taxonomy":"category","embeddable":true,"href":"https:\/\/www.cm-evora.pt\/culturaepatrimonio\/wp-json\/wp\/v2\/categories?post=12406"}],"curies":[{"name":"wp","href":"https:\/\/api.w.org\/{rel}","templated":true}]}}