{"id":12422,"date":"2023-03-22T15:22:03","date_gmt":"2023-03-22T15:22:03","guid":{"rendered":"https:\/\/www.cm-evora.pt\/culturaepatrimonio\/?page_id=12422"},"modified":"2023-10-24T09:48:42","modified_gmt":"2023-10-24T09:48:42","slug":"cea","status":"publish","type":"page","link":"https:\/\/www.cm-evora.pt\/culturaepatrimonio\/cultura-e-patrimonio\/accao-cultural\/rede-de-equipamentos-culturais-municipais\/cea\/","title":{"rendered":"Central Elevat\u00f3ria de \u00c1gua"},"content":{"rendered":"<p><\/p>\n<div><img decoding=\"async\" class=\"alignnone size-full wp-image-12919\" src=\"https:\/\/www.cm-evora.pt\/culturaepatrimonio\/wp-content\/uploads\/sites\/8\/2023\/10\/CEA2.jpg\" alt=\"\" width=\"100%\" height=\"362\" srcset=\"https:\/\/www.cm-evora.pt\/culturaepatrimonio\/wp-content\/uploads\/sites\/8\/2023\/10\/CEA2.jpg 639w, https:\/\/www.cm-evora.pt\/culturaepatrimonio\/wp-content\/uploads\/sites\/8\/2023\/10\/CEA2-300x170.jpg 300w\" sizes=\"(max-width: 639px) 100vw, 639px\" \/><\/p>\n<p style=\"text-align: justify\">A Unidade Museol\u00f3gica CEA (antiga Central Elevat\u00f3ria de \u00c1gua), abriu ao p\u00fablico em mar\u00e7o de 2004, e compreende um conjunto de infraestruturas que foram reabilitadas para dar a conhecer \u00e0 comunidade a hist\u00f3ria do abastecimento de \u00e1gua e valorizar o patrim\u00f3nio hidr\u00e1ulico eborense.<\/p>\n<p style=\"text-align: justify\">De todo o conjunto destaca-se a esta\u00e7\u00e3o elevat\u00f3ria dos anos 30 do s\u00e9c. XX, que foi musealizada e que alberga ainda a \u00faltima maquinaria que a\u00ed funcionou.<\/p>\n<p style=\"text-align: justify\">A CEA promove diversas atividades para o p\u00fablico escolar ao longo do ano, atrav\u00e9s do Servi\u00e7o Educativo \u00c1gua Contada, e visitas para o p\u00fablico em geral ao seu itiner\u00e1rio expositivo e tendo tamb\u00e9m um programa comemorativo anual.<\/p>\n<p style=\"text-align: justify\">Localiza\u00e7\u00e3o: Rua do Menino Jesus<\/p>\n<p style=\"text-align: justify\">Hor\u00e1rio: de 2\u00aa feira a 6\u00aa feiras das 09h30 \u00e0s 12h30 e das 14h00 \u00e0s 17h30.<\/p>\n<\/div>\n<p>&nbsp;<\/p>\n<div>\n<p><a href=\"https:\/\/www.cm-evora.pt\/culturaepatrimonio\/cultura-e-patrimonio\/accao-cultural\/rede-de-equipamentos-culturais-municipais\/unidades-museologicas\/\"><img decoding=\"async\" class=\"alignnone size-full wp-image-12864\" src=\"https:\/\/www.cm-evora.pt\/culturaepatrimonio\/wp-content\/uploads\/sites\/8\/2023\/10\/voltar.jpg\" alt=\"\" width=\"15%\" height=\"auto\" srcset=\"https:\/\/www.cm-evora.pt\/culturaepatrimonio\/wp-content\/uploads\/sites\/8\/2023\/10\/voltar.jpg 2169w, https:\/\/www.cm-evora.pt\/culturaepatrimonio\/wp-content\/uploads\/sites\/8\/2023\/10\/voltar-300x129.jpg 300w, https:\/\/www.cm-evora.pt\/culturaepatrimonio\/wp-content\/uploads\/sites\/8\/2023\/10\/voltar-1024x442.jpg 1024w, https:\/\/www.cm-evora.pt\/culturaepatrimonio\/wp-content\/uploads\/sites\/8\/2023\/10\/voltar-768x331.jpg 768w, https:\/\/www.cm-evora.pt\/culturaepatrimonio\/wp-content\/uploads\/sites\/8\/2023\/10\/voltar-1536x663.jpg 1536w, https:\/\/www.cm-evora.pt\/culturaepatrimonio\/wp-content\/uploads\/sites\/8\/2023\/10\/voltar-2048x884.jpg 2048w, https:\/\/www.cm-evora.pt\/culturaepatrimonio\/wp-content\/uploads\/sites\/8\/2023\/10\/voltar-1320x570.jpg 1320w\" sizes=\"(max-width: 2169px) 100vw, 2169px\" \/><\/a><\/p>\n<\/div>\n<p><\/p>","protected":false},"excerpt":{"rendered":"<p>A Unidade Museol\u00f3gica CEA (antiga Central Elevat\u00f3ria de \u00c1gua), abriu ao p\u00fablico em mar\u00e7o de 2004, e compreende um conjunto de infraestruturas que foram reabilitadas para dar a conhecer \u00e0 comunidade a hist\u00f3ria do abastecimento de \u00e1gua e valorizar o patrim\u00f3nio hidr\u00e1ulico eborense. De todo o conjunto destaca-se a esta\u00e7\u00e3o elevat\u00f3ria dos anos 30 do [&hellip;]<\/p>\n","protected":false},"author":71,"featured_media":0,"parent":12251,"menu_order":3,"comment_status":"closed","ping_status":"closed","template":"templates-map\/component-newsletter-unsubscribe-layout1.php","meta":{"_acf_changed":false,"footnotes":""},"categories":[],"class_list":["post-12422","page","type-page","status-publish","hentry"],"acf":[],"_links":{"self":[{"href":"https:\/\/www.cm-evora.pt\/culturaepatrimonio\/wp-json\/wp\/v2\/pages\/12422","targetHints":{"allow":["GET"]}}],"collection":[{"href":"https:\/\/www.cm-evora.pt\/culturaepatrimonio\/wp-json\/wp\/v2\/pages"}],"about":[{"href":"https:\/\/www.cm-evora.pt\/culturaepatrimonio\/wp-json\/wp\/v2\/types\/page"}],"author":[{"embeddable":true,"href":"https:\/\/www.cm-evora.pt\/culturaepatrimonio\/wp-json\/wp\/v2\/users\/71"}],"replies":[{"embeddable":true,"href":"https:\/\/www.cm-evora.pt\/culturaepatrimonio\/wp-json\/wp\/v2\/comments?post=12422"}],"version-history":[{"count":5,"href":"https:\/\/www.cm-evora.pt\/culturaepatrimonio\/wp-json\/wp\/v2\/pages\/12422\/revisions"}],"predecessor-version":[{"id":13033,"href":"https:\/\/www.cm-evora.pt\/culturaepatrimonio\/wp-json\/wp\/v2\/pages\/12422\/revisions\/13033"}],"up":[{"embeddable":true,"href":"https:\/\/www.cm-evora.pt\/culturaepatrimonio\/wp-json\/wp\/v2\/pages\/12251"}],"wp:attachment":[{"href":"https:\/\/www.cm-evora.pt\/culturaepatrimonio\/wp-json\/wp\/v2\/media?parent=12422"}],"wp:term":[{"taxonomy":"category","embeddable":true,"href":"https:\/\/www.cm-evora.pt\/culturaepatrimonio\/wp-json\/wp\/v2\/categories?post=12422"}],"curies":[{"name":"wp","href":"https:\/\/api.w.org\/{rel}","templated":true}]}}