{"id":12424,"date":"2023-03-22T15:22:30","date_gmt":"2023-03-22T15:22:30","guid":{"rendered":"https:\/\/www.cm-evora.pt\/culturaepatrimonio\/?page_id=12424"},"modified":"2023-10-24T09:49:24","modified_gmt":"2023-10-24T09:49:24","slug":"cr","status":"publish","type":"page","link":"https:\/\/www.cm-evora.pt\/culturaepatrimonio\/cultura-e-patrimonio\/accao-cultural\/rede-de-equipamentos-culturais-municipais\/cr\/","title":{"rendered":"CR"},"content":{"rendered":"<p><\/p>\n<div><img decoding=\"async\" class=\"alignnone size-full wp-image-12924\" src=\"https:\/\/www.cm-evora.pt\/culturaepatrimonio\/wp-content\/uploads\/sites\/8\/2023\/10\/CR2.jpg\" alt=\"\" width=\"100%\" height=\"362\" srcset=\"https:\/\/www.cm-evora.pt\/culturaepatrimonio\/wp-content\/uploads\/sites\/8\/2023\/10\/CR2.jpg 639w, https:\/\/www.cm-evora.pt\/culturaepatrimonio\/wp-content\/uploads\/sites\/8\/2023\/10\/CR2-300x170.jpg 300w\" sizes=\"(max-width: 639px) 100vw, 639px\" \/><\/p>\n<p style=\"text-align: justify\">Na sequ\u00eancia da remodela\u00e7\u00e3o da Ordem do Carmo, os carmelitas descal\u00e7os instalaram-se no s\u00e9c. XVI em \u00c9vora, fora da muralha fernandina, frente \u00e0 torre de menagem. A Igreja foi sagrada em 1614.<\/p>\n<p style=\"text-align: justify\">Devido \u00e0 sua localiza\u00e7\u00e3o, o Convento teve papel de relevo nos ass\u00e9dios de \u00c9vora: durante a guerra da independ\u00eancia (Maio de 1663), foi palco de combates entre castelhanos e portugueses; e na l\u00aa. invas\u00e3o francesa (Loison), o Convento foi ocupado e saqueado (Julho de 1820).<\/p>\n<p style=\"text-align: justify\">Depois do saque, a extin\u00e7\u00e3o das ordens religiosas e a nacionaliza\u00e7\u00e3o dos seus bens reduziram radicalmente a import\u00e2ncia do Convento. No reinado de D. Maria II, foi entregue \u00e0 CME, assim como a cerca anexa, utilizada como cemit\u00e9rio p\u00fablico, fun\u00e7\u00e3o que se mant\u00e9m.<\/p>\n<p style=\"text-align: justify\">Ap\u00f3s anos de abandono, a C\u00e2mara promoveu no final do S\u00e9c. XX importantes obras de recupera\u00e7\u00e3o, tendo ali instalado, para al\u00e9m do Departamento de Arqueologia, o Grupo Eborae Mvsica \u2013 que tem funcionado na Igreja, ajudando a preserv\u00e1-la \u2013 e alguns outros espa\u00e7os expositivos.<\/p>\n<\/div>\n<p>&nbsp;<\/p>\n<div>\n<p><a href=\"https:\/\/www.cm-evora.pt\/culturaepatrimonio\/cultura-e-patrimonio\/accao-cultural\/rede-de-equipamentos-culturais-municipais\/unidades-museologicas\/\"><img decoding=\"async\" class=\"alignnone size-full wp-image-12864\" src=\"https:\/\/www.cm-evora.pt\/culturaepatrimonio\/wp-content\/uploads\/sites\/8\/2023\/10\/voltar.jpg\" alt=\"\" width=\"15%\" height=\"auto\" srcset=\"https:\/\/www.cm-evora.pt\/culturaepatrimonio\/wp-content\/uploads\/sites\/8\/2023\/10\/voltar.jpg 2169w, https:\/\/www.cm-evora.pt\/culturaepatrimonio\/wp-content\/uploads\/sites\/8\/2023\/10\/voltar-300x129.jpg 300w, https:\/\/www.cm-evora.pt\/culturaepatrimonio\/wp-content\/uploads\/sites\/8\/2023\/10\/voltar-1024x442.jpg 1024w, https:\/\/www.cm-evora.pt\/culturaepatrimonio\/wp-content\/uploads\/sites\/8\/2023\/10\/voltar-768x331.jpg 768w, https:\/\/www.cm-evora.pt\/culturaepatrimonio\/wp-content\/uploads\/sites\/8\/2023\/10\/voltar-1536x663.jpg 1536w, https:\/\/www.cm-evora.pt\/culturaepatrimonio\/wp-content\/uploads\/sites\/8\/2023\/10\/voltar-2048x884.jpg 2048w, https:\/\/www.cm-evora.pt\/culturaepatrimonio\/wp-content\/uploads\/sites\/8\/2023\/10\/voltar-1320x570.jpg 1320w\" sizes=\"(max-width: 2169px) 100vw, 2169px\" \/><\/a><\/p>\n<\/div>\n<p><\/p>","protected":false},"excerpt":{"rendered":"<p>Na sequ\u00eancia da remodela\u00e7\u00e3o da Ordem do Carmo, os carmelitas descal\u00e7os instalaram-se no s\u00e9c. XVI em \u00c9vora, fora da muralha fernandina, frente \u00e0 torre de menagem. A Igreja foi sagrada em 1614. Devido \u00e0 sua localiza\u00e7\u00e3o, o Convento teve papel de relevo nos ass\u00e9dios de \u00c9vora: durante a guerra da independ\u00eancia (Maio de 1663), foi [&hellip;]<\/p>\n","protected":false},"author":71,"featured_media":0,"parent":12251,"menu_order":3,"comment_status":"closed","ping_status":"closed","template":"templates-map\/component-newsletter-unsubscribe-layout1.php","meta":{"_acf_changed":false,"footnotes":""},"categories":[],"class_list":["post-12424","page","type-page","status-publish","hentry"],"acf":[],"_links":{"self":[{"href":"https:\/\/www.cm-evora.pt\/culturaepatrimonio\/wp-json\/wp\/v2\/pages\/12424","targetHints":{"allow":["GET"]}}],"collection":[{"href":"https:\/\/www.cm-evora.pt\/culturaepatrimonio\/wp-json\/wp\/v2\/pages"}],"about":[{"href":"https:\/\/www.cm-evora.pt\/culturaepatrimonio\/wp-json\/wp\/v2\/types\/page"}],"author":[{"embeddable":true,"href":"https:\/\/www.cm-evora.pt\/culturaepatrimonio\/wp-json\/wp\/v2\/users\/71"}],"replies":[{"embeddable":true,"href":"https:\/\/www.cm-evora.pt\/culturaepatrimonio\/wp-json\/wp\/v2\/comments?post=12424"}],"version-history":[{"count":5,"href":"https:\/\/www.cm-evora.pt\/culturaepatrimonio\/wp-json\/wp\/v2\/pages\/12424\/revisions"}],"predecessor-version":[{"id":13034,"href":"https:\/\/www.cm-evora.pt\/culturaepatrimonio\/wp-json\/wp\/v2\/pages\/12424\/revisions\/13034"}],"up":[{"embeddable":true,"href":"https:\/\/www.cm-evora.pt\/culturaepatrimonio\/wp-json\/wp\/v2\/pages\/12251"}],"wp:attachment":[{"href":"https:\/\/www.cm-evora.pt\/culturaepatrimonio\/wp-json\/wp\/v2\/media?parent=12424"}],"wp:term":[{"taxonomy":"category","embeddable":true,"href":"https:\/\/www.cm-evora.pt\/culturaepatrimonio\/wp-json\/wp\/v2\/categories?post=12424"}],"curies":[{"name":"wp","href":"https:\/\/api.w.org\/{rel}","templated":true}]}}