{"id":12430,"date":"2023-03-22T15:27:21","date_gmt":"2023-03-22T15:27:21","guid":{"rendered":"https:\/\/www.cm-evora.pt\/culturaepatrimonio\/?page_id=12430"},"modified":"2023-10-24T09:53:44","modified_gmt":"2023-10-24T09:53:44","slug":"espaco-celeiros","status":"publish","type":"page","link":"https:\/\/www.cm-evora.pt\/culturaepatrimonio\/cultura-e-patrimonio\/accao-cultural\/rede-de-equipamentos-culturais-municipais\/espaco-celeiros\/","title":{"rendered":"Espa\u00e7o Celeiros"},"content":{"rendered":"<p><\/p>\n<div><img decoding=\"async\" class=\"alignnone size-full wp-image-12932\" src=\"https:\/\/www.cm-evora.pt\/culturaepatrimonio\/wp-content\/uploads\/sites\/8\/2023\/10\/celeiros2.jpg\" alt=\"\" width=\"100%\" height=\"362\" srcset=\"https:\/\/www.cm-evora.pt\/culturaepatrimonio\/wp-content\/uploads\/sites\/8\/2023\/10\/celeiros2.jpg 639w, https:\/\/www.cm-evora.pt\/culturaepatrimonio\/wp-content\/uploads\/sites\/8\/2023\/10\/celeiros2-300x170.jpg 300w\" sizes=\"(max-width: 639px) 100vw, 639px\" \/><\/div>\n<p>&nbsp;<\/p>\n<p style=\"text-align: justify\">Os antigos Celeiros da EPAC, s\u00e3o um espa\u00e7o onde est\u00e3o localizados um conjunto de associa\u00e7\u00f5es culturais onde se dinamizam diversas atividades ligadas as artes.<\/p>\n<p style=\"text-align: justify\">O Espa\u00e7o Celeiros est\u00e1 situado dentro das muralhas da cidade de \u00c9vora, num espa\u00e7o classificado e impregnado de hist\u00f3ria, onde se localizam tamb\u00e9m outras associa\u00e7\u00f5es culturais da cidade como a Bruxa Teatro, o Grupo de Cantares de \u00c9vora, e a Colec\u00e7\u00e3o B\/ Festival Escrita na Paisagem.<\/p>\n<p style=\"text-align: justify\">O Espa\u00e7o Celeiros \u00e9 um espa\u00e7o com programa\u00e7\u00e3o diversificada que, regularmente e ao longo do ano, acolhe forma\u00e7\u00f5es em diferentes tipos de dan\u00e7a, m\u00fasica e que \u00e9 tamb\u00e9m um ponto de encontro em \u00c9vora para m\u00fasicos e cantadores e artistas.<\/p>\n<p style=\"text-align: justify\">Localiza\u00e7\u00e3o: R. de Eborim 16, 7005-638 \u00c9vora<\/p>\n<p>&nbsp;&nbsp;<\/p>\n<div><a href=\"https:\/\/www.cm-evora.pt\/culturaepatrimonio\/cultura-e-patrimonio\/accao-cultural\/rede-de-equipamentos-culturais-municipais\/espacos-de-criacao-e-producao-artistica\/\"><img decoding=\"async\" class=\"alignnone size-full wp-image-12864\" src=\"https:\/\/www.cm-evora.pt\/culturaepatrimonio\/wp-content\/uploads\/sites\/8\/2023\/10\/voltar.jpg\" alt=\"\" width=\"15%\" height=\"auto\" srcset=\"https:\/\/www.cm-evora.pt\/culturaepatrimonio\/wp-content\/uploads\/sites\/8\/2023\/10\/voltar.jpg 2169w, https:\/\/www.cm-evora.pt\/culturaepatrimonio\/wp-content\/uploads\/sites\/8\/2023\/10\/voltar-300x129.jpg 300w, https:\/\/www.cm-evora.pt\/culturaepatrimonio\/wp-content\/uploads\/sites\/8\/2023\/10\/voltar-1024x442.jpg 1024w, https:\/\/www.cm-evora.pt\/culturaepatrimonio\/wp-content\/uploads\/sites\/8\/2023\/10\/voltar-768x331.jpg 768w, https:\/\/www.cm-evora.pt\/culturaepatrimonio\/wp-content\/uploads\/sites\/8\/2023\/10\/voltar-1536x663.jpg 1536w, https:\/\/www.cm-evora.pt\/culturaepatrimonio\/wp-content\/uploads\/sites\/8\/2023\/10\/voltar-2048x884.jpg 2048w, https:\/\/www.cm-evora.pt\/culturaepatrimonio\/wp-content\/uploads\/sites\/8\/2023\/10\/voltar-1320x570.jpg 1320w\" sizes=\"(max-width: 2169px) 100vw, 2169px\" \/><\/a><\/div>\n<p><\/p>","protected":false},"excerpt":{"rendered":"<p>&nbsp; Os antigos Celeiros da EPAC, s\u00e3o um espa\u00e7o onde est\u00e3o localizados um conjunto de associa\u00e7\u00f5es culturais onde se dinamizam diversas atividades ligadas as artes. O Espa\u00e7o Celeiros est\u00e1 situado dentro das muralhas da cidade de \u00c9vora, num espa\u00e7o classificado e impregnado de hist\u00f3ria, onde se localizam tamb\u00e9m outras associa\u00e7\u00f5es culturais da cidade como a [&hellip;]<\/p>\n","protected":false},"author":71,"featured_media":0,"parent":12251,"menu_order":3,"comment_status":"closed","ping_status":"closed","template":"templates-map\/component-newsletter-unsubscribe-layout1.php","meta":{"_acf_changed":false,"footnotes":""},"categories":[],"class_list":["post-12430","page","type-page","status-publish","hentry"],"acf":[],"_links":{"self":[{"href":"https:\/\/www.cm-evora.pt\/culturaepatrimonio\/wp-json\/wp\/v2\/pages\/12430","targetHints":{"allow":["GET"]}}],"collection":[{"href":"https:\/\/www.cm-evora.pt\/culturaepatrimonio\/wp-json\/wp\/v2\/pages"}],"about":[{"href":"https:\/\/www.cm-evora.pt\/culturaepatrimonio\/wp-json\/wp\/v2\/types\/page"}],"author":[{"embeddable":true,"href":"https:\/\/www.cm-evora.pt\/culturaepatrimonio\/wp-json\/wp\/v2\/users\/71"}],"replies":[{"embeddable":true,"href":"https:\/\/www.cm-evora.pt\/culturaepatrimonio\/wp-json\/wp\/v2\/comments?post=12430"}],"version-history":[{"count":9,"href":"https:\/\/www.cm-evora.pt\/culturaepatrimonio\/wp-json\/wp\/v2\/pages\/12430\/revisions"}],"predecessor-version":[{"id":13040,"href":"https:\/\/www.cm-evora.pt\/culturaepatrimonio\/wp-json\/wp\/v2\/pages\/12430\/revisions\/13040"}],"up":[{"embeddable":true,"href":"https:\/\/www.cm-evora.pt\/culturaepatrimonio\/wp-json\/wp\/v2\/pages\/12251"}],"wp:attachment":[{"href":"https:\/\/www.cm-evora.pt\/culturaepatrimonio\/wp-json\/wp\/v2\/media?parent=12430"}],"wp:term":[{"taxonomy":"category","embeddable":true,"href":"https:\/\/www.cm-evora.pt\/culturaepatrimonio\/wp-json\/wp\/v2\/categories?post=12430"}],"curies":[{"name":"wp","href":"https:\/\/api.w.org\/{rel}","templated":true}]}}