{"id":12435,"date":"2023-03-22T15:29:32","date_gmt":"2023-03-22T15:29:32","guid":{"rendered":"https:\/\/www.cm-evora.pt\/culturaepatrimonio\/?page_id=12435"},"modified":"2023-10-24T10:00:21","modified_gmt":"2023-10-24T10:00:21","slug":"antigo-matadouro","status":"publish","type":"page","link":"https:\/\/www.cm-evora.pt\/culturaepatrimonio\/cultura-e-patrimonio\/accao-cultural\/rede-de-equipamentos-culturais-municipais\/antigo-matadouro\/","title":{"rendered":"Antigo Matadouro"},"content":{"rendered":"<p><\/p>\n<div><\/div>\n<div><img decoding=\"async\" class=\"alignnone size-full wp-image-12946\" src=\"https:\/\/www.cm-evora.pt\/culturaepatrimonio\/wp-content\/uploads\/sites\/8\/2023\/10\/AMatadouro2.jpg\" alt=\"\" width=\"100%\" height=\"362\" srcset=\"https:\/\/www.cm-evora.pt\/culturaepatrimonio\/wp-content\/uploads\/sites\/8\/2023\/10\/AMatadouro2.jpg 639w, https:\/\/www.cm-evora.pt\/culturaepatrimonio\/wp-content\/uploads\/sites\/8\/2023\/10\/AMatadouro2-300x170.jpg 300w\" sizes=\"(max-width: 639px) 100vw, 639px\" \/><\/div>\n<p>&nbsp;<\/p>\n<p style=\"text-align: justify\">A P\u00f3 de Vir a Ser \u2013 Departamento de Escultura em Pedra \u00e9 uma associa\u00e7\u00e3o cultural que tem como miss\u00e3o fazer da escultura uma coisa para todos. O P\u00f3 que nos d\u00e1 nome \u00e9 o p\u00f3 de pedra, uma part\u00edcula muito pequena que \u00e9 produto do trabalho do escultor.<\/p>\n<p style=\"text-align: justify\">Em 1986, este antigo matadouro foi transformado em espa\u00e7o de produ\u00e7\u00e3o art\u00edstica dedicado \u00e0 escultura em pedra e recebeu o nome de Departamento de Escultura em Pedra do Centro Cultural de \u00c9vora. Desde ent\u00e3o, procuramos promover a rela\u00e7\u00e3o direta entre os artistas e a nossa mat\u00e9ria prima de elei\u00e7\u00e3o \u2013 a pedra portuguesa.<\/p>\n<p style=\"text-align: justify\">A P\u00f3 \u00e9 uma plataforma que procura oferecer aos criadores e \u00e0 comunidade ferramentas para o talhe direto da realidade cultural e art\u00edstica. Ocupamos o Antigo Matadouro de \u00c9vora, um espa\u00e7o industrial desativado, localizado no centro hist\u00f3rico da cidade patrim\u00f3nio da humanidade.<\/p>\n<p style=\"text-align: justify\">Localiza\u00e7\u00e3o: Rua de Machede n\u00ba 58, 7000-864 \u00c9vora<\/p>\n<p>&nbsp;<\/p>\n<div>\n<p><a href=\"https:\/\/www.cm-evora.pt\/culturaepatrimonio\/cultura-e-patrimonio\/accao-cultural\/rede-de-equipamentos-culturais-municipais\/espacos-de-criacao-e-producao-artistica\/\"><img decoding=\"async\" class=\"alignnone size-full wp-image-12864\" src=\"https:\/\/www.cm-evora.pt\/culturaepatrimonio\/wp-content\/uploads\/sites\/8\/2023\/10\/voltar.jpg\" alt=\"\" width=\"15%\" height=\"auto\" srcset=\"https:\/\/www.cm-evora.pt\/culturaepatrimonio\/wp-content\/uploads\/sites\/8\/2023\/10\/voltar.jpg 2169w, https:\/\/www.cm-evora.pt\/culturaepatrimonio\/wp-content\/uploads\/sites\/8\/2023\/10\/voltar-300x129.jpg 300w, https:\/\/www.cm-evora.pt\/culturaepatrimonio\/wp-content\/uploads\/sites\/8\/2023\/10\/voltar-1024x442.jpg 1024w, https:\/\/www.cm-evora.pt\/culturaepatrimonio\/wp-content\/uploads\/sites\/8\/2023\/10\/voltar-768x331.jpg 768w, https:\/\/www.cm-evora.pt\/culturaepatrimonio\/wp-content\/uploads\/sites\/8\/2023\/10\/voltar-1536x663.jpg 1536w, https:\/\/www.cm-evora.pt\/culturaepatrimonio\/wp-content\/uploads\/sites\/8\/2023\/10\/voltar-2048x884.jpg 2048w, https:\/\/www.cm-evora.pt\/culturaepatrimonio\/wp-content\/uploads\/sites\/8\/2023\/10\/voltar-1320x570.jpg 1320w\" sizes=\"(max-width: 2169px) 100vw, 2169px\" \/><\/a><\/p>\n<\/div>\n<p><\/p>","protected":false},"excerpt":{"rendered":"<p>&nbsp; A P\u00f3 de Vir a Ser \u2013 Departamento de Escultura em Pedra \u00e9 uma associa\u00e7\u00e3o cultural que tem como miss\u00e3o fazer da escultura uma coisa para todos. O P\u00f3 que nos d\u00e1 nome \u00e9 o p\u00f3 de pedra, uma part\u00edcula muito pequena que \u00e9 produto do trabalho do escultor. Em 1986, este antigo matadouro [&hellip;]<\/p>\n","protected":false},"author":71,"featured_media":0,"parent":12251,"menu_order":3,"comment_status":"closed","ping_status":"closed","template":"templates-map\/component-newsletter-unsubscribe-layout1.php","meta":{"_acf_changed":false,"footnotes":""},"categories":[],"class_list":["post-12435","page","type-page","status-publish","hentry"],"acf":[],"_links":{"self":[{"href":"https:\/\/www.cm-evora.pt\/culturaepatrimonio\/wp-json\/wp\/v2\/pages\/12435","targetHints":{"allow":["GET"]}}],"collection":[{"href":"https:\/\/www.cm-evora.pt\/culturaepatrimonio\/wp-json\/wp\/v2\/pages"}],"about":[{"href":"https:\/\/www.cm-evora.pt\/culturaepatrimonio\/wp-json\/wp\/v2\/types\/page"}],"author":[{"embeddable":true,"href":"https:\/\/www.cm-evora.pt\/culturaepatrimonio\/wp-json\/wp\/v2\/users\/71"}],"replies":[{"embeddable":true,"href":"https:\/\/www.cm-evora.pt\/culturaepatrimonio\/wp-json\/wp\/v2\/comments?post=12435"}],"version-history":[{"count":3,"href":"https:\/\/www.cm-evora.pt\/culturaepatrimonio\/wp-json\/wp\/v2\/pages\/12435\/revisions"}],"predecessor-version":[{"id":13042,"href":"https:\/\/www.cm-evora.pt\/culturaepatrimonio\/wp-json\/wp\/v2\/pages\/12435\/revisions\/13042"}],"up":[{"embeddable":true,"href":"https:\/\/www.cm-evora.pt\/culturaepatrimonio\/wp-json\/wp\/v2\/pages\/12251"}],"wp:attachment":[{"href":"https:\/\/www.cm-evora.pt\/culturaepatrimonio\/wp-json\/wp\/v2\/media?parent=12435"}],"wp:term":[{"taxonomy":"category","embeddable":true,"href":"https:\/\/www.cm-evora.pt\/culturaepatrimonio\/wp-json\/wp\/v2\/categories?post=12435"}],"curies":[{"name":"wp","href":"https:\/\/api.w.org\/{rel}","templated":true}]}}