{"id":12482,"date":"2023-03-22T17:00:34","date_gmt":"2023-03-22T17:00:34","guid":{"rendered":"https:\/\/www.cm-evora.pt\/culturaepatrimonio\/?page_id=12482"},"modified":"2023-03-30T15:35:02","modified_gmt":"2023-03-30T15:35:02","slug":"arquivo-municipal","status":"publish","type":"page","link":"https:\/\/www.cm-evora.pt\/culturaepatrimonio\/cultura-e-patrimonio\/patrimonio-cultural\/documentacao-e-arquivo\/arquivo-municipal\/","title":{"rendered":"Arquivo Municipal"},"content":{"rendered":"<p><\/p>\n<p align=\"justify\">O Arquivo Municipal de \u00c9vora coloca \u00e0 disposi\u00e7\u00e3o dos seus utilizadores uma abordagem \u00e0 sua base de descri\u00e7\u00e3o documental, \u200bna intranet da C\u00e2mara. O utilizador tem \u00e0 sua disposi\u00e7\u00e3o uma lista de classifica\u00e7\u00e3o documental, que lhe permite fazer pesquisas selecionando a unidade arquiv\u00edstica que pretende.<\/p>\n<p align=\"justify\">Em rela\u00e7\u00e3o \u00e0 sua fun\u00e7\u00e3o\u200b patrimonial, o Arquivo Municipal de \u00c9vora, custodia, preserva e disponibiliza aos seus utilizadores internos e p\u00fablico em geral, um acervo que \u00e9 equivalente a 3000 metros lineares. Anualmente, recebe tamb\u00e9m cerca de 30 metros lineares.<\/p>\n<p align=\"justify\">Tal documenta\u00e7\u00e3o, proveniente das mais diversas sec\u00e7\u00f5es da inst\u200bitui\u00e7\u00e3o, possui uma cronologia compreendida entre 1835 e 20\u200b21.<\/p>\n<p>&nbsp;<\/p>\n<p align=\"justify\">O Arquivo Municipal de \u00c9vora, det\u00e9m ainda uma significativa cole\u00e7\u00e3o de legisla\u00e7\u00e3o:<\/p>\n<p>Legisla\u00e7\u00e3o portuguesa, compreendida entre 1823 e 1910<\/p>\n<p>Di\u00e1rios do Governo entre 1866 e 1976<\/p>\n<p>Di\u00e1rios da Rep\u00fablica de 1977 a 2006<\/p>\n<p>Esta legisla\u00e7\u00e3o est\u00e1 dispon\u00edvel para consulta.<\/p>\n<p>\u200b\u200b<\/p>\n<p align=\"justify\">Existe um Cat\u00e1logo online dispon\u00edvel, os utilizadores externos dever\u00e3o dirigir-se ao servi\u00e7o de atendimento do Arquivo, onde o funcion\u00e1rio lhe disponibilizar\u00e1 a informa\u00e7\u00e3o.<\/p>\n<p>&nbsp;<\/p>\n<p>Contatos:<\/p>\n<p>Arquivo Municipal de \u00c9vora<\/p>\n<p>Rua D. Isabel, 7004-506 \u00c9vora<\/p>\n<p>Telefone: +351 266 777 000<\/p>\n<p>Email: <a href=\"mailto:cmevora@mail.evora.net\">cmevora@mail.evora.net<\/a><\/p>\n<p>Hor\u00e1rio: de 2\u00aa a 6\u00aaf, das 09:30 \u00e0s 12:30 e das 14:00 \u00e0s 17:30.<\/p>\n<p><a href=\"https:\/\/www.cm-evora.pt\/culturaepatrimonio\/wp-content\/uploads\/sites\/8\/2023\/03\/Arquivo-municipal.jpg\"><img loading=\"lazy\" decoding=\"async\" class=\"alignnone wp-image-12603\" src=\"https:\/\/www.cm-evora.pt\/culturaepatrimonio\/wp-content\/uploads\/sites\/8\/2023\/03\/Arquivo-municipal.jpg\" alt=\"\" width=\"774\" height=\"367\" srcset=\"https:\/\/www.cm-evora.pt\/culturaepatrimonio\/wp-content\/uploads\/sites\/8\/2023\/03\/Arquivo-municipal.jpg 764w, https:\/\/www.cm-evora.pt\/culturaepatrimonio\/wp-content\/uploads\/sites\/8\/2023\/03\/Arquivo-municipal-300x142.jpg 300w\" sizes=\"auto, (max-width: 774px) 100vw, 774px\" \/><\/a><\/p>","protected":false},"excerpt":{"rendered":"<p>O Arquivo Municipal de \u00c9vora coloca \u00e0 disposi\u00e7\u00e3o dos seus utilizadores uma abordagem \u00e0 sua base de descri\u00e7\u00e3o documental, \u200bna intranet da C\u00e2mara. O utilizador tem \u00e0 sua disposi\u00e7\u00e3o uma lista de classifica\u00e7\u00e3o documental, que lhe permite fazer pesquisas selecionando a unidade arquiv\u00edstica que pretende. Em rela\u00e7\u00e3o \u00e0 sua fun\u00e7\u00e3o\u200b patrimonial, o Arquivo Municipal de [&hellip;]<\/p>\n","protected":false},"author":71,"featured_media":0,"parent":120,"menu_order":2,"comment_status":"closed","ping_status":"closed","template":"templates-map\/component-text-layout1.php","meta":{"_acf_changed":false,"footnotes":""},"categories":[],"class_list":["post-12482","page","type-page","status-publish","hentry"],"acf":[],"_links":{"self":[{"href":"https:\/\/www.cm-evora.pt\/culturaepatrimonio\/wp-json\/wp\/v2\/pages\/12482","targetHints":{"allow":["GET"]}}],"collection":[{"href":"https:\/\/www.cm-evora.pt\/culturaepatrimonio\/wp-json\/wp\/v2\/pages"}],"about":[{"href":"https:\/\/www.cm-evora.pt\/culturaepatrimonio\/wp-json\/wp\/v2\/types\/page"}],"author":[{"embeddable":true,"href":"https:\/\/www.cm-evora.pt\/culturaepatrimonio\/wp-json\/wp\/v2\/users\/71"}],"replies":[{"embeddable":true,"href":"https:\/\/www.cm-evora.pt\/culturaepatrimonio\/wp-json\/wp\/v2\/comments?post=12482"}],"version-history":[{"count":14,"href":"https:\/\/www.cm-evora.pt\/culturaepatrimonio\/wp-json\/wp\/v2\/pages\/12482\/revisions"}],"predecessor-version":[{"id":12610,"href":"https:\/\/www.cm-evora.pt\/culturaepatrimonio\/wp-json\/wp\/v2\/pages\/12482\/revisions\/12610"}],"up":[{"embeddable":true,"href":"https:\/\/www.cm-evora.pt\/culturaepatrimonio\/wp-json\/wp\/v2\/pages\/120"}],"wp:attachment":[{"href":"https:\/\/www.cm-evora.pt\/culturaepatrimonio\/wp-json\/wp\/v2\/media?parent=12482"}],"wp:term":[{"taxonomy":"category","embeddable":true,"href":"https:\/\/www.cm-evora.pt\/culturaepatrimonio\/wp-json\/wp\/v2\/categories?post=12482"}],"curies":[{"name":"wp","href":"https:\/\/api.w.org\/{rel}","templated":true}]}}