{"id":12484,"date":"2023-03-22T17:01:11","date_gmt":"2023-03-22T17:01:11","guid":{"rendered":"https:\/\/www.cm-evora.pt\/culturaepatrimonio\/?page_id=12484"},"modified":"2023-03-30T15:46:54","modified_gmt":"2023-03-30T15:46:54","slug":"arquivo-fotografico","status":"publish","type":"page","link":"https:\/\/www.cm-evora.pt\/culturaepatrimonio\/cultura-e-patrimonio\/patrimonio-cultural\/documentacao-e-arquivo\/arquivo-fotografico\/","title":{"rendered":"Arquivo Fotogr\u00e1fico"},"content":{"rendered":"<p><\/p>\n<p align=\"justify\">A C\u00e2mara Municipal de \u00c9vora possui um importante acervo fotogr\u00e1fico, constitu\u00eddo ao longo dos \u00faltimos 20 anos, que representa, j\u00e1 hoje, um testemunho importante dos \u00faltimos anos da hist\u00f3ria local, para al\u00e9m de um conjunto de esp\u00f3lios de fot\u00f3grafos eborenses adquiridos ao longo dos \u00faltimos 6 anos (Jos\u00e9 P. B. Passaporte e Ant\u00f3nio Passaporte, David Freitas, Eduardo Nogueira, Artur Pastor, Marcolino Silva e M\u00e1rio da Gama Freixo).<\/p>\n<p align=\"justify\">Estas cole\u00e7\u00f5es foram juntar-se ao acervo j\u00e1 existente, que integra tamb\u00e9m cole\u00e7\u00f5es de alguns grandes fot\u00f3grafos portugueses contempor\u00e2neos\u00a0 (Eduardo Gageiro, Luis Pav\u00e3o, G\u00e9rard Castello-Lopes, Jos\u00e9 Manuel Rodrigues), estimando-se o acervo atual do Arquivo em cerca de 450 000 esp\u00e9cies.<\/p>\n<p>&nbsp;<\/p>\n<p align=\"justify\">Para aceder \u00e0 base de dados:\u00a0 <a href=\"http:\/\/www2.cm-evora.pt\/arquivofotografico\" target=\"_blank\" rel=\"noopener\">http:\/\/www2.cm-evora.pt\/arquivofotografico<\/a><\/p>\n<p>&nbsp;<\/p>\n<p>Contactos:<\/p>\n<p>Rua Diogo C\u00e3o, 19, 7000 \u00c9vora<\/p>\n<p>Telefone: +351 266 777 114<\/p>\n<p>Hor\u00e1rio: de 2\u00aa a 6\u00aaf, das 09:30 \u00e0s 12:30 e das 14:00 \u00e0s 17:30.<\/p>\n<p><a href=\"https:\/\/www.cm-evora.pt\/culturaepatrimonio\/wp-content\/uploads\/sites\/8\/2023\/03\/Arquivo-fotografico.jpg\"><img loading=\"lazy\" decoding=\"async\" class=\"alignnone wp-image-12612\" src=\"https:\/\/www.cm-evora.pt\/culturaepatrimonio\/wp-content\/uploads\/sites\/8\/2023\/03\/Arquivo-fotografico.jpg\" alt=\"\" width=\"774\" height=\"422\" srcset=\"https:\/\/www.cm-evora.pt\/culturaepatrimonio\/wp-content\/uploads\/sites\/8\/2023\/03\/Arquivo-fotografico.jpg 737w, https:\/\/www.cm-evora.pt\/culturaepatrimonio\/wp-content\/uploads\/sites\/8\/2023\/03\/Arquivo-fotografico-300x164.jpg 300w\" sizes=\"auto, (max-width: 774px) 100vw, 774px\" \/><\/a><\/p>","protected":false},"excerpt":{"rendered":"<p>A C\u00e2mara Municipal de \u00c9vora possui um importante acervo fotogr\u00e1fico, constitu\u00eddo ao longo dos \u00faltimos 20 anos, que representa, j\u00e1 hoje, um testemunho importante dos \u00faltimos anos da hist\u00f3ria local, para al\u00e9m de um conjunto de esp\u00f3lios de fot\u00f3grafos eborenses adquiridos ao longo dos \u00faltimos 6 anos (Jos\u00e9 P. B. Passaporte e Ant\u00f3nio Passaporte, David [&hellip;]<\/p>\n","protected":false},"author":71,"featured_media":0,"parent":120,"menu_order":2,"comment_status":"closed","ping_status":"closed","template":"templates-map\/component-text-layout1.php","meta":{"_acf_changed":false,"footnotes":""},"categories":[],"class_list":["post-12484","page","type-page","status-publish","hentry"],"acf":[],"_links":{"self":[{"href":"https:\/\/www.cm-evora.pt\/culturaepatrimonio\/wp-json\/wp\/v2\/pages\/12484","targetHints":{"allow":["GET"]}}],"collection":[{"href":"https:\/\/www.cm-evora.pt\/culturaepatrimonio\/wp-json\/wp\/v2\/pages"}],"about":[{"href":"https:\/\/www.cm-evora.pt\/culturaepatrimonio\/wp-json\/wp\/v2\/types\/page"}],"author":[{"embeddable":true,"href":"https:\/\/www.cm-evora.pt\/culturaepatrimonio\/wp-json\/wp\/v2\/users\/71"}],"replies":[{"embeddable":true,"href":"https:\/\/www.cm-evora.pt\/culturaepatrimonio\/wp-json\/wp\/v2\/comments?post=12484"}],"version-history":[{"count":5,"href":"https:\/\/www.cm-evora.pt\/culturaepatrimonio\/wp-json\/wp\/v2\/pages\/12484\/revisions"}],"predecessor-version":[{"id":12616,"href":"https:\/\/www.cm-evora.pt\/culturaepatrimonio\/wp-json\/wp\/v2\/pages\/12484\/revisions\/12616"}],"up":[{"embeddable":true,"href":"https:\/\/www.cm-evora.pt\/culturaepatrimonio\/wp-json\/wp\/v2\/pages\/120"}],"wp:attachment":[{"href":"https:\/\/www.cm-evora.pt\/culturaepatrimonio\/wp-json\/wp\/v2\/media?parent=12484"}],"wp:term":[{"taxonomy":"category","embeddable":true,"href":"https:\/\/www.cm-evora.pt\/culturaepatrimonio\/wp-json\/wp\/v2\/categories?post=12484"}],"curies":[{"name":"wp","href":"https:\/\/api.w.org\/{rel}","templated":true}]}}