{"id":12488,"date":"2023-03-22T17:02:22","date_gmt":"2023-03-22T17:02:22","guid":{"rendered":"https:\/\/www.cm-evora.pt\/culturaepatrimonio\/?page_id=12488"},"modified":"2023-03-30T14:33:00","modified_gmt":"2023-03-30T14:33:00","slug":"boletim-cidade-de-evora","status":"publish","type":"page","link":"https:\/\/www.cm-evora.pt\/culturaepatrimonio\/cultura-e-patrimonio\/patrimonio-cultural\/documentacao-e-arquivo\/nucleo-de-documentacao\/boletim-cidade-de-evora\/","title":{"rendered":"Boletim A CIDADE DE \u00c9VORA"},"content":{"rendered":"<p><\/p>\n<p align=\"justify\">\n<p align=\"justify\">Publicado pela primeira vez em Dezembro de 1942 (tendo ent\u00e3o Ant\u00f3nio Bartolomeu Gromicho como Diretor e T\u00falio Espanca como Editor) o Boletim A Cidade de \u00c9vora tem-se assumido como uma publica\u00e7\u00e3o cujos princ\u00edpios orientadores assentam no estudo e divulga\u00e7\u00e3o do patrim\u00f3nio hist\u00f3rico, cultural e edificado de \u00c9vora, contribuindo para o conhecimento, reflex\u00e3o e preserva\u00e7\u00e3o da identidade cultural da Cidade e da Regi\u00e3o.<\/p>\n<p align=\"justify\">A informa\u00e7\u00e3o relativa ao processo de submiss\u00e3o dos artigos, bem como o acesso \u00e0s Normas de Publica\u00e7\u00e3o, poder\u00e1 ser consultada em:<\/p>\n<p>&nbsp;<\/p>\n<p><a href=\"https:\/\/www.cm-evora.pt\/culturaepatrimonio\/wp-content\/uploads\/sites\/8\/2023\/03\/cidade_de_evora.png\"><img loading=\"lazy\" decoding=\"async\" class=\"alignnone size-full wp-image-12548\" src=\"https:\/\/www.cm-evora.pt\/culturaepatrimonio\/wp-content\/uploads\/sites\/8\/2023\/03\/cidade_de_evora.png\" alt=\"\" width=\"566\" height=\"370\" srcset=\"https:\/\/www.cm-evora.pt\/culturaepatrimonio\/wp-content\/uploads\/sites\/8\/2023\/03\/cidade_de_evora.png 566w, https:\/\/www.cm-evora.pt\/culturaepatrimonio\/wp-content\/uploads\/sites\/8\/2023\/03\/cidade_de_evora-300x196.png 300w\" sizes=\"auto, (max-width: 566px) 100vw, 566px\" \/><\/a><\/p>","protected":false},"excerpt":{"rendered":"<p>Publicado pela primeira vez em Dezembro de 1942 (tendo ent\u00e3o Ant\u00f3nio Bartolomeu Gromicho como Diretor e T\u00falio Espanca como Editor) o Boletim A Cidade de \u00c9vora tem-se assumido como uma publica\u00e7\u00e3o cujos princ\u00edpios orientadores assentam no estudo e divulga\u00e7\u00e3o do patrim\u00f3nio hist\u00f3rico, cultural e edificado de \u00c9vora, contribuindo para o conhecimento, reflex\u00e3o e preserva\u00e7\u00e3o da [&hellip;]<\/p>\n","protected":false},"author":71,"featured_media":0,"parent":12486,"menu_order":3,"comment_status":"closed","ping_status":"closed","template":"templates-map\/component-text-layout1.php","meta":{"_acf_changed":false,"footnotes":""},"categories":[],"class_list":["post-12488","page","type-page","status-publish","hentry"],"acf":[],"_links":{"self":[{"href":"https:\/\/www.cm-evora.pt\/culturaepatrimonio\/wp-json\/wp\/v2\/pages\/12488","targetHints":{"allow":["GET"]}}],"collection":[{"href":"https:\/\/www.cm-evora.pt\/culturaepatrimonio\/wp-json\/wp\/v2\/pages"}],"about":[{"href":"https:\/\/www.cm-evora.pt\/culturaepatrimonio\/wp-json\/wp\/v2\/types\/page"}],"author":[{"embeddable":true,"href":"https:\/\/www.cm-evora.pt\/culturaepatrimonio\/wp-json\/wp\/v2\/users\/71"}],"replies":[{"embeddable":true,"href":"https:\/\/www.cm-evora.pt\/culturaepatrimonio\/wp-json\/wp\/v2\/comments?post=12488"}],"version-history":[{"count":10,"href":"https:\/\/www.cm-evora.pt\/culturaepatrimonio\/wp-json\/wp\/v2\/pages\/12488\/revisions"}],"predecessor-version":[{"id":12583,"href":"https:\/\/www.cm-evora.pt\/culturaepatrimonio\/wp-json\/wp\/v2\/pages\/12488\/revisions\/12583"}],"up":[{"embeddable":true,"href":"https:\/\/www.cm-evora.pt\/culturaepatrimonio\/wp-json\/wp\/v2\/pages\/12486"}],"wp:attachment":[{"href":"https:\/\/www.cm-evora.pt\/culturaepatrimonio\/wp-json\/wp\/v2\/media?parent=12488"}],"wp:term":[{"taxonomy":"category","embeddable":true,"href":"https:\/\/www.cm-evora.pt\/culturaepatrimonio\/wp-json\/wp\/v2\/categories?post=12488"}],"curies":[{"name":"wp","href":"https:\/\/api.w.org\/{rel}","templated":true}]}}