{"id":12500,"date":"2023-03-22T17:07:51","date_gmt":"2023-03-22T17:07:51","guid":{"rendered":"https:\/\/www.cm-evora.pt\/culturaepatrimonio\/?page_id=12500"},"modified":"2023-03-30T14:05:01","modified_gmt":"2023-03-30T14:05:01","slug":"classificacao","status":"publish","type":"page","link":"https:\/\/www.cm-evora.pt\/culturaepatrimonio\/cultura-e-patrimonio\/centro-historico\/unesco\/classificacao\/","title":{"rendered":"Classifica\u00e7\u00e3o"},"content":{"rendered":"<p>UNESCO<\/p>\n<p align=\"justify\">Situada na plan\u00edcie alentejana, na conflu\u00eancia de tr\u00eas importantes bacias hidrogr\u00e1ficas \u2013 Tejo, Sado e Guadiana, e ponto de cruzamento milenar de vias e rotas comerciais da pen\u00ednsula, \u00c9vora adquiriu, desde a Antiguidade, uma import\u00e2ncia pol\u00edtica e social para todas as civiliza\u00e7\u00f5es que marcaram o atual territ\u00f3rio portugu\u00eas, possuindo como polo urbano a riqueza de dois mil anos de hist\u00f3ria.<\/p>\n<p align=\"justify\">Da presen\u00e7a romana subsistem um sistema vi\u00e1rio e uma malha urbana ainda verific\u00e1veis no cadastro atual e a antiga urbe legou-nos a monumentalidade do Templo de Diana. Da ocupa\u00e7\u00e3o mu\u00e7ulmana crescida \u00e0 sombra das muralhas tardo-romanas subsiste o tra\u00e7ado tortuoso de alguns arruamentos da parte antiga do casco hist\u00f3rico. Na Idade M\u00e9dia \u00c9vora adquiriu uma posi\u00e7\u00e3o de destaque no Reino Portugu\u00eas e cresceu at\u00e9 aos limites da Cerca Nova, a segunda cinta de muralhas, datando do mesmo per\u00edodo o in\u00edcio da constru\u00e7\u00e3o da S\u00e9 Catedral, monumento que constituiu o primeiro estaleiro do g\u00f3tico portugu\u00eas. A institui\u00e7\u00e3o da Universidade em 1556 refor\u00e7ou a dimens\u00e3o cultural da cidade e traduziu-se numa produ\u00e7\u00e3o art\u00edstica, arquitet\u00f3nica e paisag\u00edstica cosmopolita ainda hoje patente em conventos pal\u00e1cios renascentistas, maneiristas e barrocos que legitimam a classifica\u00e7\u00e3o do Centro Hist\u00f3rico como Patrim\u00f3nio da Humanidade desde 1986.<\/p>\n<p>UNESCO &#8211; Historic Centre of \u00c9vora<\/p>\n<p>C\u00e2mara Municipal de \u00c9vora<\/p>\n<p><a href=\"http:\/\/whc.unesco.org\/fr\/list\/361\" target=\"_blank\" rel=\"noopener\">http:\/\/whc.unesco.org\/fr\/list\/361<\/a><\/p>\n<p>&nbsp;<\/p>\n<p><a href=\"https:\/\/www.cm-evora.pt\/culturaepatrimonio\/wp-content\/uploads\/sites\/8\/2023\/03\/Boletim-A-CIDADE-DE-EVORA.png\"><img loading=\"lazy\" decoding=\"async\" class=\"alignnone wp-image-12541\" src=\"https:\/\/www.cm-evora.pt\/culturaepatrimonio\/wp-content\/uploads\/sites\/8\/2023\/03\/Boletim-A-CIDADE-DE-EVORA.png\" alt=\"\" width=\"774\" height=\"523\" srcset=\"https:\/\/www.cm-evora.pt\/culturaepatrimonio\/wp-content\/uploads\/sites\/8\/2023\/03\/Boletim-A-CIDADE-DE-EVORA.png 559w, https:\/\/www.cm-evora.pt\/culturaepatrimonio\/wp-content\/uploads\/sites\/8\/2023\/03\/Boletim-A-CIDADE-DE-EVORA-300x203.png 300w\" sizes=\"auto, (max-width: 774px) 100vw, 774px\" \/><\/a><\/p>","protected":false},"excerpt":{"rendered":"<p>UNESCO Situada na plan\u00edcie alentejana, na conflu\u00eancia de tr\u00eas importantes bacias hidrogr\u00e1ficas \u2013 Tejo, Sado e Guadiana, e ponto de cruzamento milenar de vias e rotas comerciais da pen\u00ednsula, \u00c9vora adquiriu, desde a Antiguidade, uma import\u00e2ncia pol\u00edtica e social para todas as civiliza\u00e7\u00f5es que marcaram o atual territ\u00f3rio portugu\u00eas, possuindo como polo urbano a riqueza [&hellip;]<\/p>\n","protected":false},"author":71,"featured_media":0,"parent":149,"menu_order":0,"comment_status":"closed","ping_status":"closed","template":"templates-map\/component-text-layout1.php","meta":{"_acf_changed":false,"footnotes":""},"categories":[],"class_list":["post-12500","page","type-page","status-publish","hentry"],"acf":[],"_links":{"self":[{"href":"https:\/\/www.cm-evora.pt\/culturaepatrimonio\/wp-json\/wp\/v2\/pages\/12500","targetHints":{"allow":["GET"]}}],"collection":[{"href":"https:\/\/www.cm-evora.pt\/culturaepatrimonio\/wp-json\/wp\/v2\/pages"}],"about":[{"href":"https:\/\/www.cm-evora.pt\/culturaepatrimonio\/wp-json\/wp\/v2\/types\/page"}],"author":[{"embeddable":true,"href":"https:\/\/www.cm-evora.pt\/culturaepatrimonio\/wp-json\/wp\/v2\/users\/71"}],"replies":[{"embeddable":true,"href":"https:\/\/www.cm-evora.pt\/culturaepatrimonio\/wp-json\/wp\/v2\/comments?post=12500"}],"version-history":[{"count":13,"href":"https:\/\/www.cm-evora.pt\/culturaepatrimonio\/wp-json\/wp\/v2\/pages\/12500\/revisions"}],"predecessor-version":[{"id":12569,"href":"https:\/\/www.cm-evora.pt\/culturaepatrimonio\/wp-json\/wp\/v2\/pages\/12500\/revisions\/12569"}],"up":[{"embeddable":true,"href":"https:\/\/www.cm-evora.pt\/culturaepatrimonio\/wp-json\/wp\/v2\/pages\/149"}],"wp:attachment":[{"href":"https:\/\/www.cm-evora.pt\/culturaepatrimonio\/wp-json\/wp\/v2\/media?parent=12500"}],"wp:term":[{"taxonomy":"category","embeddable":true,"href":"https:\/\/www.cm-evora.pt\/culturaepatrimonio\/wp-json\/wp\/v2\/categories?post=12500"}],"curies":[{"name":"wp","href":"https:\/\/api.w.org\/{rel}","templated":true}]}}