{"id":12511,"date":"2023-03-23T09:30:47","date_gmt":"2023-03-23T09:30:47","guid":{"rendered":"https:\/\/www.cm-evora.pt\/culturaepatrimonio\/?page_id=12511"},"modified":"2023-03-30T15:07:47","modified_gmt":"2023-03-30T15:07:47","slug":"muralhas-e-sistema-defensivo","status":"publish","type":"page","link":"https:\/\/www.cm-evora.pt\/culturaepatrimonio\/cultura-e-patrimonio\/centro-historico\/accoes\/programas-de-conservacao-e-valorizacao\/muralhas-e-sistema-defensivo\/","title":{"rendered":"Muralhas e Sistema Defensivo"},"content":{"rendered":"<p><\/p>\n<p align=\"justify\">As Muralhas de \u00c9vora constituem um conjunto defensivo, de arquitetura militar, que foi sendo erguido ao longo de s\u00e9culos. A cerca mais antiga foi constru\u00edda no s\u00e9culo III, aquando do per\u00edodo da romaniza\u00e7\u00e3o, e estende-se por uma \u00e1rea de cerca de dez hectares com perto de dois mil metros de comprimento. Circundava a parte mais alta da cidade, onde hoje fica situada a S\u00e9 Catedral de \u00c9vora.<\/p>\n<p align=\"justify\">O centro hist\u00f3rico de \u00c9vora, bem delimitado pela cerca exterior, mant\u00e9m-se ainda hoje como o centro pol\u00edtico, administrativo, econ\u00f3mico e social da cidade.<\/p>\n<p align=\"justify\">O sistema defensivo da cidade de \u00c9vora \u00e9 formado por duas linhas de muralhas que correspondem a diferentes per\u00edodos de tempo. A segunda linha resultou do alargamento da \u00e1rea de habita\u00e7\u00e3o para al\u00e9m do per\u00edmetro da primeira muralha e da necessidade de prote\u00e7\u00e3o desse novo n\u00facleo.<\/p>\n<p align=\"justify\">A primeira muralha, conhecida por cerca-velha, \u00e9 de constru\u00e7\u00e3o romano-medieval e \u00e9 caraterizada por v\u00e1rias torres de diferentes formas: quadradas, circulares e poligonais. \u00c9 tamb\u00e9m marcada pelas v\u00e1rias portas estrategicamente posicionadas sobre os principais eixos vi\u00e1rios. Testemunho importante deste per\u00edodo \u00e9 a Porta de D.Isabel.<\/p>\n<p align=\"justify\">Do per\u00edodo visig\u00f3tico, temos a Torre Quadrangular, ou Torre de Sisebuto, rei visig\u00f3tico, a quem foi atribu\u00edda a constru\u00e7\u00e3o da muralha no s\u00e9culo VII. No entanto, sabe-se que esta torre \u00e9 uma constru\u00e7\u00e3o romana tardia, constru\u00edda no s\u00e9culo III. \u00c9 um elemento que faz parte da estrutura defensiva mais arcaica da cidade e que foi bastante alterada.<\/p>\n<p align=\"justify\">A segunda muralha, conhecida por cerca-nova, \u00e9 de constru\u00e7\u00e3o medieval, do s\u00e9culo XVI. Foi sendo refor\u00e7ada ao longo dos tempos e durante o s\u00e9culo XVII foi refor\u00e7ada com alguns baluartes bastante avan\u00e7ados As Muralhas de \u00c9vora apresentam uma grande variedade de estilos, marcados por v\u00e1rias altera\u00e7\u00f5es e restauros levados a cabo em diferentes \u00e9pocas por diferentes povos, como os Romanos, os Visigodos, os Mouros e os Portugueses Medievais. Foram utilizadas ao longo dos tempos como linhas defensivas fortificadas e, a partir do s\u00e9culo XVI, foram adaptadas ao uso da artilharia.<\/p>\n<p><\/br><br \/>\n<a href=\"https:\/\/www.cm-evora.pt\/culturaepatrimonio\/wp-content\/uploads\/sites\/8\/2023\/03\/Muralhas-e-sistema-defensivo.png\"><img loading=\"lazy\" decoding=\"async\" class=\"alignnone wp-image-12589\" src=\"https:\/\/www.cm-evora.pt\/culturaepatrimonio\/wp-content\/uploads\/sites\/8\/2023\/03\/Muralhas-e-sistema-defensivo.png\" alt=\"\" width=\"774\" height=\"518\" srcset=\"https:\/\/www.cm-evora.pt\/culturaepatrimonio\/wp-content\/uploads\/sites\/8\/2023\/03\/Muralhas-e-sistema-defensivo.png 826w, https:\/\/www.cm-evora.pt\/culturaepatrimonio\/wp-content\/uploads\/sites\/8\/2023\/03\/Muralhas-e-sistema-defensivo-300x201.png 300w, https:\/\/www.cm-evora.pt\/culturaepatrimonio\/wp-content\/uploads\/sites\/8\/2023\/03\/Muralhas-e-sistema-defensivo-768x514.png 768w\" sizes=\"auto, (max-width: 774px) 100vw, 774px\" \/><\/a><\/p>","protected":false},"excerpt":{"rendered":"<p>As Muralhas de \u00c9vora constituem um conjunto defensivo, de arquitetura militar, que foi sendo erguido ao longo de s\u00e9culos. A cerca mais antiga foi constru\u00edda no s\u00e9culo III, aquando do per\u00edodo da romaniza\u00e7\u00e3o, e estende-se por uma \u00e1rea de cerca de dez hectares com perto de dois mil metros de comprimento. Circundava a parte mais [&hellip;]<\/p>\n","protected":false},"author":71,"featured_media":0,"parent":12507,"menu_order":3,"comment_status":"closed","ping_status":"closed","template":"templates-map\/component-text-layout1.php","meta":{"_acf_changed":false,"footnotes":""},"categories":[],"class_list":["post-12511","page","type-page","status-publish","hentry"],"acf":[],"_links":{"self":[{"href":"https:\/\/www.cm-evora.pt\/culturaepatrimonio\/wp-json\/wp\/v2\/pages\/12511","targetHints":{"allow":["GET"]}}],"collection":[{"href":"https:\/\/www.cm-evora.pt\/culturaepatrimonio\/wp-json\/wp\/v2\/pages"}],"about":[{"href":"https:\/\/www.cm-evora.pt\/culturaepatrimonio\/wp-json\/wp\/v2\/types\/page"}],"author":[{"embeddable":true,"href":"https:\/\/www.cm-evora.pt\/culturaepatrimonio\/wp-json\/wp\/v2\/users\/71"}],"replies":[{"embeddable":true,"href":"https:\/\/www.cm-evora.pt\/culturaepatrimonio\/wp-json\/wp\/v2\/comments?post=12511"}],"version-history":[{"count":12,"href":"https:\/\/www.cm-evora.pt\/culturaepatrimonio\/wp-json\/wp\/v2\/pages\/12511\/revisions"}],"predecessor-version":[{"id":12595,"href":"https:\/\/www.cm-evora.pt\/culturaepatrimonio\/wp-json\/wp\/v2\/pages\/12511\/revisions\/12595"}],"up":[{"embeddable":true,"href":"https:\/\/www.cm-evora.pt\/culturaepatrimonio\/wp-json\/wp\/v2\/pages\/12507"}],"wp:attachment":[{"href":"https:\/\/www.cm-evora.pt\/culturaepatrimonio\/wp-json\/wp\/v2\/media?parent=12511"}],"wp:term":[{"taxonomy":"category","embeddable":true,"href":"https:\/\/www.cm-evora.pt\/culturaepatrimonio\/wp-json\/wp\/v2\/categories?post=12511"}],"curies":[{"name":"wp","href":"https:\/\/api.w.org\/{rel}","templated":true}]}}