{"id":12973,"date":"2023-10-23T11:10:09","date_gmt":"2023-10-23T11:10:09","guid":{"rendered":"https:\/\/www.cm-evora.pt\/culturaepatrimonio\/?page_id=12973"},"modified":"2023-10-23T16:35:14","modified_gmt":"2023-10-23T16:35:14","slug":"encontro-de-contadores-narradores-e-outros-pantomimeiros","status":"publish","type":"page","link":"https:\/\/www.cm-evora.pt\/culturaepatrimonio\/cultura-e-patrimonio\/accao-cultural\/encontro-de-contadores-narradores-e-outros-pantomimeiros\/","title":{"rendered":"Encontro de Contadores, Narradores e Outros Pantomimeiros"},"content":{"rendered":"<p><\/p>\n<div><img decoding=\"async\" class=\"alignnone size-full wp-image-12976\" src=\"https:\/\/www.cm-evora.pt\/culturaepatrimonio\/wp-content\/uploads\/sites\/8\/2023\/10\/EncontroCNOPII_2023.jpg\" alt=\"\" width=\"70%\" height=\"auto\" srcset=\"https:\/\/www.cm-evora.pt\/culturaepatrimonio\/wp-content\/uploads\/sites\/8\/2023\/10\/EncontroCNOPII_2023.jpg 1448w, https:\/\/www.cm-evora.pt\/culturaepatrimonio\/wp-content\/uploads\/sites\/8\/2023\/10\/EncontroCNOPII_2023-212x300.jpg 212w, https:\/\/www.cm-evora.pt\/culturaepatrimonio\/wp-content\/uploads\/sites\/8\/2023\/10\/EncontroCNOPII_2023-724x1024.jpg 724w, https:\/\/www.cm-evora.pt\/culturaepatrimonio\/wp-content\/uploads\/sites\/8\/2023\/10\/EncontroCNOPII_2023-768x1086.jpg 768w, https:\/\/www.cm-evora.pt\/culturaepatrimonio\/wp-content\/uploads\/sites\/8\/2023\/10\/EncontroCNOPII_2023-1086x1536.jpg 1086w, https:\/\/www.cm-evora.pt\/culturaepatrimonio\/wp-content\/uploads\/sites\/8\/2023\/10\/EncontroCNOPII_2023-1320x1867.jpg 1320w\" sizes=\"(max-width: 1448px) 100vw, 1448px\" \/><\/div>\n<p>&nbsp;<\/p>\n<div>\n<p style=\"text-align: justify\">1\u00aa outubro 2022<\/p>\n<p style=\"text-align: justify\">2\u00aa junho 2023<\/p>\n<p style=\"text-align: justify\">Encontro que procura desocultar e divulgar as nossas riquezas imateriais: contos, lendas e outras narra\u00e7\u00f5es. Um alerta para a import\u00e2ncia da Tradi\u00e7\u00e3o Oral.<\/p>\n<p><a href=\"https:\/\/www.cm-evora.pt\/dia-mundial-da-crianca-festejado-em-evora-com-muita-alegria-e-atividades\/\" target=\"_blank\" rel=\"noopener\">https:\/\/www.cm-evora.pt\/dia-mundial-da-crianca-festejado-em-evora-com-muita-alegria-e-atividades\/<\/a><\/p>\n<\/div>\n<p>&nbsp;<\/p>\n<div>\n<p><a href=\"https:\/\/www.cm-evora.pt\/culturaepatrimonio\/cultura-e-patrimonio\/accao-cultural\/ciclos-culturais-municipais\/\"><img decoding=\"async\" class=\"alignnone size-full wp-image-12864\" src=\"https:\/\/www.cm-evora.pt\/culturaepatrimonio\/wp-content\/uploads\/sites\/8\/2023\/10\/voltar.jpg\" alt=\"\" width=\"15%\" height=\"auto\" srcset=\"https:\/\/www.cm-evora.pt\/culturaepatrimonio\/wp-content\/uploads\/sites\/8\/2023\/10\/voltar.jpg 2169w, https:\/\/www.cm-evora.pt\/culturaepatrimonio\/wp-content\/uploads\/sites\/8\/2023\/10\/voltar-300x129.jpg 300w, https:\/\/www.cm-evora.pt\/culturaepatrimonio\/wp-content\/uploads\/sites\/8\/2023\/10\/voltar-1024x442.jpg 1024w, https:\/\/www.cm-evora.pt\/culturaepatrimonio\/wp-content\/uploads\/sites\/8\/2023\/10\/voltar-768x331.jpg 768w, https:\/\/www.cm-evora.pt\/culturaepatrimonio\/wp-content\/uploads\/sites\/8\/2023\/10\/voltar-1536x663.jpg 1536w, https:\/\/www.cm-evora.pt\/culturaepatrimonio\/wp-content\/uploads\/sites\/8\/2023\/10\/voltar-2048x884.jpg 2048w, https:\/\/www.cm-evora.pt\/culturaepatrimonio\/wp-content\/uploads\/sites\/8\/2023\/10\/voltar-1320x570.jpg 1320w\" sizes=\"(max-width: 2169px) 100vw, 2169px\" \/><\/a><\/p>\n<\/div>\n<p><\/p>","protected":false},"excerpt":{"rendered":"<p>&nbsp; 1\u00aa outubro 2022 2\u00aa junho 2023 Encontro que procura desocultar e divulgar as nossas riquezas imateriais: contos, lendas e outras narra\u00e7\u00f5es. Um alerta para a import\u00e2ncia da Tradi\u00e7\u00e3o Oral. https:\/\/www.cm-evora.pt\/dia-mundial-da-crianca-festejado-em-evora-com-muita-alegria-e-atividades\/ &nbsp;<\/p>\n","protected":false},"author":71,"featured_media":0,"parent":15,"menu_order":0,"comment_status":"closed","ping_status":"closed","template":"templates-map\/component-newsletter-unsubscribe-layout1.php","meta":{"_acf_changed":false,"footnotes":""},"categories":[],"class_list":["post-12973","page","type-page","status-publish","hentry"],"acf":[],"_links":{"self":[{"href":"https:\/\/www.cm-evora.pt\/culturaepatrimonio\/wp-json\/wp\/v2\/pages\/12973","targetHints":{"allow":["GET"]}}],"collection":[{"href":"https:\/\/www.cm-evora.pt\/culturaepatrimonio\/wp-json\/wp\/v2\/pages"}],"about":[{"href":"https:\/\/www.cm-evora.pt\/culturaepatrimonio\/wp-json\/wp\/v2\/types\/page"}],"author":[{"embeddable":true,"href":"https:\/\/www.cm-evora.pt\/culturaepatrimonio\/wp-json\/wp\/v2\/users\/71"}],"replies":[{"embeddable":true,"href":"https:\/\/www.cm-evora.pt\/culturaepatrimonio\/wp-json\/wp\/v2\/comments?post=12973"}],"version-history":[{"count":5,"href":"https:\/\/www.cm-evora.pt\/culturaepatrimonio\/wp-json\/wp\/v2\/pages\/12973\/revisions"}],"predecessor-version":[{"id":13016,"href":"https:\/\/www.cm-evora.pt\/culturaepatrimonio\/wp-json\/wp\/v2\/pages\/12973\/revisions\/13016"}],"up":[{"embeddable":true,"href":"https:\/\/www.cm-evora.pt\/culturaepatrimonio\/wp-json\/wp\/v2\/pages\/15"}],"wp:attachment":[{"href":"https:\/\/www.cm-evora.pt\/culturaepatrimonio\/wp-json\/wp\/v2\/media?parent=12973"}],"wp:term":[{"taxonomy":"category","embeddable":true,"href":"https:\/\/www.cm-evora.pt\/culturaepatrimonio\/wp-json\/wp\/v2\/categories?post=12973"}],"curies":[{"name":"wp","href":"https:\/\/api.w.org\/{rel}","templated":true}]}}