{"id":12982,"date":"2023-10-23T13:24:50","date_gmt":"2023-10-23T13:24:50","guid":{"rendered":"https:\/\/www.cm-evora.pt\/culturaepatrimonio\/?page_id=12982"},"modified":"2023-10-23T16:35:54","modified_gmt":"2023-10-23T16:35:54","slug":"festival-imaterial","status":"publish","type":"page","link":"https:\/\/www.cm-evora.pt\/culturaepatrimonio\/cultura-e-patrimonio\/accao-cultural\/festival-imaterial\/","title":{"rendered":"Festival Imaterial"},"content":{"rendered":"<p><\/p>\n<div><img decoding=\"async\" class=\"alignnone size-full wp-image-12984\" src=\"https:\/\/www.cm-evora.pt\/culturaepatrimonio\/wp-content\/uploads\/sites\/8\/2023\/10\/imaterial_2023.png\" alt=\"\" width=\"100%\" height=\"auto\" srcset=\"https:\/\/www.cm-evora.pt\/culturaepatrimonio\/wp-content\/uploads\/sites\/8\/2023\/10\/imaterial_2023.png 960w, https:\/\/www.cm-evora.pt\/culturaepatrimonio\/wp-content\/uploads\/sites\/8\/2023\/10\/imaterial_2023-300x166.png 300w, https:\/\/www.cm-evora.pt\/culturaepatrimonio\/wp-content\/uploads\/sites\/8\/2023\/10\/imaterial_2023-768x426.png 768w\" sizes=\"(max-width: 960px) 100vw, 960px\" \/><\/div>\n<p>&nbsp;<\/p>\n<div>\n<p style=\"text-align: justify\"><b>Festival Imaterial<\/b> \u2013 3 edi\u00e7\u00f5es<\/p>\n<p style=\"text-align: justify\">&#8211; 18 a 26 de junho 2021<\/p>\n<p style=\"text-align: justify\">&#8211; 1 a 9 de outubro 2022<\/p>\n<p style=\"text-align: justify\">&#8211; 17 a 25 de maio 2023<\/p>\n<p style=\"text-align: justify\">O Imaterial nasceu na sequ\u00eancia da atribui\u00e7\u00e3o, por parte da UNESCO, do estatuto de Patrim\u00f3nio Imaterial da Humanidade ao cante alentejano, express\u00e3o musical maior da regi\u00e3o do Alentejo, e da vontade de promover o di\u00e1logo entre esta m\u00fasica que soa \u00e0 voz da terra trabalhada de sol a sol e tantas outras que, nas mais variadas geografias, corporizam os costumes locais.<\/p>\n<p><a href=\"https:\/\/festivalimaterial.pt\/\" target=\"_blank\" rel=\"noopener\">https:\/\/festivalimaterial.pt\/<\/a><br \/>\n<a href=\"https:\/\/www.facebook.com\/festivalimaterial\" target=\"_blank\" rel=\"noopener\">https:\/\/www.facebook.com\/festivalimaterial<\/a><br \/>\n<a href=\"https:\/\/www.instagram.com\/festival_imaterial\/\" target=\"_blank\" rel=\"noopener\">https:\/\/www.instagram.com\/festival_imaterial\/<\/a><\/p>\n<\/div>\n<p>&nbsp;<\/p>\n<div>\n<p><a href=\"https:\/\/www.cm-evora.pt\/culturaepatrimonio\/cultura-e-patrimonio\/accao-cultural\/ciclos-culturais-municipais\/\"><img decoding=\"async\" class=\"alignnone size-full wp-image-12864\" src=\"https:\/\/www.cm-evora.pt\/culturaepatrimonio\/wp-content\/uploads\/sites\/8\/2023\/10\/voltar.jpg\" alt=\"\" width=\"15%\" height=\"auto\" srcset=\"https:\/\/www.cm-evora.pt\/culturaepatrimonio\/wp-content\/uploads\/sites\/8\/2023\/10\/voltar.jpg 2169w, https:\/\/www.cm-evora.pt\/culturaepatrimonio\/wp-content\/uploads\/sites\/8\/2023\/10\/voltar-300x129.jpg 300w, https:\/\/www.cm-evora.pt\/culturaepatrimonio\/wp-content\/uploads\/sites\/8\/2023\/10\/voltar-1024x442.jpg 1024w, https:\/\/www.cm-evora.pt\/culturaepatrimonio\/wp-content\/uploads\/sites\/8\/2023\/10\/voltar-768x331.jpg 768w, https:\/\/www.cm-evora.pt\/culturaepatrimonio\/wp-content\/uploads\/sites\/8\/2023\/10\/voltar-1536x663.jpg 1536w, https:\/\/www.cm-evora.pt\/culturaepatrimonio\/wp-content\/uploads\/sites\/8\/2023\/10\/voltar-2048x884.jpg 2048w, https:\/\/www.cm-evora.pt\/culturaepatrimonio\/wp-content\/uploads\/sites\/8\/2023\/10\/voltar-1320x570.jpg 1320w\" sizes=\"(max-width: 2169px) 100vw, 2169px\" \/><\/a><\/p>\n<\/div>\n<p><\/p>","protected":false},"excerpt":{"rendered":"<p>&nbsp; Festival Imaterial \u2013 3 edi\u00e7\u00f5es &#8211; 18 a 26 de junho 2021 &#8211; 1 a 9 de outubro 2022 &#8211; 17 a 25 de maio 2023 O Imaterial nasceu na sequ\u00eancia da atribui\u00e7\u00e3o, por parte da UNESCO, do estatuto de Patrim\u00f3nio Imaterial da Humanidade ao cante alentejano, express\u00e3o musical maior da regi\u00e3o do Alentejo, [&hellip;]<\/p>\n","protected":false},"author":71,"featured_media":0,"parent":15,"menu_order":0,"comment_status":"closed","ping_status":"closed","template":"templates-map\/component-newsletter-unsubscribe-layout1.php","meta":{"_acf_changed":false,"footnotes":""},"categories":[],"class_list":["post-12982","page","type-page","status-publish","hentry"],"acf":[],"_links":{"self":[{"href":"https:\/\/www.cm-evora.pt\/culturaepatrimonio\/wp-json\/wp\/v2\/pages\/12982","targetHints":{"allow":["GET"]}}],"collection":[{"href":"https:\/\/www.cm-evora.pt\/culturaepatrimonio\/wp-json\/wp\/v2\/pages"}],"about":[{"href":"https:\/\/www.cm-evora.pt\/culturaepatrimonio\/wp-json\/wp\/v2\/types\/page"}],"author":[{"embeddable":true,"href":"https:\/\/www.cm-evora.pt\/culturaepatrimonio\/wp-json\/wp\/v2\/users\/71"}],"replies":[{"embeddable":true,"href":"https:\/\/www.cm-evora.pt\/culturaepatrimonio\/wp-json\/wp\/v2\/comments?post=12982"}],"version-history":[{"count":3,"href":"https:\/\/www.cm-evora.pt\/culturaepatrimonio\/wp-json\/wp\/v2\/pages\/12982\/revisions"}],"predecessor-version":[{"id":13017,"href":"https:\/\/www.cm-evora.pt\/culturaepatrimonio\/wp-json\/wp\/v2\/pages\/12982\/revisions\/13017"}],"up":[{"embeddable":true,"href":"https:\/\/www.cm-evora.pt\/culturaepatrimonio\/wp-json\/wp\/v2\/pages\/15"}],"wp:attachment":[{"href":"https:\/\/www.cm-evora.pt\/culturaepatrimonio\/wp-json\/wp\/v2\/media?parent=12982"}],"wp:term":[{"taxonomy":"category","embeddable":true,"href":"https:\/\/www.cm-evora.pt\/culturaepatrimonio\/wp-json\/wp\/v2\/categories?post=12982"}],"curies":[{"name":"wp","href":"https:\/\/api.w.org\/{rel}","templated":true}]}}