{"id":12989,"date":"2023-10-23T13:34:44","date_gmt":"2023-10-23T13:34:44","guid":{"rendered":"https:\/\/www.cm-evora.pt\/culturaepatrimonio\/?page_id=12989"},"modified":"2023-10-24T14:34:59","modified_gmt":"2023-10-24T14:34:59","slug":"fime","status":"publish","type":"page","link":"https:\/\/www.cm-evora.pt\/culturaepatrimonio\/cultura-e-patrimonio\/accao-cultural\/fime\/","title":{"rendered":"FIM\u00c9 \u2013 Festival Internacional de M\u00fasica de \u00c9vora"},"content":{"rendered":"<p><\/p>\n<div><img decoding=\"async\" class=\"alignnone size-full wp-image-13048\" src=\"https:\/\/www.cm-evora.pt\/culturaepatrimonio\/wp-content\/uploads\/sites\/8\/2023\/10\/FIME_2019.jpg\" alt=\"\" width=\"100%\" height=\"auto\" srcset=\"https:\/\/www.cm-evora.pt\/culturaepatrimonio\/wp-content\/uploads\/sites\/8\/2023\/10\/FIME_2019.jpg 700w, https:\/\/www.cm-evora.pt\/culturaepatrimonio\/wp-content\/uploads\/sites\/8\/2023\/10\/FIME_2019-300x114.jpg 300w\" sizes=\"(max-width: 700px) 100vw, 700px\" \/><\/div>\n<p>&nbsp;<\/p>\n<div>\n<p style=\"text-align: justify\">&#8211; 2018<\/p>\n<p style=\"text-align: justify\">&#8211; 21 a 25 agosto 2019<\/p>\n<p style=\"text-align: justify\">O FIM\u00c9 \u00e9 um festival de m\u00fasica dedicado \u00e0 m\u00fasica cl\u00e1ssica. O repert\u00f3rio do Renascimento ao Barroco \u00e9 muito vasto e em constante re-descoberta, para al\u00e9m da divulga\u00e7\u00e3o de algumas das mais conhecidas obras destes per\u00edodos uma das inten\u00e7\u00f5es e prioridades do Festival \u00e9 dar a oportunidade ao p\u00fablico de escutar obras menos conhecidas.<\/p>\n<p style=\"text-align: justify\">O Festival traz \u00e0 cidade um leque de m\u00fasicos internacionais que interpretam algumas das mais marcantes e impressionantes obras destes per\u00edodos.<\/p>\n<p><a href=\"https:\/\/fimevora.pt\/\" target=\"_blank\" rel=\"noopener\">https:\/\/fimevora.pt\/<\/a><br \/>\n<a href=\"https:\/\/www.facebook.com\/profile.php?id=100063558484681\" target=\"_blank\" rel=\"noopener\">https:\/\/www.facebook.com\/profile.php?id=100063558484681<\/a><br \/>\n<a href=\"https:\/\/www.instagram.com\/fime_evora\/\" target=\"_blank\" rel=\"noopener\">https:\/\/www.instagram.com\/fime_evora\/<\/a><\/p>\n<\/div>\n<p>&nbsp;<\/p>\n<div>\n<p><a href=\"https:\/\/www.cm-evora.pt\/culturaepatrimonio\/cultura-e-patrimonio\/accao-cultural\/ciclos-culturais-municipais\/\"><img decoding=\"async\" class=\"alignnone size-full wp-image-12864\" src=\"https:\/\/www.cm-evora.pt\/culturaepatrimonio\/wp-content\/uploads\/sites\/8\/2023\/10\/voltar.jpg\" alt=\"\" width=\"15%\" height=\"auto\" srcset=\"https:\/\/www.cm-evora.pt\/culturaepatrimonio\/wp-content\/uploads\/sites\/8\/2023\/10\/voltar.jpg 2169w, https:\/\/www.cm-evora.pt\/culturaepatrimonio\/wp-content\/uploads\/sites\/8\/2023\/10\/voltar-300x129.jpg 300w, https:\/\/www.cm-evora.pt\/culturaepatrimonio\/wp-content\/uploads\/sites\/8\/2023\/10\/voltar-1024x442.jpg 1024w, https:\/\/www.cm-evora.pt\/culturaepatrimonio\/wp-content\/uploads\/sites\/8\/2023\/10\/voltar-768x331.jpg 768w, https:\/\/www.cm-evora.pt\/culturaepatrimonio\/wp-content\/uploads\/sites\/8\/2023\/10\/voltar-1536x663.jpg 1536w, https:\/\/www.cm-evora.pt\/culturaepatrimonio\/wp-content\/uploads\/sites\/8\/2023\/10\/voltar-2048x884.jpg 2048w, https:\/\/www.cm-evora.pt\/culturaepatrimonio\/wp-content\/uploads\/sites\/8\/2023\/10\/voltar-1320x570.jpg 1320w\" sizes=\"(max-width: 2169px) 100vw, 2169px\" \/><\/a><\/p>\n<\/div>\n<p><\/p>","protected":false},"excerpt":{"rendered":"<p>&nbsp; &#8211; 2018 &#8211; 21 a 25 agosto 2019 O FIM\u00c9 \u00e9 um festival de m\u00fasica dedicado \u00e0 m\u00fasica cl\u00e1ssica. O repert\u00f3rio do Renascimento ao Barroco \u00e9 muito vasto e em constante re-descoberta, para al\u00e9m da divulga\u00e7\u00e3o de algumas das mais conhecidas obras destes per\u00edodos uma das inten\u00e7\u00f5es e prioridades do Festival \u00e9 dar a [&hellip;]<\/p>\n","protected":false},"author":71,"featured_media":0,"parent":15,"menu_order":0,"comment_status":"closed","ping_status":"closed","template":"templates-map\/component-newsletter-unsubscribe-layout1.php","meta":{"_acf_changed":false,"footnotes":""},"categories":[],"class_list":["post-12989","page","type-page","status-publish","hentry"],"acf":[],"_links":{"self":[{"href":"https:\/\/www.cm-evora.pt\/culturaepatrimonio\/wp-json\/wp\/v2\/pages\/12989","targetHints":{"allow":["GET"]}}],"collection":[{"href":"https:\/\/www.cm-evora.pt\/culturaepatrimonio\/wp-json\/wp\/v2\/pages"}],"about":[{"href":"https:\/\/www.cm-evora.pt\/culturaepatrimonio\/wp-json\/wp\/v2\/types\/page"}],"author":[{"embeddable":true,"href":"https:\/\/www.cm-evora.pt\/culturaepatrimonio\/wp-json\/wp\/v2\/users\/71"}],"replies":[{"embeddable":true,"href":"https:\/\/www.cm-evora.pt\/culturaepatrimonio\/wp-json\/wp\/v2\/comments?post=12989"}],"version-history":[{"count":6,"href":"https:\/\/www.cm-evora.pt\/culturaepatrimonio\/wp-json\/wp\/v2\/pages\/12989\/revisions"}],"predecessor-version":[{"id":13051,"href":"https:\/\/www.cm-evora.pt\/culturaepatrimonio\/wp-json\/wp\/v2\/pages\/12989\/revisions\/13051"}],"up":[{"embeddable":true,"href":"https:\/\/www.cm-evora.pt\/culturaepatrimonio\/wp-json\/wp\/v2\/pages\/15"}],"wp:attachment":[{"href":"https:\/\/www.cm-evora.pt\/culturaepatrimonio\/wp-json\/wp\/v2\/media?parent=12989"}],"wp:term":[{"taxonomy":"category","embeddable":true,"href":"https:\/\/www.cm-evora.pt\/culturaepatrimonio\/wp-json\/wp\/v2\/categories?post=12989"}],"curies":[{"name":"wp","href":"https:\/\/api.w.org\/{rel}","templated":true}]}}