{"id":13064,"date":"2023-10-24T15:02:17","date_gmt":"2023-10-24T15:02:17","guid":{"rendered":"https:\/\/www.cm-evora.pt\/culturaepatrimonio\/?page_id=13064"},"modified":"2023-10-24T15:02:17","modified_gmt":"2023-10-24T15:02:17","slug":"artes-a-rua","status":"publish","type":"page","link":"https:\/\/www.cm-evora.pt\/culturaepatrimonio\/cultura-e-patrimonio\/accao-cultural\/artes-a-rua\/","title":{"rendered":"Artes \u00e0 Rua"},"content":{"rendered":"<p><\/p>\n<div><img decoding=\"async\" class=\"alignnone size-full wp-image-13065\" src=\"https:\/\/www.cm-evora.pt\/culturaepatrimonio\/wp-content\/uploads\/sites\/8\/2023\/10\/Artesarua_2023.jpeg\" alt=\"\" width=\"70%\" height=\"auto\" srcset=\"https:\/\/www.cm-evora.pt\/culturaepatrimonio\/wp-content\/uploads\/sites\/8\/2023\/10\/Artesarua_2023.jpeg 825w, https:\/\/www.cm-evora.pt\/culturaepatrimonio\/wp-content\/uploads\/sites\/8\/2023\/10\/Artesarua_2023-210x300.jpeg 210w, https:\/\/www.cm-evora.pt\/culturaepatrimonio\/wp-content\/uploads\/sites\/8\/2023\/10\/Artesarua_2023-716x1024.jpeg 716w, https:\/\/www.cm-evora.pt\/culturaepatrimonio\/wp-content\/uploads\/sites\/8\/2023\/10\/Artesarua_2023-768x1098.jpeg 768w\" sizes=\"(max-width: 825px) 100vw, 825px\" \/><\/div>\n<p>&nbsp;<\/p>\n<div>\n<p style=\"text-align: justify\"><b>Artes \u00e0 Rua<\/b> &#8211; 5 edi\u00e7\u00f5es<\/p>\n<p style=\"text-align: justify\">&#8211; 8 de julho a 27 de agosto 2017<\/p>\n<p style=\"text-align: justify\">&#8211; 12 de julho a 6 de setembro 2018<\/p>\n<p style=\"text-align: justify\">&#8211; 13 de julho a 5 de setembro 2019<\/p>\n<p style=\"text-align: justify\">&#8211; 28 julho a 14 de agosto 2022<\/p>\n<p style=\"text-align: justify\">&#8211; 5 a 10 de setembro 2023<\/p>\n<p style=\"text-align: justify\">O \u201cArtes \u00e0 Rua\u201d \u2013 Festival de arte p\u00fablica promovido pela C\u00e2mara Municipal de \u00c9vora.<\/p>\n<p style=\"text-align: justify\">O evento promove in\u00fameras manifesta\u00e7\u00f5es art\u00edsticas em espa\u00e7o p\u00fablico e de acesso gratuito. A m\u00fasica, o teatro, a dan\u00e7a, o cinema, as exposi\u00e7\u00f5es, as resid\u00eancias, as performances e algumas produ\u00e7\u00f5es especiais acontecem em pra\u00e7as, ruas e largos do centro hist\u00f3rico.<\/p>\n<p><a href=\"https:\/\/www.facebook.com\/artes.a.rua.evora\" target=\"_blank\" rel=\"noopener\">https:\/\/www.facebook.com\/artes.a.rua.evora<\/a><br \/>\n<a href=\"https:\/\/www.instagram.com\/artes_a_rua\/\" target=\"_blank\" rel=\"noopener\">https:\/\/www.instagram.com\/artes_a_rua\/<\/a><\/p>\n<\/div>\n<p>&nbsp;<\/p>\n<div>\n<p><a href=\"https:\/\/www.cm-evora.pt\/culturaepatrimonio\/cultura-e-patrimonio\/accao-cultural\/ciclos-culturais-municipais\/\"><img decoding=\"async\" class=\"alignnone size-full wp-image-12864\" src=\"https:\/\/www.cm-evora.pt\/culturaepatrimonio\/wp-content\/uploads\/sites\/8\/2023\/10\/voltar.jpg\" alt=\"\" width=\"15%\" height=\"auto\" srcset=\"https:\/\/www.cm-evora.pt\/culturaepatrimonio\/wp-content\/uploads\/sites\/8\/2023\/10\/voltar.jpg 2169w, https:\/\/www.cm-evora.pt\/culturaepatrimonio\/wp-content\/uploads\/sites\/8\/2023\/10\/voltar-300x129.jpg 300w, https:\/\/www.cm-evora.pt\/culturaepatrimonio\/wp-content\/uploads\/sites\/8\/2023\/10\/voltar-1024x442.jpg 1024w, https:\/\/www.cm-evora.pt\/culturaepatrimonio\/wp-content\/uploads\/sites\/8\/2023\/10\/voltar-768x331.jpg 768w, https:\/\/www.cm-evora.pt\/culturaepatrimonio\/wp-content\/uploads\/sites\/8\/2023\/10\/voltar-1536x663.jpg 1536w, https:\/\/www.cm-evora.pt\/culturaepatrimonio\/wp-content\/uploads\/sites\/8\/2023\/10\/voltar-2048x884.jpg 2048w, https:\/\/www.cm-evora.pt\/culturaepatrimonio\/wp-content\/uploads\/sites\/8\/2023\/10\/voltar-1320x570.jpg 1320w\" sizes=\"(max-width: 2169px) 100vw, 2169px\" \/><\/a><\/p>\n<\/div>\n<p><\/p>","protected":false},"excerpt":{"rendered":"<p>&nbsp; Artes \u00e0 Rua &#8211; 5 edi\u00e7\u00f5es &#8211; 8 de julho a 27 de agosto 2017 &#8211; 12 de julho a 6 de setembro 2018 &#8211; 13 de julho a 5 de setembro 2019 &#8211; 28 julho a 14 de agosto 2022 &#8211; 5 a 10 de setembro 2023 O \u201cArtes \u00e0 Rua\u201d \u2013 Festival [&hellip;]<\/p>\n","protected":false},"author":71,"featured_media":0,"parent":15,"menu_order":0,"comment_status":"closed","ping_status":"closed","template":"templates-map\/component-newsletter-unsubscribe-layout1.php","meta":{"_acf_changed":false,"footnotes":""},"categories":[],"class_list":["post-13064","page","type-page","status-publish","hentry"],"acf":[],"_links":{"self":[{"href":"https:\/\/www.cm-evora.pt\/culturaepatrimonio\/wp-json\/wp\/v2\/pages\/13064","targetHints":{"allow":["GET"]}}],"collection":[{"href":"https:\/\/www.cm-evora.pt\/culturaepatrimonio\/wp-json\/wp\/v2\/pages"}],"about":[{"href":"https:\/\/www.cm-evora.pt\/culturaepatrimonio\/wp-json\/wp\/v2\/types\/page"}],"author":[{"embeddable":true,"href":"https:\/\/www.cm-evora.pt\/culturaepatrimonio\/wp-json\/wp\/v2\/users\/71"}],"replies":[{"embeddable":true,"href":"https:\/\/www.cm-evora.pt\/culturaepatrimonio\/wp-json\/wp\/v2\/comments?post=13064"}],"version-history":[{"count":1,"href":"https:\/\/www.cm-evora.pt\/culturaepatrimonio\/wp-json\/wp\/v2\/pages\/13064\/revisions"}],"predecessor-version":[{"id":13066,"href":"https:\/\/www.cm-evora.pt\/culturaepatrimonio\/wp-json\/wp\/v2\/pages\/13064\/revisions\/13066"}],"up":[{"embeddable":true,"href":"https:\/\/www.cm-evora.pt\/culturaepatrimonio\/wp-json\/wp\/v2\/pages\/15"}],"wp:attachment":[{"href":"https:\/\/www.cm-evora.pt\/culturaepatrimonio\/wp-json\/wp\/v2\/media?parent=13064"}],"wp:term":[{"taxonomy":"category","embeddable":true,"href":"https:\/\/www.cm-evora.pt\/culturaepatrimonio\/wp-json\/wp\/v2\/categories?post=13064"}],"curies":[{"name":"wp","href":"https:\/\/api.w.org\/{rel}","templated":true}]}}