{"id":13077,"date":"2023-10-25T09:34:30","date_gmt":"2023-10-25T09:34:30","guid":{"rendered":"https:\/\/www.cm-evora.pt\/culturaepatrimonio\/?page_id=13077"},"modified":"2023-10-25T09:34:30","modified_gmt":"2023-10-25T09:34:30","slug":"natal-e-passagem-de-ano","status":"publish","type":"page","link":"https:\/\/www.cm-evora.pt\/culturaepatrimonio\/cultura-e-patrimonio\/accao-cultural\/natal-e-passagem-de-ano\/","title":{"rendered":"Natal e Passagem de Ano"},"content":{"rendered":"<p><\/p>\n<div><img loading=\"lazy\" decoding=\"async\" class=\"alignnone size-full wp-image-13076\" src=\"https:\/\/www.cm-evora.pt\/culturaepatrimonio\/wp-content\/uploads\/sites\/8\/2023\/10\/JardimNatal_2023.jpg\" alt=\"\" width=\"2560\" height=\"933\" srcset=\"https:\/\/www.cm-evora.pt\/culturaepatrimonio\/wp-content\/uploads\/sites\/8\/2023\/10\/JardimNatal_2023.jpg 2560w, https:\/\/www.cm-evora.pt\/culturaepatrimonio\/wp-content\/uploads\/sites\/8\/2023\/10\/JardimNatal_2023-300x109.jpg 300w, https:\/\/www.cm-evora.pt\/culturaepatrimonio\/wp-content\/uploads\/sites\/8\/2023\/10\/JardimNatal_2023-1024x373.jpg 1024w, https:\/\/www.cm-evora.pt\/culturaepatrimonio\/wp-content\/uploads\/sites\/8\/2023\/10\/JardimNatal_2023-768x280.jpg 768w, https:\/\/www.cm-evora.pt\/culturaepatrimonio\/wp-content\/uploads\/sites\/8\/2023\/10\/JardimNatal_2023-1536x560.jpg 1536w, https:\/\/www.cm-evora.pt\/culturaepatrimonio\/wp-content\/uploads\/sites\/8\/2023\/10\/JardimNatal_2023-2048x746.jpg 2048w, https:\/\/www.cm-evora.pt\/culturaepatrimonio\/wp-content\/uploads\/sites\/8\/2023\/10\/JardimNatal_2023-1320x481.jpg 1320w\" sizes=\"auto, (max-width: 2560px) 100vw, 2560px\" \/><\/div>\n<p>&nbsp;<\/p>\n<div>\n<p style=\"text-align: justify\"><b>Natal e Passagem de ano<\/b><\/p>\n<p style=\"text-align: justify\">O programa inclui o habitual Jardim de Natal, com Feira de Artesanato, anima\u00e7\u00e3o de rua, espet\u00e1culos infantis, parada do Pai Natal, concertos, espet\u00e1culo de magia, teatro, contos, visitas guiadas ao Centro Interpretativo de \u00c9vora, baile e atividades para as fam\u00edlias.<\/p>\n<p style=\"text-align: justify\">Na noite da passagem de ano, al\u00e9m do concerto, h\u00e1 fogo-de-artif\u00edcio e atua\u00e7\u00f5es de dj\u2019s.<\/p>\n<p><a href=\"https:\/\/www.cm-evora.pt\/na-horta-das-laranjeiras-jardim-de-natal-anima-evora-nesta-quadra\/\" target=\"_blank\" rel=\"noopener\">https:\/\/www.cm-evora.pt\/na-horta-das-laranjeiras-jardim-de-natal-anima-evora-nesta-quadra\/<\/a><\/p>\n<\/div>\n<p>&nbsp;<\/p>\n<div>\n<p><a href=\"https:\/\/www.cm-evora.pt\/culturaepatrimonio\/cultura-e-patrimonio\/accao-cultural\/ciclos-culturais-municipais\/\"><img decoding=\"async\" class=\"alignnone size-full wp-image-12864\" src=\"https:\/\/www.cm-evora.pt\/culturaepatrimonio\/wp-content\/uploads\/sites\/8\/2023\/10\/voltar.jpg\" alt=\"\" width=\"15%\" height=\"auto\" srcset=\"https:\/\/www.cm-evora.pt\/culturaepatrimonio\/wp-content\/uploads\/sites\/8\/2023\/10\/voltar.jpg 2169w, https:\/\/www.cm-evora.pt\/culturaepatrimonio\/wp-content\/uploads\/sites\/8\/2023\/10\/voltar-300x129.jpg 300w, https:\/\/www.cm-evora.pt\/culturaepatrimonio\/wp-content\/uploads\/sites\/8\/2023\/10\/voltar-1024x442.jpg 1024w, https:\/\/www.cm-evora.pt\/culturaepatrimonio\/wp-content\/uploads\/sites\/8\/2023\/10\/voltar-768x331.jpg 768w, https:\/\/www.cm-evora.pt\/culturaepatrimonio\/wp-content\/uploads\/sites\/8\/2023\/10\/voltar-1536x663.jpg 1536w, https:\/\/www.cm-evora.pt\/culturaepatrimonio\/wp-content\/uploads\/sites\/8\/2023\/10\/voltar-2048x884.jpg 2048w, https:\/\/www.cm-evora.pt\/culturaepatrimonio\/wp-content\/uploads\/sites\/8\/2023\/10\/voltar-1320x570.jpg 1320w\" sizes=\"(max-width: 2169px) 100vw, 2169px\" \/><\/a><\/p>\n<\/div>\n<p><\/p>","protected":false},"excerpt":{"rendered":"<p>&nbsp; Natal e Passagem de ano O programa inclui o habitual Jardim de Natal, com Feira de Artesanato, anima\u00e7\u00e3o de rua, espet\u00e1culos infantis, parada do Pai Natal, concertos, espet\u00e1culo de magia, teatro, contos, visitas guiadas ao Centro Interpretativo de \u00c9vora, baile e atividades para as fam\u00edlias. Na noite da passagem de ano, al\u00e9m do concerto, [&hellip;]<\/p>\n","protected":false},"author":71,"featured_media":0,"parent":15,"menu_order":0,"comment_status":"closed","ping_status":"closed","template":"templates-map\/component-newsletter-unsubscribe-layout1.php","meta":{"_acf_changed":false,"footnotes":""},"categories":[],"class_list":["post-13077","page","type-page","status-publish","hentry"],"acf":[],"_links":{"self":[{"href":"https:\/\/www.cm-evora.pt\/culturaepatrimonio\/wp-json\/wp\/v2\/pages\/13077","targetHints":{"allow":["GET"]}}],"collection":[{"href":"https:\/\/www.cm-evora.pt\/culturaepatrimonio\/wp-json\/wp\/v2\/pages"}],"about":[{"href":"https:\/\/www.cm-evora.pt\/culturaepatrimonio\/wp-json\/wp\/v2\/types\/page"}],"author":[{"embeddable":true,"href":"https:\/\/www.cm-evora.pt\/culturaepatrimonio\/wp-json\/wp\/v2\/users\/71"}],"replies":[{"embeddable":true,"href":"https:\/\/www.cm-evora.pt\/culturaepatrimonio\/wp-json\/wp\/v2\/comments?post=13077"}],"version-history":[{"count":1,"href":"https:\/\/www.cm-evora.pt\/culturaepatrimonio\/wp-json\/wp\/v2\/pages\/13077\/revisions"}],"predecessor-version":[{"id":13078,"href":"https:\/\/www.cm-evora.pt\/culturaepatrimonio\/wp-json\/wp\/v2\/pages\/13077\/revisions\/13078"}],"up":[{"embeddable":true,"href":"https:\/\/www.cm-evora.pt\/culturaepatrimonio\/wp-json\/wp\/v2\/pages\/15"}],"wp:attachment":[{"href":"https:\/\/www.cm-evora.pt\/culturaepatrimonio\/wp-json\/wp\/v2\/media?parent=13077"}],"wp:term":[{"taxonomy":"category","embeddable":true,"href":"https:\/\/www.cm-evora.pt\/culturaepatrimonio\/wp-json\/wp\/v2\/categories?post=13077"}],"curies":[{"name":"wp","href":"https:\/\/api.w.org\/{rel}","templated":true}]}}