{"id":344,"date":"2020-10-16T15:28:09","date_gmt":"2020-10-16T15:28:09","guid":{"rendered":"https:\/\/www.cm-evora.pt\/culturaepatrimonio\/?page_id=344"},"modified":"2020-11-20T11:17:37","modified_gmt":"2020-11-20T11:17:37","slug":"plataforma-sketchfab","status":"publish","type":"page","link":"https:\/\/www.cm-evora.pt\/culturaepatrimonio\/cultura-e-patrimonio\/centro-historico\/evora-3d\/plataforma-sketchfab\/","title":{"rendered":"Museu Virtual"},"content":{"rendered":"<p><img loading=\"lazy\" decoding=\"async\" class=\"alignnone size-full wp-image-594\" src=\"https:\/\/www.cm-evora.pt\/culturaepatrimonio\/wp-content\/uploads\/sites\/8\/2020\/11\/banner_museu_virtual_original.jpg\" alt=\"\" width=\"931\" height=\"179\" srcset=\"https:\/\/www.cm-evora.pt\/culturaepatrimonio\/wp-content\/uploads\/sites\/8\/2020\/11\/banner_museu_virtual_original.jpg 931w, https:\/\/www.cm-evora.pt\/culturaepatrimonio\/wp-content\/uploads\/sites\/8\/2020\/11\/banner_museu_virtual_original-300x58.jpg 300w, https:\/\/www.cm-evora.pt\/culturaepatrimonio\/wp-content\/uploads\/sites\/8\/2020\/11\/banner_museu_virtual_original-768x148.jpg 768w\" sizes=\"auto, (max-width: 931px) 100vw, 931px\" \/><\/p>\n<p>O Museu Virtual pretende ser uma sec\u00e7\u00e3o destinada \u00e0 partilha de registos digitais, com especial enfoque no esp\u00f3lio arqueol\u00f3gico \u00e0 guarda do Munic\u00edpio<br \/>\neborense. Em paralelo, ser\u00e1 tamb\u00e9m nesta sec\u00e7\u00e3o que se disponibilizam levantamentos fotogram\u00e9tricos e outros conte\u00fados digitais, numa tentativa de<br \/>\ndisponibilizar ao p\u00fablico uma volumosa base de dados e contribuindo, de forma din\u00e2mica, para a preserva\u00e7\u00e3o da mem\u00f3ria e do patrim\u00f3nio de \u00c9vora.<br \/>\nO utilizador tem acesso a um visualizador 3D, estando alojados todos os registos na plataforma SketchFab, permitindo a descoberta imersiva da pe\u00e7a,<br \/>\nbem como acesso a um conjunto de informa\u00e7\u00f5es descritivas sobre a visualiza\u00e7\u00e3o. A sec\u00e7\u00e3o encontra-se dividida em cronologias, de forma a facilitar o<br \/>\nacesso a dados espec\u00edficos.<\/p>","protected":false},"excerpt":{"rendered":"<p>O Museu Virtual pretende ser uma sec\u00e7\u00e3o destinada \u00e0 partilha de registos digitais, com especial enfoque no esp\u00f3lio arqueol\u00f3gico \u00e0 guarda do Munic\u00edpio eborense. Em paralelo, ser\u00e1 tamb\u00e9m nesta sec\u00e7\u00e3o que se disponibilizam levantamentos fotogram\u00e9tricos e outros conte\u00fados digitais, numa tentativa de disponibilizar ao p\u00fablico uma volumosa base de dados e contribuindo, de forma din\u00e2mica, [&hellip;]<\/p>\n","protected":false},"author":34,"featured_media":0,"parent":171,"menu_order":0,"comment_status":"closed","ping_status":"closed","template":"templates-map\/component-text-list-layout2.php","meta":{"_acf_changed":false,"footnotes":""},"categories":[],"class_list":["post-344","page","type-page","status-publish","hentry"],"acf":[],"_links":{"self":[{"href":"https:\/\/www.cm-evora.pt\/culturaepatrimonio\/wp-json\/wp\/v2\/pages\/344","targetHints":{"allow":["GET"]}}],"collection":[{"href":"https:\/\/www.cm-evora.pt\/culturaepatrimonio\/wp-json\/wp\/v2\/pages"}],"about":[{"href":"https:\/\/www.cm-evora.pt\/culturaepatrimonio\/wp-json\/wp\/v2\/types\/page"}],"author":[{"embeddable":true,"href":"https:\/\/www.cm-evora.pt\/culturaepatrimonio\/wp-json\/wp\/v2\/users\/34"}],"replies":[{"embeddable":true,"href":"https:\/\/www.cm-evora.pt\/culturaepatrimonio\/wp-json\/wp\/v2\/comments?post=344"}],"version-history":[{"count":24,"href":"https:\/\/www.cm-evora.pt\/culturaepatrimonio\/wp-json\/wp\/v2\/pages\/344\/revisions"}],"predecessor-version":[{"id":595,"href":"https:\/\/www.cm-evora.pt\/culturaepatrimonio\/wp-json\/wp\/v2\/pages\/344\/revisions\/595"}],"up":[{"embeddable":true,"href":"https:\/\/www.cm-evora.pt\/culturaepatrimonio\/wp-json\/wp\/v2\/pages\/171"}],"wp:attachment":[{"href":"https:\/\/www.cm-evora.pt\/culturaepatrimonio\/wp-json\/wp\/v2\/media?parent=344"}],"wp:term":[{"taxonomy":"category","embeddable":true,"href":"https:\/\/www.cm-evora.pt\/culturaepatrimonio\/wp-json\/wp\/v2\/categories?post=344"}],"curies":[{"name":"wp","href":"https:\/\/api.w.org\/{rel}","templated":true}]}}