{"id":346,"date":"2020-10-16T15:28:38","date_gmt":"2020-10-16T15:28:38","guid":{"rendered":"https:\/\/www.cm-evora.pt\/culturaepatrimonio\/?page_id=346"},"modified":"2020-11-20T11:09:35","modified_gmt":"2020-11-20T11:09:35","slug":"artigos-evora-3d","status":"publish","type":"page","link":"https:\/\/www.cm-evora.pt\/culturaepatrimonio\/cultura-e-patrimonio\/centro-historico\/evora-3d\/artigos-evora-3d\/","title":{"rendered":"Biblioteca Digital"},"content":{"rendered":"<p><img loading=\"lazy\" decoding=\"async\" class=\"alignnone size-full wp-image-590\" src=\"https:\/\/www.cm-evora.pt\/culturaepatrimonio\/wp-content\/uploads\/sites\/8\/2020\/11\/banner_biblioteca_virtual_teste.jpg\" alt=\"\" width=\"931\" height=\"179\" srcset=\"https:\/\/www.cm-evora.pt\/culturaepatrimonio\/wp-content\/uploads\/sites\/8\/2020\/11\/banner_biblioteca_virtual_teste.jpg 931w, https:\/\/www.cm-evora.pt\/culturaepatrimonio\/wp-content\/uploads\/sites\/8\/2020\/11\/banner_biblioteca_virtual_teste-300x58.jpg 300w, https:\/\/www.cm-evora.pt\/culturaepatrimonio\/wp-content\/uploads\/sites\/8\/2020\/11\/banner_biblioteca_virtual_teste-768x148.jpg 768w\" sizes=\"auto, (max-width: 931px) 100vw, 931px\" \/><\/p>\n<p>A Biblioteca Digital da sec\u00e7\u00e3o do \u00c9vora 3D funciona como reposit\u00f3rio intelectual do trabalho realizado no \u00e2mbito das tecnologias de informa\u00e7\u00e3o, e da<br \/>\nforma como o Munic\u00edpio as tem integrado na \u00e1rea da conserva\u00e7\u00e3o e valoriza\u00e7\u00e3o do patrim\u00f3nio. Apresenta-se sob a forma de pequenos artigos redigidos<br \/>\ncom o intuito de partilhar informa\u00e7\u00e3o especializada sobre in\u00fameras tem\u00e1ticas no campo da hist\u00f3ria, arqueologia, hist\u00f3ria da arquitectura, humanidades<br \/>\ndigitais, etc. Serve tamb\u00e9m para constituir, de forma integrada, uma bibliografia especializada sobre a evolu\u00e7\u00e3o da cidade e do seu territ\u00f3rio, no sentido<br \/>\nem que alberga textos de in\u00fameros colaboradores e consultores do projecto. A sec\u00e7\u00e3o encontra-se dividida em cronologias, de forma a facilitar o acesso<br \/>\na dados espec\u00edficos.<\/p>","protected":false},"excerpt":{"rendered":"<p>A Biblioteca Digital da sec\u00e7\u00e3o do \u00c9vora 3D funciona como reposit\u00f3rio intelectual do trabalho realizado no \u00e2mbito das tecnologias de informa\u00e7\u00e3o, e da forma como o Munic\u00edpio as tem integrado na \u00e1rea da conserva\u00e7\u00e3o e valoriza\u00e7\u00e3o do patrim\u00f3nio. Apresenta-se sob a forma de pequenos artigos redigidos com o intuito de partilhar informa\u00e7\u00e3o especializada sobre in\u00fameras [&hellip;]<\/p>\n","protected":false},"author":34,"featured_media":0,"parent":171,"menu_order":0,"comment_status":"closed","ping_status":"closed","template":"templates-map\/component-file-gallery-layout2.php","meta":{"_acf_changed":false,"footnotes":""},"categories":[],"class_list":["post-346","page","type-page","status-publish","hentry"],"acf":[],"_links":{"self":[{"href":"https:\/\/www.cm-evora.pt\/culturaepatrimonio\/wp-json\/wp\/v2\/pages\/346","targetHints":{"allow":["GET"]}}],"collection":[{"href":"https:\/\/www.cm-evora.pt\/culturaepatrimonio\/wp-json\/wp\/v2\/pages"}],"about":[{"href":"https:\/\/www.cm-evora.pt\/culturaepatrimonio\/wp-json\/wp\/v2\/types\/page"}],"author":[{"embeddable":true,"href":"https:\/\/www.cm-evora.pt\/culturaepatrimonio\/wp-json\/wp\/v2\/users\/34"}],"replies":[{"embeddable":true,"href":"https:\/\/www.cm-evora.pt\/culturaepatrimonio\/wp-json\/wp\/v2\/comments?post=346"}],"version-history":[{"count":16,"href":"https:\/\/www.cm-evora.pt\/culturaepatrimonio\/wp-json\/wp\/v2\/pages\/346\/revisions"}],"predecessor-version":[{"id":591,"href":"https:\/\/www.cm-evora.pt\/culturaepatrimonio\/wp-json\/wp\/v2\/pages\/346\/revisions\/591"}],"up":[{"embeddable":true,"href":"https:\/\/www.cm-evora.pt\/culturaepatrimonio\/wp-json\/wp\/v2\/pages\/171"}],"wp:attachment":[{"href":"https:\/\/www.cm-evora.pt\/culturaepatrimonio\/wp-json\/wp\/v2\/media?parent=346"}],"wp:term":[{"taxonomy":"category","embeddable":true,"href":"https:\/\/www.cm-evora.pt\/culturaepatrimonio\/wp-json\/wp\/v2\/categories?post=346"}],"curies":[{"name":"wp","href":"https:\/\/api.w.org\/{rel}","templated":true}]}}