{"id":10101,"date":"2020-06-29T16:16:44","date_gmt":"2020-06-29T15:16:44","guid":{"rendered":"https:\/\/evora2.int.skilltech.pt\/susProjects\/wp_evora2_suite\/?page_id=10101"},"modified":"2025-01-09T10:56:08","modified_gmt":"2025-01-09T10:56:08","slug":"cidade-ao-pe-11-entradas-da-cidade","status":"publish","type":"page","link":"https:\/\/www.cm-evora.pt\/en\/municipe\/areas-de-acao\/desporto-e-lazer\/programas-desportivos\/cidade-ao-pe-11-entradas-da-cidade\/","title":{"rendered":"Cidade ao P\u00e9 &#8211; 11 entradas da cidade"},"content":{"rendered":"<p><strong>Acumule 60 minutos di\u00e1rios de atividade f\u00edsica<\/strong><\/p>\n<div style=\"text-align: center\"><a href=\"https:\/\/www.cm-evora.pt\/wp-content\/uploads\/2020\/06\/CidadeAPe_60minDiarios_01.jpg\" target=\"_blank\" rel=\"noopener\"><img loading=\"lazy\" decoding=\"async\" class=\"alignnone wp-image-10207 size-full\" src=\"https:\/\/www.cm-evora.pt\/wp-content\/uploads\/2020\/06\/CidadeAPe_60minDiarios_01.jpg\" alt=\"\" width=\"639\" height=\"362\" srcset=\"https:\/\/www.cm-evora.pt\/wp-content\/uploads\/2020\/06\/CidadeAPe_60minDiarios_01.jpg 639w, https:\/\/www.cm-evora.pt\/wp-content\/uploads\/2020\/06\/CidadeAPe_60minDiarios_01-300x170.jpg 300w\" sizes=\"auto, (max-width: 639px) 100vw, 639px\" \/><\/a><\/div>\n<div><\/div>\n<p>&nbsp;<\/p>\n<div>A atividade f\u00edsica regular ajuda a melhorar a sua sa\u00fade e aptid\u00e3o f\u00edsica, e reduz o risco de muitas doen\u00e7as cr\u00f3nicas.<\/div>\n<div>\n<p>&nbsp;<\/p>\n<p>Introduzir o Exerc\u00edcio regular na sua programa\u00e7\u00e3o di\u00e1ria pode parecer dif\u00edcil no in\u00edcio, mas as diretrizes Europeias e da Organiza\u00e7\u00e3o Mundial de Sa\u00fade (OMS) para a Atividade F\u00edsica s\u00e3o mais flex\u00edveis do que nunca, dando-lhe a liberdade para alcan\u00e7ar os seus objetivos de atividade f\u00edsica atrav\u00e9s de diferentes tipos e quantidades de atividades.<\/p>\n<p>&nbsp;<\/p>\n<p>Foi a pensar nestas indica\u00e7\u00f5es que a C\u00e2mara Municipal de \u00c9vora, por ocasi\u00e3o do Desafio pela Sa\u00fade, colocou em dez (10) entradas da cidade placards informativos, desafiando os cidad\u00e3os a fazerem os <strong>percursos a p\u00e9, acumulando assim 60 minutos di\u00e1rios<\/strong>.<\/p>\n<p>&nbsp;<\/p>\n<p>Generalizar o conceito de estilo de vida fisicamente ativo como sinal (vital) de sa\u00fade e bem-estar para todos, independentemente de condi\u00e7\u00f5es de sa\u00fade, econ\u00f3micas, demogr\u00e1ficas ou sociais, envolvendo os atores sociais relevantes em iniciativas centradas no cidad\u00e3o e gerando cadeias integradas de valor <strong>conducentes a aumentar o interesse da popula\u00e7\u00e3o pela pr\u00e1tica regular de atividade f\u00edsica e pela redu\u00e7\u00e3o do tempo sedent\u00e1rio<\/strong>, s\u00e3o os objetivos, em termos gerais do Desafio pela Sa\u00fade, e, particularmente desta medida, que termina na pr\u00f3xima segunda-feira.<\/p>\n<p>&nbsp;<\/p>\n<p>Esta sinal\u00e9tica foi colocada agora a t\u00edtulo experimental, mas \u00e9 inten\u00e7\u00e3o da CME torn\u00e1-la definitiva, promovendo n\u00e3o s\u00f3 a mobilidade sustent\u00e1vel e a atividade f\u00edsica, mas tamb\u00e9m para informar quem nos visita dos tempos de percurso a p\u00e9 da periferia at\u00e9 ao centro.<\/p>\n<p>&nbsp;<\/p>\n<\/div>\n<div><\/div>\n<div>\n\n\t\t<style type=\"text\/css\">\n\t\t\t#gallery-1 {\n\t\t\t\tmargin: auto;\n\t\t\t}\n\t\t\t#gallery-1 .gallery-item {\n\t\t\t\tfloat: left;\n\t\t\t\tmargin-top: 10px;\n\t\t\t\ttext-align: center;\n\t\t\t\twidth: 50%;\n\t\t\t}\n\t\t\t#gallery-1 img {\n\t\t\t\tborder: 2px solid #cfcfcf;\n\t\t\t}\n\t\t\t#gallery-1 .gallery-caption {\n\t\t\t\tmargin-left: 0;\n\t\t\t}\n\t\t\t\/* see gallery_shortcode() in wp-includes\/media.php *\/\n\t\t<\/style>\n\t\t<div id='gallery-1' class='gallery galleryid-10101 gallery-columns-2 gallery-size-full'><dl class='gallery-item'>\n\t\t\t<dt class='gallery-icon landscape'>\n\t\t\t\t<a href='https:\/\/www.cm-evora.pt\/wp-content\/uploads\/2020\/06\/CidadeAPe_60minDiarios_02.jpg'><img loading=\"lazy\" decoding=\"async\" width=\"483\" height=\"362\" src=\"https:\/\/www.cm-evora.pt\/wp-content\/uploads\/2020\/06\/CidadeAPe_60minDiarios_02.jpg\" class=\"attachment-full size-full\" alt=\"\" srcset=\"https:\/\/www.cm-evora.pt\/wp-content\/uploads\/2020\/06\/CidadeAPe_60minDiarios_02.jpg 483w, https:\/\/www.cm-evora.pt\/wp-content\/uploads\/2020\/06\/CidadeAPe_60minDiarios_02-300x225.jpg 300w\" sizes=\"auto, (max-width: 483px) 100vw, 483px\" \/><\/a>\n\t\t\t<\/dt><\/dl><dl class='gallery-item'>\n\t\t\t<dt class='gallery-icon landscape'>\n\t\t\t\t<a href='https:\/\/www.cm-evora.pt\/wp-content\/uploads\/2020\/06\/CidadeAPe_60minDiarios_03.jpg'><img loading=\"lazy\" decoding=\"async\" width=\"482\" height=\"362\" src=\"https:\/\/www.cm-evora.pt\/wp-content\/uploads\/2020\/06\/CidadeAPe_60minDiarios_03.jpg\" class=\"attachment-full size-full\" alt=\"\" srcset=\"https:\/\/www.cm-evora.pt\/wp-content\/uploads\/2020\/06\/CidadeAPe_60minDiarios_03.jpg 482w, https:\/\/www.cm-evora.pt\/wp-content\/uploads\/2020\/06\/CidadeAPe_60minDiarios_03-300x225.jpg 300w\" sizes=\"auto, (max-width: 482px) 100vw, 482px\" \/><\/a>\n\t\t\t<\/dt><\/dl><br style=\"clear: both\" \/><dl class='gallery-item'>\n\t\t\t<dt class='gallery-icon landscape'>\n\t\t\t\t<a href='https:\/\/www.cm-evora.pt\/wp-content\/uploads\/2020\/06\/CidadeAPe_60minDiarios_04.jpg'><img loading=\"lazy\" decoding=\"async\" width=\"483\" height=\"362\" src=\"https:\/\/www.cm-evora.pt\/wp-content\/uploads\/2020\/06\/CidadeAPe_60minDiarios_04.jpg\" class=\"attachment-full size-full\" alt=\"\" srcset=\"https:\/\/www.cm-evora.pt\/wp-content\/uploads\/2020\/06\/CidadeAPe_60minDiarios_04.jpg 483w, https:\/\/www.cm-evora.pt\/wp-content\/uploads\/2020\/06\/CidadeAPe_60minDiarios_04-300x225.jpg 300w\" sizes=\"auto, (max-width: 483px) 100vw, 483px\" \/><\/a>\n\t\t\t<\/dt><\/dl><dl class='gallery-item'>\n\t\t\t<dt class='gallery-icon landscape'>\n\t\t\t\t<a href='https:\/\/www.cm-evora.pt\/wp-content\/uploads\/2020\/06\/CidadeAPe_60minDiarios_07.jpg'><img loading=\"lazy\" decoding=\"async\" width=\"483\" height=\"362\" src=\"https:\/\/www.cm-evora.pt\/wp-content\/uploads\/2020\/06\/CidadeAPe_60minDiarios_07.jpg\" class=\"attachment-full size-full\" alt=\"\" srcset=\"https:\/\/www.cm-evora.pt\/wp-content\/uploads\/2020\/06\/CidadeAPe_60minDiarios_07.jpg 483w, https:\/\/www.cm-evora.pt\/wp-content\/uploads\/2020\/06\/CidadeAPe_60minDiarios_07-300x225.jpg 300w\" sizes=\"auto, (max-width: 483px) 100vw, 483px\" \/><\/a>\n\t\t\t<\/dt><\/dl><br style=\"clear: both\" \/><dl class='gallery-item'>\n\t\t\t<dt class='gallery-icon landscape'>\n\t\t\t\t<a href='https:\/\/www.cm-evora.pt\/wp-content\/uploads\/2020\/06\/CidadeAPe_60minDiarios_05.jpg'><img loading=\"lazy\" decoding=\"async\" width=\"483\" height=\"362\" src=\"https:\/\/www.cm-evora.pt\/wp-content\/uploads\/2020\/06\/CidadeAPe_60minDiarios_05.jpg\" class=\"attachment-full size-full\" alt=\"\" srcset=\"https:\/\/www.cm-evora.pt\/wp-content\/uploads\/2020\/06\/CidadeAPe_60minDiarios_05.jpg 483w, https:\/\/www.cm-evora.pt\/wp-content\/uploads\/2020\/06\/CidadeAPe_60minDiarios_05-300x225.jpg 300w\" sizes=\"auto, (max-width: 483px) 100vw, 483px\" \/><\/a>\n\t\t\t<\/dt><\/dl><dl class='gallery-item'>\n\t\t\t<dt class='gallery-icon landscape'>\n\t\t\t\t<a href='https:\/\/www.cm-evora.pt\/wp-content\/uploads\/2020\/06\/CidadeAPe_60minDiarios_06.jpg'><img loading=\"lazy\" decoding=\"async\" width=\"482\" height=\"362\" src=\"https:\/\/www.cm-evora.pt\/wp-content\/uploads\/2020\/06\/CidadeAPe_60minDiarios_06.jpg\" class=\"attachment-full size-full\" alt=\"\" srcset=\"https:\/\/www.cm-evora.pt\/wp-content\/uploads\/2020\/06\/CidadeAPe_60minDiarios_06.jpg 482w, https:\/\/www.cm-evora.pt\/wp-content\/uploads\/2020\/06\/CidadeAPe_60minDiarios_06-300x225.jpg 300w\" sizes=\"auto, (max-width: 482px) 100vw, 482px\" \/><\/a>\n\t\t\t<\/dt><\/dl><br style=\"clear: both\" \/><dl class='gallery-item'>\n\t\t\t<dt class='gallery-icon landscape'>\n\t\t\t\t<a href='https:\/\/www.cm-evora.pt\/wp-content\/uploads\/2020\/06\/CidadeAPe_60minDiarios_08.jpg'><img loading=\"lazy\" decoding=\"async\" width=\"483\" height=\"362\" src=\"https:\/\/www.cm-evora.pt\/wp-content\/uploads\/2020\/06\/CidadeAPe_60minDiarios_08.jpg\" class=\"attachment-full size-full\" alt=\"\" srcset=\"https:\/\/www.cm-evora.pt\/wp-content\/uploads\/2020\/06\/CidadeAPe_60minDiarios_08.jpg 483w, https:\/\/www.cm-evora.pt\/wp-content\/uploads\/2020\/06\/CidadeAPe_60minDiarios_08-300x225.jpg 300w\" sizes=\"auto, (max-width: 483px) 100vw, 483px\" \/><\/a>\n\t\t\t<\/dt><\/dl><dl class='gallery-item'>\n\t\t\t<dt class='gallery-icon landscape'>\n\t\t\t\t<a href='https:\/\/www.cm-evora.pt\/wp-content\/uploads\/2020\/06\/CidadeAPe_60minDiarios_09.jpg'><img loading=\"lazy\" decoding=\"async\" width=\"482\" height=\"362\" src=\"https:\/\/www.cm-evora.pt\/wp-content\/uploads\/2020\/06\/CidadeAPe_60minDiarios_09.jpg\" class=\"attachment-full size-full\" alt=\"\" srcset=\"https:\/\/www.cm-evora.pt\/wp-content\/uploads\/2020\/06\/CidadeAPe_60minDiarios_09.jpg 482w, https:\/\/www.cm-evora.pt\/wp-content\/uploads\/2020\/06\/CidadeAPe_60minDiarios_09-300x225.jpg 300w\" sizes=\"auto, (max-width: 482px) 100vw, 482px\" \/><\/a>\n\t\t\t<\/dt><\/dl><br style=\"clear: both\" \/><dl class='gallery-item'>\n\t\t\t<dt class='gallery-icon landscape'>\n\t\t\t\t<a href='https:\/\/www.cm-evora.pt\/wp-content\/uploads\/2020\/06\/CidadeAPe_60minDiarios_10.jpg'><img loading=\"lazy\" decoding=\"async\" width=\"483\" height=\"362\" src=\"https:\/\/www.cm-evora.pt\/wp-content\/uploads\/2020\/06\/CidadeAPe_60minDiarios_10.jpg\" class=\"attachment-full size-full\" alt=\"\" srcset=\"https:\/\/www.cm-evora.pt\/wp-content\/uploads\/2020\/06\/CidadeAPe_60minDiarios_10.jpg 483w, https:\/\/www.cm-evora.pt\/wp-content\/uploads\/2020\/06\/CidadeAPe_60minDiarios_10-300x225.jpg 300w\" sizes=\"auto, (max-width: 483px) 100vw, 483px\" \/><\/a>\n\t\t\t<\/dt><\/dl><dl class='gallery-item'>\n\t\t\t<dt class='gallery-icon landscape'>\n\t\t\t\t<a href='https:\/\/www.cm-evora.pt\/wp-content\/uploads\/2020\/06\/CidadeAPe_60minDiarios_11.jpg'><img loading=\"lazy\" decoding=\"async\" width=\"483\" height=\"362\" src=\"https:\/\/www.cm-evora.pt\/wp-content\/uploads\/2020\/06\/CidadeAPe_60minDiarios_11.jpg\" class=\"attachment-full size-full\" alt=\"\" srcset=\"https:\/\/www.cm-evora.pt\/wp-content\/uploads\/2020\/06\/CidadeAPe_60minDiarios_11.jpg 483w, https:\/\/www.cm-evora.pt\/wp-content\/uploads\/2020\/06\/CidadeAPe_60minDiarios_11-300x225.jpg 300w\" sizes=\"auto, (max-width: 483px) 100vw, 483px\" \/><\/a>\n\t\t\t<\/dt><\/dl><br style=\"clear: both\" \/>\n\t\t<\/div>\n\n<\/div>\n","protected":false},"excerpt":{"rendered":"<p>Acumule 60 minutos di\u00e1rios de atividade f\u00edsica &nbsp; A atividade f\u00edsica regular ajuda a melhorar a sua sa\u00fade e aptid\u00e3o f\u00edsica, e reduz o risco de muitas doen\u00e7as cr\u00f3nicas. &nbsp; Introduzir o Exerc\u00edcio regular na sua programa\u00e7\u00e3o di\u00e1ria pode parecer dif\u00edcil no in\u00edcio, mas as diretrizes Europeias e da Organiza\u00e7\u00e3o Mundial de Sa\u00fade (OMS) para [&hellip;]<\/p>\n","protected":false},"author":1,"featured_media":10207,"parent":2490,"menu_order":3,"comment_status":"closed","ping_status":"closed","template":"templates-map\/component-text-layout1.php","meta":{"_acf_changed":false,"footnotes":""},"categories":[],"class_list":["post-10101","page","type-page","status-publish","has-post-thumbnail","hentry"],"acf":{"imagens":"","titulo_docs_seccao":"","documentos":""},"_links":{"self":[{"href":"https:\/\/www.cm-evora.pt\/en\/wp-json\/wp\/v2\/pages\/10101","targetHints":{"allow":["GET"]}}],"collection":[{"href":"https:\/\/www.cm-evora.pt\/en\/wp-json\/wp\/v2\/pages"}],"about":[{"href":"https:\/\/www.cm-evora.pt\/en\/wp-json\/wp\/v2\/types\/page"}],"author":[{"embeddable":true,"href":"https:\/\/www.cm-evora.pt\/en\/wp-json\/wp\/v2\/users\/1"}],"replies":[{"embeddable":true,"href":"https:\/\/www.cm-evora.pt\/en\/wp-json\/wp\/v2\/comments?post=10101"}],"version-history":[{"count":12,"href":"https:\/\/www.cm-evora.pt\/en\/wp-json\/wp\/v2\/pages\/10101\/revisions"}],"predecessor-version":[{"id":69895,"href":"https:\/\/www.cm-evora.pt\/en\/wp-json\/wp\/v2\/pages\/10101\/revisions\/69895"}],"up":[{"embeddable":true,"href":"https:\/\/www.cm-evora.pt\/en\/wp-json\/wp\/v2\/pages\/2490"}],"wp:featuredmedia":[{"embeddable":true,"href":"https:\/\/www.cm-evora.pt\/en\/wp-json\/wp\/v2\/media\/10207"}],"wp:attachment":[{"href":"https:\/\/www.cm-evora.pt\/en\/wp-json\/wp\/v2\/media?parent=10101"}],"wp:term":[{"taxonomy":"category","embeddable":true,"href":"https:\/\/www.cm-evora.pt\/en\/wp-json\/wp\/v2\/categories?post=10101"}],"curies":[{"name":"wp","href":"https:\/\/api.w.org\/{rel}","templated":true}]}}