{"id":10327,"date":"2020-06-30T10:07:37","date_gmt":"2020-06-30T09:07:37","guid":{"rendered":"https:\/\/evora2.int.skilltech.pt\/susProjects\/wp_evora2_suite\/?page_id=10327"},"modified":"2023-02-14T09:59:27","modified_gmt":"2023-02-14T09:59:27","slug":"habitacao","status":"publish","type":"page","link":"https:\/\/www.cm-evora.pt\/en\/municipe\/areas-de-acao\/habitacao-e-reabilitacao-urbana\/habitacao\/","title":{"rendered":"(Portugu\u00eas) Habita\u00e7\u00e3o"},"content":{"rendered":"<p class=\"qtranxs-available-languages-message qtranxs-available-languages-message-en\">Sorry, this entry is only available in <a href=\"https:\/\/www.cm-evora.pt\/pt\/wp-json\/wp\/v2\/pages\/10327\" class=\"qtranxs-available-language-link qtranxs-available-language-link-pt\" title=\"Portugu\u00eas\">Portugu\u00eas<\/a>.<\/p><p><\/p>\n<p style=\"text-align: center\"><a href=\"https:\/\/www.cm-evora.pt\/wp-content\/uploads\/2022\/01\/Banner-scaled.jpg\" target=\"_blank\" rel=\"noopener\"><img loading=\"lazy\" decoding=\"async\" class=\"alignnone wp-image-31172 size-full\" src=\"https:\/\/www.cm-evora.pt\/wp-content\/uploads\/2022\/01\/Banner-scaled.jpg\" alt=\"\" width=\"2560\" height=\"1440\" srcset=\"https:\/\/www.cm-evora.pt\/wp-content\/uploads\/2022\/01\/Banner-scaled.jpg 2560w, https:\/\/www.cm-evora.pt\/wp-content\/uploads\/2022\/01\/Banner-300x169.jpg 300w, https:\/\/www.cm-evora.pt\/wp-content\/uploads\/2022\/01\/Banner-1024x576.jpg 1024w, https:\/\/www.cm-evora.pt\/wp-content\/uploads\/2022\/01\/Banner-768x432.jpg 768w, https:\/\/www.cm-evora.pt\/wp-content\/uploads\/2022\/01\/Banner-1536x864.jpg 1536w, https:\/\/www.cm-evora.pt\/wp-content\/uploads\/2022\/01\/Banner-2048x1152.jpg 2048w, https:\/\/www.cm-evora.pt\/wp-content\/uploads\/2022\/01\/Banner-1320x743.jpg 1320w\" sizes=\"auto, (max-width: 2560px) 100vw, 2560px\" \/><\/a><\/p>\n<p>&nbsp;<\/p>\n<p>O Munic\u00edpio \u00e9 a entidade respons\u00e1vel pelo Plano Local de Habita\u00e7\u00e3o de \u00c9vora e para a sua constru\u00e7\u00e3o, aprova\u00e7\u00e3o e concretiza\u00e7\u00e3o prop\u00f5e uma governan\u00e7a participativa, criativa, sustent\u00e1vel e solid\u00e1ria com todas as entidades benefici\u00e1rias e benefici\u00e1rios diretos, para uma vis\u00e3o e resolu\u00e7\u00e3o integrada dos problemas de habita\u00e7\u00e3o no concelho de \u00c9vora. Neste sentido, o\u00a0<a href=\"https:\/\/www.cm-evora.pt\/wp-content\/uploads\/2020\/11\/1_Plano-local-de-habitacao-2020-l-2026.pdf\" target=\"_blank\" rel=\"noopener noreferrer\"><strong>Plano Local de Habita\u00e7\u00e3o de \u00c9vora 2020|2026<\/strong><\/a>\u00a0consubstancia-se nos seguintes documentos:<\/p>","protected":false},"excerpt":{"rendered":"<p>Sorry, this entry is only available in Portugu\u00eas. &nbsp; O Munic\u00edpio \u00e9 a entidade respons\u00e1vel pelo Plano Local de Habita\u00e7\u00e3o de \u00c9vora e para a sua constru\u00e7\u00e3o, aprova\u00e7\u00e3o e concretiza\u00e7\u00e3o prop\u00f5e uma governan\u00e7a participativa, criativa, sustent\u00e1vel e solid\u00e1ria com todas as entidades benefici\u00e1rias e benefici\u00e1rios diretos, para uma vis\u00e3o e resolu\u00e7\u00e3o integrada dos problemas de [&hellip;]<\/p>\n","protected":false},"author":1,"featured_media":0,"parent":1506,"menu_order":1,"comment_status":"closed","ping_status":"closed","template":"templates-map\/component-text-layout1.php","meta":{"_acf_changed":false,"footnotes":""},"categories":[],"class_list":["post-10327","page","type-page","status-publish","hentry"],"acf":{"imagens":"","titulo_docs_seccao":"","documentos":[16086,10735,10737,10739,20231,10741,10743]},"_links":{"self":[{"href":"https:\/\/www.cm-evora.pt\/en\/wp-json\/wp\/v2\/pages\/10327","targetHints":{"allow":["GET"]}}],"collection":[{"href":"https:\/\/www.cm-evora.pt\/en\/wp-json\/wp\/v2\/pages"}],"about":[{"href":"https:\/\/www.cm-evora.pt\/en\/wp-json\/wp\/v2\/types\/page"}],"author":[{"embeddable":true,"href":"https:\/\/www.cm-evora.pt\/en\/wp-json\/wp\/v2\/users\/1"}],"replies":[{"embeddable":true,"href":"https:\/\/www.cm-evora.pt\/en\/wp-json\/wp\/v2\/comments?post=10327"}],"version-history":[{"count":11,"href":"https:\/\/www.cm-evora.pt\/en\/wp-json\/wp\/v2\/pages\/10327\/revisions"}],"predecessor-version":[{"id":45565,"href":"https:\/\/www.cm-evora.pt\/en\/wp-json\/wp\/v2\/pages\/10327\/revisions\/45565"}],"up":[{"embeddable":true,"href":"https:\/\/www.cm-evora.pt\/en\/wp-json\/wp\/v2\/pages\/1506"}],"acf:post":[{"embeddable":true,"href":"https:\/\/www.cm-evora.pt\/en\/wp-json\/wp\/v2\/listas_ficheiros\/10743"},{"embeddable":true,"href":"https:\/\/www.cm-evora.pt\/en\/wp-json\/wp\/v2\/listas_ficheiros\/10741"},{"embeddable":true,"href":"https:\/\/www.cm-evora.pt\/en\/wp-json\/wp\/v2\/listas_ficheiros\/20231"},{"embeddable":true,"href":"https:\/\/www.cm-evora.pt\/en\/wp-json\/wp\/v2\/listas_ficheiros\/10739"},{"embeddable":true,"href":"https:\/\/www.cm-evora.pt\/en\/wp-json\/wp\/v2\/listas_ficheiros\/10737"},{"embeddable":true,"href":"https:\/\/www.cm-evora.pt\/en\/wp-json\/wp\/v2\/listas_ficheiros\/10735"},{"embeddable":true,"href":"https:\/\/www.cm-evora.pt\/en\/wp-json\/wp\/v2\/listas_ficheiros\/16086"}],"wp:attachment":[{"href":"https:\/\/www.cm-evora.pt\/en\/wp-json\/wp\/v2\/media?parent=10327"}],"wp:term":[{"taxonomy":"category","embeddable":true,"href":"https:\/\/www.cm-evora.pt\/en\/wp-json\/wp\/v2\/categories?post=10327"}],"curies":[{"name":"wp","href":"https:\/\/api.w.org\/{rel}","templated":true}]}}