{"id":10354,"date":"2020-06-30T10:28:30","date_gmt":"2020-06-30T09:28:30","guid":{"rendered":"https:\/\/evora2.int.skilltech.pt\/susProjects\/wp_evora2_suite\/?page_id=10354"},"modified":"2023-01-26T15:16:19","modified_gmt":"2023-01-26T15:16:19","slug":"atividades-de-animacao-e-de-apoio-a-familia-aaaf","status":"publish","type":"page","link":"https:\/\/www.cm-evora.pt\/en\/municipe\/areas-de-acao\/educacao\/atividades-de-animacao-e-de-apoio-a-familia-aaaf\/","title":{"rendered":"(Portugu\u00eas) Atividades de Anima\u00e7\u00e3o e de Apoio \u00e0 Fam\u00edlia (AAAF)"},"content":{"rendered":"<p class=\"qtranxs-available-languages-message qtranxs-available-languages-message-en\">Sorry, this entry is only available in <a href=\"https:\/\/www.cm-evora.pt\/pt\/wp-json\/wp\/v2\/pages\/10354\" class=\"qtranxs-available-language-link qtranxs-available-language-link-pt\" title=\"Portugu\u00eas\">Portugu\u00eas<\/a>.<\/p><p><\/p>\n<div style=\"text-align: center\"><a href=\"https:\/\/www.cm-evora.pt\/wp-content\/uploads\/2020\/06\/componente-apoio-familia.jpg\"><img loading=\"lazy\" decoding=\"async\" class=\"alignnone size-full wp-image-10533\" src=\"https:\/\/www.cm-evora.pt\/wp-content\/uploads\/2020\/06\/componente-apoio-familia.jpg\" alt=\"\" width=\"639\" height=\"362\" srcset=\"https:\/\/www.cm-evora.pt\/wp-content\/uploads\/2020\/06\/componente-apoio-familia.jpg 639w, https:\/\/www.cm-evora.pt\/wp-content\/uploads\/2020\/06\/componente-apoio-familia-300x170.jpg 300w\" sizes=\"auto, (max-width: 639px) 100vw, 639px\" \/><\/a><\/div>\n<div>\n<p>&nbsp;<\/p>\n<p>A Educa\u00e7\u00e3o Pr\u00e9-Escolar \u00e9 composta por duas componentes distintas, mas complementares: letiva e n\u00e3o letiva (AAAF), sendo a primeira da direta depend\u00eancia do Minist\u00e9rio da Educa\u00e7\u00e3o e Ci\u00eancia (MEC) e a segunda assumida pela C\u00e2mara Municipal de \u00c9vora (CME), mediante celebra\u00e7\u00e3o anual de um Acordo de Colabora\u00e7\u00e3o com a Dire\u00e7\u00e3o Geral dos Estabelecimentos Escolares \u2013 Dire\u00e7\u00e3o de Servi\u00e7os Regionais do Alentejo (DGEstE-DSRA) e o Centro Distrital Seguran\u00e7a Social.<\/p>\n<p>As AAAF s\u00e3o regulamentadas pela Portaria n\u00ba 583\/97, de 30 de junho, pelo Despacho Conjunto n\u00ba 300\/97, de 9 de setembro e pelo Despacho n\u00ba 9265-B\/2013, de 15 de julho.<\/p>\n<p>&nbsp;<\/p>\n<p>Tendo em conta o estabelecido pelo Acordo de Colabora\u00e7\u00e3o supracitado, as AAAF s\u00e3o comparticipadas em parte pelo MEC, sendo da responsabilidade do educador titular do grupo assumir a supervis\u00e3o pedag\u00f3gica e o acompanhamento destas atividades, garantindo a qualidade da resposta. \u00c0 CME compete proporcionar atividades de car\u00e1ter socioeducativo de anima\u00e7\u00e3o e de apoio \u00e0s fam\u00edlias, mediante a coloca\u00e7\u00e3o de pessoal n\u00e3o docente que garanta: a dinamiza\u00e7\u00e3o de atividades e as a\u00e7\u00f5es planificadas pelo educador, o fornecimento de refei\u00e7\u00f5es e a manuten\u00e7\u00e3o das instala\u00e7\u00f5es e equipamentos.<\/p>\n<p>&nbsp;<\/p>\n<\/div>\n<p><\/p>","protected":false},"excerpt":{"rendered":"<p>Sorry, this entry is only available in Portugu\u00eas. &nbsp; A Educa\u00e7\u00e3o Pr\u00e9-Escolar \u00e9 composta por duas componentes distintas, mas complementares: letiva e n\u00e3o letiva (AAAF), sendo a primeira da direta depend\u00eancia do Minist\u00e9rio da Educa\u00e7\u00e3o e Ci\u00eancia (MEC) e a segunda assumida pela C\u00e2mara Municipal de \u00c9vora (CME), mediante celebra\u00e7\u00e3o anual de um Acordo de [&hellip;]<\/p>\n","protected":false},"author":1,"featured_media":0,"parent":1504,"menu_order":3,"comment_status":"closed","ping_status":"closed","template":"templates-map\/component-text-layout1.php","meta":{"_acf_changed":false,"footnotes":""},"categories":[],"class_list":["post-10354","page","type-page","status-publish","hentry"],"acf":{"imagens":"","titulo_docs_seccao":"","documentos":[10522,10525,10527,10529,10531,22343]},"_links":{"self":[{"href":"https:\/\/www.cm-evora.pt\/en\/wp-json\/wp\/v2\/pages\/10354","targetHints":{"allow":["GET"]}}],"collection":[{"href":"https:\/\/www.cm-evora.pt\/en\/wp-json\/wp\/v2\/pages"}],"about":[{"href":"https:\/\/www.cm-evora.pt\/en\/wp-json\/wp\/v2\/types\/page"}],"author":[{"embeddable":true,"href":"https:\/\/www.cm-evora.pt\/en\/wp-json\/wp\/v2\/users\/1"}],"replies":[{"embeddable":true,"href":"https:\/\/www.cm-evora.pt\/en\/wp-json\/wp\/v2\/comments?post=10354"}],"version-history":[{"count":10,"href":"https:\/\/www.cm-evora.pt\/en\/wp-json\/wp\/v2\/pages\/10354\/revisions"}],"predecessor-version":[{"id":45013,"href":"https:\/\/www.cm-evora.pt\/en\/wp-json\/wp\/v2\/pages\/10354\/revisions\/45013"}],"up":[{"embeddable":true,"href":"https:\/\/www.cm-evora.pt\/en\/wp-json\/wp\/v2\/pages\/1504"}],"acf:post":[{"embeddable":true,"href":"https:\/\/www.cm-evora.pt\/en\/wp-json\/wp\/v2\/listas_ficheiros\/22343"},{"embeddable":true,"href":"https:\/\/www.cm-evora.pt\/en\/wp-json\/wp\/v2\/listas_ficheiros\/10531"},{"embeddable":true,"href":"https:\/\/www.cm-evora.pt\/en\/wp-json\/wp\/v2\/listas_ficheiros\/10529"},{"embeddable":true,"href":"https:\/\/www.cm-evora.pt\/en\/wp-json\/wp\/v2\/listas_ficheiros\/10527"},{"embeddable":true,"href":"https:\/\/www.cm-evora.pt\/en\/wp-json\/wp\/v2\/listas_ficheiros\/10525"},{"embeddable":true,"href":"https:\/\/www.cm-evora.pt\/en\/wp-json\/wp\/v2\/listas_ficheiros\/10522"}],"wp:attachment":[{"href":"https:\/\/www.cm-evora.pt\/en\/wp-json\/wp\/v2\/media?parent=10354"}],"wp:term":[{"taxonomy":"category","embeddable":true,"href":"https:\/\/www.cm-evora.pt\/en\/wp-json\/wp\/v2\/categories?post=10354"}],"curies":[{"name":"wp","href":"https:\/\/api.w.org\/{rel}","templated":true}]}}