{"id":10360,"date":"2020-06-30T10:32:02","date_gmt":"2020-06-30T09:32:02","guid":{"rendered":"https:\/\/evora2.int.skilltech.pt\/susProjects\/wp_evora2_suite\/?page_id=10360"},"modified":"2026-03-19T09:25:21","modified_gmt":"2026-03-19T09:25:21","slug":"conselho-municipal-de-educacao-de-evora","status":"publish","type":"page","link":"https:\/\/www.cm-evora.pt\/en\/municipe\/areas-de-acao\/educacao\/conselho-municipal-de-educacao-de-evora\/","title":{"rendered":"Conselho Municipal de Educa\u00e7\u00e3o de \u00c9vora"},"content":{"rendered":"<p><\/p>\n<p style=\"text-align: center\"><a href=\"https:\/\/www.cm-evora.pt\/wp-content\/uploads\/2020\/06\/LogoConcelhoMunicipalEvora2020_639x362.jpg\"><img loading=\"lazy\" decoding=\"async\" class=\"alignnone size-full wp-image-10629\" src=\"https:\/\/www.cm-evora.pt\/wp-content\/uploads\/2020\/06\/LogoConcelhoMunicipalEvora2020_639x362.jpg\" alt=\"\" width=\"639\" height=\"362\" srcset=\"https:\/\/www.cm-evora.pt\/wp-content\/uploads\/2020\/06\/LogoConcelhoMunicipalEvora2020_639x362.jpg 639w, https:\/\/www.cm-evora.pt\/wp-content\/uploads\/2020\/06\/LogoConcelhoMunicipalEvora2020_639x362-300x170.jpg 300w\" sizes=\"auto, (max-width: 639px) 100vw, 639px\" \/><\/a><\/p>\n<p>&nbsp;<\/p>\n<p>O Conselho Municipal de Educa\u00e7\u00e3o \u00e9 uma inst\u00e2ncia de consulta, que tem por objetivo a n\u00edvel municipal, analisar e acompanhar o funcionamento do sistema educativo propondo as a\u00e7\u00f5es consideradas adequadas \u00e0 promo\u00e7\u00e3o de maiores padr\u00f5es de efici\u00eancia e efic\u00e1cia do mesmo.<\/p>","protected":false},"excerpt":{"rendered":"<p>&nbsp; O Conselho Municipal de Educa\u00e7\u00e3o \u00e9 uma inst\u00e2ncia de consulta, que tem por objetivo a n\u00edvel municipal, analisar e acompanhar o funcionamento do sistema educativo propondo as a\u00e7\u00f5es consideradas adequadas \u00e0 promo\u00e7\u00e3o de maiores padr\u00f5es de efici\u00eancia e efic\u00e1cia do mesmo.<\/p>\n","protected":false},"author":1,"featured_media":0,"parent":1504,"menu_order":1,"comment_status":"closed","ping_status":"closed","template":"templates-map\/component-text-list-layout1.php","meta":{"_acf_changed":false,"footnotes":""},"categories":[],"class_list":["post-10360","page","type-page","status-publish","hentry"],"acf":[],"_links":{"self":[{"href":"https:\/\/www.cm-evora.pt\/en\/wp-json\/wp\/v2\/pages\/10360","targetHints":{"allow":["GET"]}}],"collection":[{"href":"https:\/\/www.cm-evora.pt\/en\/wp-json\/wp\/v2\/pages"}],"about":[{"href":"https:\/\/www.cm-evora.pt\/en\/wp-json\/wp\/v2\/types\/page"}],"author":[{"embeddable":true,"href":"https:\/\/www.cm-evora.pt\/en\/wp-json\/wp\/v2\/users\/1"}],"replies":[{"embeddable":true,"href":"https:\/\/www.cm-evora.pt\/en\/wp-json\/wp\/v2\/comments?post=10360"}],"version-history":[{"count":12,"href":"https:\/\/www.cm-evora.pt\/en\/wp-json\/wp\/v2\/pages\/10360\/revisions"}],"predecessor-version":[{"id":82436,"href":"https:\/\/www.cm-evora.pt\/en\/wp-json\/wp\/v2\/pages\/10360\/revisions\/82436"}],"up":[{"embeddable":true,"href":"https:\/\/www.cm-evora.pt\/en\/wp-json\/wp\/v2\/pages\/1504"}],"wp:attachment":[{"href":"https:\/\/www.cm-evora.pt\/en\/wp-json\/wp\/v2\/media?parent=10360"}],"wp:term":[{"taxonomy":"category","embeddable":true,"href":"https:\/\/www.cm-evora.pt\/en\/wp-json\/wp\/v2\/categories?post=10360"}],"curies":[{"name":"wp","href":"https:\/\/api.w.org\/{rel}","templated":true}]}}