{"id":10373,"date":"2020-06-30T10:34:26","date_gmt":"2020-06-30T09:34:26","guid":{"rendered":"https:\/\/evora2.int.skilltech.pt\/susProjects\/wp_evora2_suite\/?page_id=10373"},"modified":"2023-03-20T09:12:48","modified_gmt":"2023-03-20T09:12:48","slug":"transportes-escolares","status":"publish","type":"page","link":"https:\/\/www.cm-evora.pt\/en\/municipe\/areas-de-acao\/educacao\/transportes-escolares\/","title":{"rendered":"Transportes Escolares"},"content":{"rendered":"<p style=\"text-align: center\"><a href=\"https:\/\/www.cm-evora.pt\/wp-content\/uploads\/2020\/06\/transportesescolares.jpg\"><img loading=\"lazy\" decoding=\"async\" class=\"alignnone size-full wp-image-10702\" src=\"https:\/\/www.cm-evora.pt\/wp-content\/uploads\/2020\/06\/transportesescolares.jpg\" alt=\"\" width=\"639\" height=\"362\" srcset=\"https:\/\/www.cm-evora.pt\/wp-content\/uploads\/2020\/06\/transportesescolares.jpg 639w, https:\/\/www.cm-evora.pt\/wp-content\/uploads\/2020\/06\/transportesescolares-300x170.jpg 300w\" sizes=\"auto, (max-width: 639px) 100vw, 639px\" \/><\/a><\/p>\n<p>&nbsp;<\/p>\n<p>De acordo com o estipulado no Decreto-Lei n.\u00ba 21\/2019, de 30 de janeiro, na sua reda\u00e7\u00e3o atual, a C\u00e2mara Municipal de \u00c9vora garante o servi\u00e7o de transporte entre o local de resid\u00eancia e o local do estabelecimento de ensino frequentado aos alunos do ensino b\u00e1sico e secund\u00e1rio.<\/p>\n<p>&nbsp;<\/p>\n<p>O transporte escolar \u00e9 efetuado, em primeiro lugar, com recurso aos transportes p\u00fablicos existentes. Nos casos em que a resposta p\u00fablica \u00e9 incompat\u00edvel ou inadequada \u00e0s necessidades, o Munic\u00edpio cria circuitos especiais, recorrendo aos seus ve\u00edculos, aos ve\u00edculos das juntas de freguesia (por via de contratos interadministrativos) e a privados (adjudica\u00e7\u00e3o de servi\u00e7os).<\/p>\n<p>&nbsp;<\/p>\n","protected":false},"excerpt":{"rendered":"<p>&nbsp; De acordo com o estipulado no Decreto-Lei n.\u00ba 21\/2019, de 30 de janeiro, na sua reda\u00e7\u00e3o atual, a C\u00e2mara Municipal de \u00c9vora garante o servi\u00e7o de transporte entre o local de resid\u00eancia e o local do estabelecimento de ensino frequentado aos alunos do ensino b\u00e1sico e secund\u00e1rio. &nbsp; O transporte escolar \u00e9 efetuado, em [&hellip;]<\/p>\n","protected":false},"author":1,"featured_media":0,"parent":1504,"menu_order":7,"comment_status":"closed","ping_status":"closed","template":"templates-map\/component-text-list-layout1.php","meta":{"_acf_changed":false,"footnotes":""},"categories":[],"class_list":["post-10373","page","type-page","status-publish","hentry"],"acf":[],"_links":{"self":[{"href":"https:\/\/www.cm-evora.pt\/en\/wp-json\/wp\/v2\/pages\/10373","targetHints":{"allow":["GET"]}}],"collection":[{"href":"https:\/\/www.cm-evora.pt\/en\/wp-json\/wp\/v2\/pages"}],"about":[{"href":"https:\/\/www.cm-evora.pt\/en\/wp-json\/wp\/v2\/types\/page"}],"author":[{"embeddable":true,"href":"https:\/\/www.cm-evora.pt\/en\/wp-json\/wp\/v2\/users\/1"}],"replies":[{"embeddable":true,"href":"https:\/\/www.cm-evora.pt\/en\/wp-json\/wp\/v2\/comments?post=10373"}],"version-history":[{"count":8,"href":"https:\/\/www.cm-evora.pt\/en\/wp-json\/wp\/v2\/pages\/10373\/revisions"}],"predecessor-version":[{"id":46891,"href":"https:\/\/www.cm-evora.pt\/en\/wp-json\/wp\/v2\/pages\/10373\/revisions\/46891"}],"up":[{"embeddable":true,"href":"https:\/\/www.cm-evora.pt\/en\/wp-json\/wp\/v2\/pages\/1504"}],"wp:attachment":[{"href":"https:\/\/www.cm-evora.pt\/en\/wp-json\/wp\/v2\/media?parent=10373"}],"wp:term":[{"taxonomy":"category","embeddable":true,"href":"https:\/\/www.cm-evora.pt\/en\/wp-json\/wp\/v2\/categories?post=10373"}],"curies":[{"name":"wp","href":"https:\/\/api.w.org\/{rel}","templated":true}]}}