{"id":10403,"date":"2020-06-30T11:08:57","date_gmt":"2020-06-30T10:08:57","guid":{"rendered":"https:\/\/evora2.int.skilltech.pt\/susProjects\/wp_evora2_suite\/?page_id=10403"},"modified":"2025-10-06T11:13:33","modified_gmt":"2025-10-06T10:13:33","slug":"lacos-para-a-vida","status":"publish","type":"page","link":"https:\/\/www.cm-evora.pt\/en\/municipe\/areas-de-acao\/juventude\/programas-e-iniciativaspara-a-juventude\/lacos-para-a-vida\/","title":{"rendered":"La\u00e7os para a Vida"},"content":{"rendered":"<p><\/p>\n<p style=\"text-align: center\"><a href=\"https:\/\/www.cm-evora.pt\/wp-content\/uploads\/2024\/11\/LacosParaAvida_logo.jpg\"><img loading=\"lazy\" decoding=\"async\" class=\"alignnone size-full wp-image-68064\" src=\"https:\/\/www.cm-evora.pt\/wp-content\/uploads\/2024\/11\/LacosParaAvida_logo.jpg\" alt=\"\" width=\"1500\" height=\"768\" srcset=\"https:\/\/www.cm-evora.pt\/wp-content\/uploads\/2024\/11\/LacosParaAvida_logo.jpg 1500w, https:\/\/www.cm-evora.pt\/wp-content\/uploads\/2024\/11\/LacosParaAvida_logo-300x154.jpg 300w, https:\/\/www.cm-evora.pt\/wp-content\/uploads\/2024\/11\/LacosParaAvida_logo-1024x524.jpg 1024w, https:\/\/www.cm-evora.pt\/wp-content\/uploads\/2024\/11\/LacosParaAvida_logo-768x393.jpg 768w, https:\/\/www.cm-evora.pt\/wp-content\/uploads\/2024\/11\/LacosParaAvida_logo-1320x676.jpg 1320w\" sizes=\"auto, (max-width: 1500px) 100vw, 1500px\" \/><\/a><\/p>\n<p>&nbsp;<\/p>\n<p>\u00c0 semelhan\u00e7a de projetos existentes em outras cidades portuguesas e estrangeiras, a C\u00e2mara Municipal de \u00c9vora promove o Projeto &#8220;La\u00e7os para a Vida \u2013 Casa &amp; Companhia\u201d, tentando assim dar resposta a duas necessidades sentidas no concelho, por um lado a quest\u00e3o da solid\u00e3o dos idosos residentes no Centro Hist\u00f3rico e por outro a quest\u00e3o de alojamento dos jovens de fracos recursos econ\u00f3micos que optam por vir viver para \u00c9vora para estudar na Universidade.<\/p>\n<p>Delineou-se assim que o Projeto \u201cLa\u00e7os para a Vida \u2013 Casa &amp; Companhia\u201d assente numa perspetiva intergeracional, de combate \u00e0 solid\u00e3o, apoio ao jovens estudantes e revitaliza\u00e7\u00e3o do centro hist\u00f3rico da cidade visando, atrav\u00e9s de uma cultura de coresponsabiliza\u00e7\u00e3o, envolver outros parceiros que o enrique\u00e7am e engrande\u00e7am.<\/p>\n<p>Com este projeto a autarquia pretende tamb\u00e9m apoiar os idosos que vivem sozinho e os jovens mais desprotegido em termos socioecon\u00f3micos, fomentando o contato entre diferentes gera\u00e7\u00f5es por considerar que para ambas as gera\u00e7\u00f5es esses relacionamentos s\u00e3o uma mais-valia muito importante nas suas vidas.<\/p>\n<p>Pretende-se assim com esta iniciativa, atrav\u00e9s da celebra\u00e7\u00e3o de um Contrato de Comodato a realizar entre as partes envolvidas, que o s\u00e9nior disponibilize um quarto no seu domic\u00edlio para um estudante do ensino superior e em contrapartida o jovem disponibilize companhia e apoio ao s\u00e9nior.<\/p>\n<p>Para al\u00e9m destes objetivos de car\u00e1cter eminentemente social, este projeto poder\u00e1 contribuir para a revitaliza\u00e7\u00e3o do centro hist\u00f3rico da cidade, trazendo jovens para nele viverem, o que contribuir\u00e1 certamente para um incremento da qualidade de vida de todos os residentes.<\/p>\n<p>Para se consubstanciar este projeto a autarquia realizou parcerias com as for\u00e7as vivas da comunidade como a Associa\u00e7\u00e3o de Estudantes da Universidade de \u00c9vora, a Universidade de \u00c9vora, a Associa\u00e7\u00e3o Banco do Tempo, a Caritas Diocesana, a Unidade de Cuidados Familiares e tamb\u00e9m com a Funda\u00e7\u00e3o Montepio.<\/p>\n<p>&nbsp;<\/p>\n<p style=\"text-align: center\"><a href=\"https:\/\/www.cm-evora.pt\/wp-content\/uploads\/2023\/10\/cartaz-lacos-para-a-vida.jpg\"><img loading=\"lazy\" decoding=\"async\" class=\"alignnone size-full wp-image-54202\" src=\"https:\/\/www.cm-evora.pt\/wp-content\/uploads\/2023\/10\/cartaz-lacos-para-a-vida.jpg\" alt=\"\" width=\"1754\" height=\"2480\" srcset=\"https:\/\/www.cm-evora.pt\/wp-content\/uploads\/2023\/10\/cartaz-lacos-para-a-vida.jpg 1754w, https:\/\/www.cm-evora.pt\/wp-content\/uploads\/2023\/10\/cartaz-lacos-para-a-vida-212x300.jpg 212w, https:\/\/www.cm-evora.pt\/wp-content\/uploads\/2023\/10\/cartaz-lacos-para-a-vida-724x1024.jpg 724w, https:\/\/www.cm-evora.pt\/wp-content\/uploads\/2023\/10\/cartaz-lacos-para-a-vida-768x1086.jpg 768w, https:\/\/www.cm-evora.pt\/wp-content\/uploads\/2023\/10\/cartaz-lacos-para-a-vida-1086x1536.jpg 1086w, https:\/\/www.cm-evora.pt\/wp-content\/uploads\/2023\/10\/cartaz-lacos-para-a-vida-1448x2048.jpg 1448w, https:\/\/www.cm-evora.pt\/wp-content\/uploads\/2023\/10\/cartaz-lacos-para-a-vida-1320x1866.jpg 1320w\" sizes=\"auto, (max-width: 1754px) 100vw, 1754px\" \/><\/a><\/p>\n<p>&nbsp;<\/p>\n<p style=\"text-align: center\"><a href=\"https:\/\/www.youtube.com\/watch?v=2ZQiuUqgdCg\" target=\"_blank\" rel=\"noopener\">https:\/\/youtu.be\/2ZQiuUqgdCg<\/a><\/p>\n<p>&nbsp;<\/p>\n<p><strong>Contactos:<\/strong><\/p>\n<p>Divis\u00e3o de Juventude e Desporto<\/p>\n<p><u>Telefone<\/u>: <a href=\"tel:+351266777000\" target=\"_blank\" rel=\"noopener\">+351 266 777 000<\/a> \u00abChamada para a rede fixa nacional\u00bb<\/p>\n<p><u>Email<\/u>: <a href=\"mailto:palavraj@cm-evora.pt\" target=\"_blank\" rel=\"noopener\">palavraj@cm-evora.pt<\/a><\/p>","protected":false},"excerpt":{"rendered":"<p>&nbsp; \u00c0 semelhan\u00e7a de projetos existentes em outras cidades portuguesas e estrangeiras, a C\u00e2mara Municipal de \u00c9vora promove o Projeto &#8220;La\u00e7os para a Vida \u2013 Casa &amp; Companhia\u201d, tentando assim dar resposta a duas necessidades sentidas no concelho, por um lado a quest\u00e3o da solid\u00e3o dos idosos residentes no Centro Hist\u00f3rico e por outro a [&hellip;]<\/p>\n","protected":false},"author":1,"featured_media":0,"parent":2511,"menu_order":2,"comment_status":"closed","ping_status":"closed","template":"templates-map\/component-text-layout1.php","meta":{"_acf_changed":false,"footnotes":""},"categories":[],"class_list":["post-10403","page","type-page","status-publish","hentry"],"acf":{"imagens":"","titulo_docs_seccao":"","documentos":[10782,10784,10786,10788,78288]},"_links":{"self":[{"href":"https:\/\/www.cm-evora.pt\/en\/wp-json\/wp\/v2\/pages\/10403","targetHints":{"allow":["GET"]}}],"collection":[{"href":"https:\/\/www.cm-evora.pt\/en\/wp-json\/wp\/v2\/pages"}],"about":[{"href":"https:\/\/www.cm-evora.pt\/en\/wp-json\/wp\/v2\/types\/page"}],"author":[{"embeddable":true,"href":"https:\/\/www.cm-evora.pt\/en\/wp-json\/wp\/v2\/users\/1"}],"replies":[{"embeddable":true,"href":"https:\/\/www.cm-evora.pt\/en\/wp-json\/wp\/v2\/comments?post=10403"}],"version-history":[{"count":21,"href":"https:\/\/www.cm-evora.pt\/en\/wp-json\/wp\/v2\/pages\/10403\/revisions"}],"predecessor-version":[{"id":78290,"href":"https:\/\/www.cm-evora.pt\/en\/wp-json\/wp\/v2\/pages\/10403\/revisions\/78290"}],"up":[{"embeddable":true,"href":"https:\/\/www.cm-evora.pt\/en\/wp-json\/wp\/v2\/pages\/2511"}],"acf:post":[{"embeddable":true,"href":"https:\/\/www.cm-evora.pt\/en\/wp-json\/wp\/v2\/listas_ficheiros\/78288"},{"embeddable":true,"href":"https:\/\/www.cm-evora.pt\/en\/wp-json\/wp\/v2\/listas_ficheiros\/10788"},{"embeddable":true,"href":"https:\/\/www.cm-evora.pt\/en\/wp-json\/wp\/v2\/listas_ficheiros\/10786"},{"embeddable":true,"href":"https:\/\/www.cm-evora.pt\/en\/wp-json\/wp\/v2\/listas_ficheiros\/10784"},{"embeddable":true,"href":"https:\/\/www.cm-evora.pt\/en\/wp-json\/wp\/v2\/listas_ficheiros\/10782"}],"wp:attachment":[{"href":"https:\/\/www.cm-evora.pt\/en\/wp-json\/wp\/v2\/media?parent=10403"}],"wp:term":[{"taxonomy":"category","embeddable":true,"href":"https:\/\/www.cm-evora.pt\/en\/wp-json\/wp\/v2\/categories?post=10403"}],"curies":[{"name":"wp","href":"https:\/\/api.w.org\/{rel}","templated":true}]}}