{"id":10411,"date":"2020-06-30T11:10:45","date_gmt":"2020-06-30T10:10:45","guid":{"rendered":"https:\/\/evora2.int.skilltech.pt\/susProjects\/wp_evora2_suite\/?page_id=10411"},"modified":"2025-01-13T10:46:32","modified_gmt":"2025-01-13T10:46:32","slug":"jovens-embaixadores-de-evora","status":"publish","type":"page","link":"https:\/\/www.cm-evora.pt\/en\/municipe\/areas-de-acao\/juventude\/programas-e-iniciativaspara-a-juventude\/jovens-embaixadores-de-evora\/","title":{"rendered":"Jovens Embaixadores de \u00c9vora"},"content":{"rendered":"<p style=\"text-align: center\"><a href=\"https:\/\/www.cm-evora.pt\/wp-content\/uploads\/2020\/07\/jovens_embaixadores.jpg\" target=\"_blank\" rel=\"noopener\"><img loading=\"lazy\" decoding=\"async\" class=\"alignnone wp-image-10807 size-full\" src=\"https:\/\/www.cm-evora.pt\/wp-content\/uploads\/2020\/07\/jovens_embaixadores.jpg\" alt=\"\" width=\"639\" height=\"362\" srcset=\"https:\/\/www.cm-evora.pt\/wp-content\/uploads\/2020\/07\/jovens_embaixadores.jpg 639w, https:\/\/www.cm-evora.pt\/wp-content\/uploads\/2020\/07\/jovens_embaixadores-300x170.jpg 300w\" sizes=\"auto, (max-width: 639px) 100vw, 639px\" \/><\/a><\/p>\n<p>&nbsp;<\/p>\n<p>Este projeto, apoiado pela OCPM (Organiza\u00e7\u00e3o das Cidades Patrim\u00f3nio da Humanidade), destina-se a promover e divulgar o Patrim\u00f3nio de \u00c9vora, atrav\u00e9s de jovens estudantes que no \u00e2mbito do acr\u00e9scimo da sua forma\u00e7\u00e3o se desloquem para outros pa\u00edses, durante um per\u00edodo que pode variar entre 3 a 12 meses e, tamb\u00e9m a promover e divulgar o Patrim\u00f3nio de \u00c9vora atrav\u00e9s de estudantes que no \u00e2mbito do acr\u00e9scimo da sua forma\u00e7\u00e3o venham temporariamente estudar para \u00c9vora.<\/p>\n","protected":false},"excerpt":{"rendered":"<p>&nbsp; Este projeto, apoiado pela OCPM (Organiza\u00e7\u00e3o das Cidades Patrim\u00f3nio da Humanidade), destina-se a promover e divulgar o Patrim\u00f3nio de \u00c9vora, atrav\u00e9s de jovens estudantes que no \u00e2mbito do acr\u00e9scimo da sua forma\u00e7\u00e3o se desloquem para outros pa\u00edses, durante um per\u00edodo que pode variar entre 3 a 12 meses e, tamb\u00e9m a promover e divulgar [&hellip;]<\/p>\n","protected":false},"author":1,"featured_media":0,"parent":2511,"menu_order":1,"comment_status":"closed","ping_status":"closed","template":"templates-map\/component-text-list-layout1.php","meta":{"_acf_changed":false,"footnotes":""},"categories":[],"class_list":["post-10411","page","type-page","status-publish","hentry"],"acf":[],"_links":{"self":[{"href":"https:\/\/www.cm-evora.pt\/en\/wp-json\/wp\/v2\/pages\/10411","targetHints":{"allow":["GET"]}}],"collection":[{"href":"https:\/\/www.cm-evora.pt\/en\/wp-json\/wp\/v2\/pages"}],"about":[{"href":"https:\/\/www.cm-evora.pt\/en\/wp-json\/wp\/v2\/types\/page"}],"author":[{"embeddable":true,"href":"https:\/\/www.cm-evora.pt\/en\/wp-json\/wp\/v2\/users\/1"}],"replies":[{"embeddable":true,"href":"https:\/\/www.cm-evora.pt\/en\/wp-json\/wp\/v2\/comments?post=10411"}],"version-history":[{"count":6,"href":"https:\/\/www.cm-evora.pt\/en\/wp-json\/wp\/v2\/pages\/10411\/revisions"}],"predecessor-version":[{"id":69973,"href":"https:\/\/www.cm-evora.pt\/en\/wp-json\/wp\/v2\/pages\/10411\/revisions\/69973"}],"up":[{"embeddable":true,"href":"https:\/\/www.cm-evora.pt\/en\/wp-json\/wp\/v2\/pages\/2511"}],"wp:attachment":[{"href":"https:\/\/www.cm-evora.pt\/en\/wp-json\/wp\/v2\/media?parent=10411"}],"wp:term":[{"taxonomy":"category","embeddable":true,"href":"https:\/\/www.cm-evora.pt\/en\/wp-json\/wp\/v2\/categories?post=10411"}],"curies":[{"name":"wp","href":"https:\/\/api.w.org\/{rel}","templated":true}]}}