{"id":10468,"date":"2020-06-30T11:35:43","date_gmt":"2020-06-30T10:35:43","guid":{"rendered":"https:\/\/evora2.int.skilltech.pt\/susProjects\/wp_evora2_suite\/?page_id=10468"},"modified":"2023-02-16T11:48:21","modified_gmt":"2023-02-16T11:48:21","slug":"plano-de-contingencia-para-pessoas-sem-abrigo-tempo-frio","status":"publish","type":"page","link":"https:\/\/www.cm-evora.pt\/en\/municipe\/areas-de-acao\/protecao-civil\/planos-municipais\/plano-de-contingencia-para-pessoas-sem-abrigo-tempo-frio\/","title":{"rendered":"Plano de conting\u00eancia para Pessoas Sem-Abrigo &#8211; Tempo Frio"},"content":{"rendered":"<p class=\"qtranxs-available-languages-message qtranxs-available-languages-message-en\">Sorry, this entry is only available in <a href=\"https:\/\/www.cm-evora.pt\/pt\/wp-json\/wp\/v2\/pages\/10468\" class=\"qtranxs-available-language-link qtranxs-available-language-link-pt\" title=\"Portugu\u00eas\">Portugu\u00eas<\/a>.<\/p><p><\/p>\n<p style=\"text-align: center\"><a href=\"https:\/\/www.cm-evora.pt\/wp-content\/uploads\/2020\/07\/sem-abrigo.jpg\" target=\"_blank\" rel=\"noopener\"><img loading=\"lazy\" decoding=\"async\" class=\"alignnone wp-image-10860\" src=\"https:\/\/www.cm-evora.pt\/wp-content\/uploads\/2020\/07\/sem-abrigo.jpg\" alt=\"\" width=\"700\" height=\"397\" srcset=\"https:\/\/www.cm-evora.pt\/wp-content\/uploads\/2020\/07\/sem-abrigo.jpg 639w, https:\/\/www.cm-evora.pt\/wp-content\/uploads\/2020\/07\/sem-abrigo-300x170.jpg 300w\" sizes=\"auto, (max-width: 700px) 100vw, 700px\" \/><\/a><\/p>\n<p>&nbsp;<\/p>\n<p>Este plano pretende constituir-se como documento agregador da atua\u00e7\u00e3o dos servi\u00e7os municipais e das entidades externas, com responsabilidade na organiza\u00e7\u00e3o e operacionaliza\u00e7\u00e3o de interven\u00e7\u00e3o social e de prote\u00e7\u00e3o civil no concelho de \u00c9vora, sempre que as condi\u00e7\u00f5es clim\u00e1ticas e meteorol\u00f3gicas exijam uma interven\u00e7\u00e3o junto do grupo-alvo em causa.<\/p>\n<p>&nbsp;<\/p>\n<p><strong>Consultar o Plano no link abaixo:<\/strong><\/p>","protected":false},"excerpt":{"rendered":"<p>Sorry, this entry is only available in Portugu\u00eas. &nbsp; Este plano pretende constituir-se como documento agregador da atua\u00e7\u00e3o dos servi\u00e7os municipais e das entidades externas, com responsabilidade na organiza\u00e7\u00e3o e operacionaliza\u00e7\u00e3o de interven\u00e7\u00e3o social e de prote\u00e7\u00e3o civil no concelho de \u00c9vora, sempre que as condi\u00e7\u00f5es clim\u00e1ticas e meteorol\u00f3gicas exijam uma interven\u00e7\u00e3o junto do grupo-alvo [&hellip;]<\/p>\n","protected":false},"author":1,"featured_media":0,"parent":2543,"menu_order":0,"comment_status":"closed","ping_status":"closed","template":"templates-map\/component-text-layout1.php","meta":{"_acf_changed":false,"footnotes":""},"categories":[],"class_list":["post-10468","page","type-page","status-publish","hentry"],"acf":{"imagens":"","titulo_docs_seccao":"","documentos":[10856]},"_links":{"self":[{"href":"https:\/\/www.cm-evora.pt\/en\/wp-json\/wp\/v2\/pages\/10468","targetHints":{"allow":["GET"]}}],"collection":[{"href":"https:\/\/www.cm-evora.pt\/en\/wp-json\/wp\/v2\/pages"}],"about":[{"href":"https:\/\/www.cm-evora.pt\/en\/wp-json\/wp\/v2\/types\/page"}],"author":[{"embeddable":true,"href":"https:\/\/www.cm-evora.pt\/en\/wp-json\/wp\/v2\/users\/1"}],"replies":[{"embeddable":true,"href":"https:\/\/www.cm-evora.pt\/en\/wp-json\/wp\/v2\/comments?post=10468"}],"version-history":[{"count":7,"href":"https:\/\/www.cm-evora.pt\/en\/wp-json\/wp\/v2\/pages\/10468\/revisions"}],"predecessor-version":[{"id":45753,"href":"https:\/\/www.cm-evora.pt\/en\/wp-json\/wp\/v2\/pages\/10468\/revisions\/45753"}],"up":[{"embeddable":true,"href":"https:\/\/www.cm-evora.pt\/en\/wp-json\/wp\/v2\/pages\/2543"}],"acf:post":[{"embeddable":true,"href":"https:\/\/www.cm-evora.pt\/en\/wp-json\/wp\/v2\/listas_ficheiros\/10856"}],"wp:attachment":[{"href":"https:\/\/www.cm-evora.pt\/en\/wp-json\/wp\/v2\/media?parent=10468"}],"wp:term":[{"taxonomy":"category","embeddable":true,"href":"https:\/\/www.cm-evora.pt\/en\/wp-json\/wp\/v2\/categories?post=10468"}],"curies":[{"name":"wp","href":"https:\/\/api.w.org\/{rel}","templated":true}]}}