{"id":10472,"date":"2020-06-30T11:36:17","date_gmt":"2020-06-30T10:36:17","guid":{"rendered":"https:\/\/evora2.int.skilltech.pt\/susProjects\/wp_evora2_suite\/?page_id=10472"},"modified":"2024-11-04T11:24:04","modified_gmt":"2024-11-04T11:24:04","slug":"plano-municipal-de-defesa-da-floresta-contra-incendios-2019-2028","status":"publish","type":"page","link":"https:\/\/www.cm-evora.pt\/en\/municipe\/areas-de-acao\/protecao-civil\/planos-municipais\/plano-municipal-de-defesa-da-floresta-contra-incendios-2019-2028\/","title":{"rendered":"Plano Municipal de Defesa da Floresta Contra Inc\u00eandios 2019-2028"},"content":{"rendered":"<p style=\"text-align: center\"><a href=\"https:\/\/www.cm-evora.pt\/wp-content\/uploads\/2020\/07\/protecaocivil4.jpg\"><img loading=\"lazy\" decoding=\"async\" class=\"alignnone wp-image-10926\" src=\"https:\/\/www.cm-evora.pt\/wp-content\/uploads\/2020\/07\/protecaocivil4.jpg\" alt=\"\" width=\"932\" height=\"528\" srcset=\"https:\/\/www.cm-evora.pt\/wp-content\/uploads\/2020\/07\/protecaocivil4.jpg 639w, https:\/\/www.cm-evora.pt\/wp-content\/uploads\/2020\/07\/protecaocivil4-300x170.jpg 300w\" sizes=\"auto, (max-width: 932px) 100vw, 932px\" \/><\/a><\/p>\n<p>&nbsp;<\/p>\n<p><u>Aprova\u00e7\u00e3o<\/u>: pela Comiss\u00e3o Municipal de Defesa da Floresta em 13JUN2019 (vers\u00e3o final ap\u00f3s a consulta publica), pela C\u00e2mara Municipal em 19JUN2019 e pela Assembleia Municipal em 12JUL2019.<\/p>\n<p>Publicado em Di\u00e1rio da Republica atrav\u00e9s do Aviso n.\u00ba 13790\/2019 de 4 de setembro.<\/p>\n<p>&nbsp;<\/p>\n<p><a href=\"https:\/\/www.cm-evora.pt\/wp-content\/uploads\/2020\/12\/Placa-horizontal_financiamento-do-GTF-Evora-2019.jpg\" target=\"_blank\" rel=\"noopener\"><img loading=\"lazy\" decoding=\"async\" class=\"alignnone wp-image-17235 size-full\" src=\"https:\/\/www.cm-evora.pt\/wp-content\/uploads\/2020\/12\/Placa-horizontal_financiamento-do-GTF-Evora-2019.jpg\" alt=\"\" width=\"898\" height=\"634\" srcset=\"https:\/\/www.cm-evora.pt\/wp-content\/uploads\/2020\/12\/Placa-horizontal_financiamento-do-GTF-Evora-2019.jpg 898w, https:\/\/www.cm-evora.pt\/wp-content\/uploads\/2020\/12\/Placa-horizontal_financiamento-do-GTF-Evora-2019-300x212.jpg 300w, https:\/\/www.cm-evora.pt\/wp-content\/uploads\/2020\/12\/Placa-horizontal_financiamento-do-GTF-Evora-2019-768x542.jpg 768w\" sizes=\"auto, (max-width: 898px) 100vw, 898px\" \/><\/a><\/p>\n<p>&nbsp;<\/p>\n<p><strong>Gest\u00e3o de Combust\u00edvel para 2024:<\/strong><\/p>\n<p>Assim poder\u00e1 consultar a seguinte documenta\u00e7\u00e3o:<\/p>\n<p>Em caso de d\u00favida pode consultar o Servi\u00e7o Municipal de Prote\u00e7\u00e3o Civil de \u00c9vora<\/p>\n","protected":false},"excerpt":{"rendered":"<p>&nbsp; Aprova\u00e7\u00e3o: pela Comiss\u00e3o Municipal de Defesa da Floresta em 13JUN2019 (vers\u00e3o final ap\u00f3s a consulta publica), pela C\u00e2mara Municipal em 19JUN2019 e pela Assembleia Municipal em 12JUL2019. Publicado em Di\u00e1rio da Republica atrav\u00e9s do Aviso n.\u00ba 13790\/2019 de 4 de setembro. &nbsp; &nbsp; Gest\u00e3o de Combust\u00edvel para 2024: Assim poder\u00e1 consultar a seguinte documenta\u00e7\u00e3o: [&hellip;]<\/p>\n","protected":false},"author":1,"featured_media":0,"parent":2543,"menu_order":3,"comment_status":"closed","ping_status":"closed","template":"templates-map\/component-text-list-layout1.php","meta":{"_acf_changed":false,"footnotes":""},"categories":[],"class_list":["post-10472","page","type-page","status-publish","hentry"],"acf":[],"_links":{"self":[{"href":"https:\/\/www.cm-evora.pt\/en\/wp-json\/wp\/v2\/pages\/10472","targetHints":{"allow":["GET"]}}],"collection":[{"href":"https:\/\/www.cm-evora.pt\/en\/wp-json\/wp\/v2\/pages"}],"about":[{"href":"https:\/\/www.cm-evora.pt\/en\/wp-json\/wp\/v2\/types\/page"}],"author":[{"embeddable":true,"href":"https:\/\/www.cm-evora.pt\/en\/wp-json\/wp\/v2\/users\/1"}],"replies":[{"embeddable":true,"href":"https:\/\/www.cm-evora.pt\/en\/wp-json\/wp\/v2\/comments?post=10472"}],"version-history":[{"count":15,"href":"https:\/\/www.cm-evora.pt\/en\/wp-json\/wp\/v2\/pages\/10472\/revisions"}],"predecessor-version":[{"id":67691,"href":"https:\/\/www.cm-evora.pt\/en\/wp-json\/wp\/v2\/pages\/10472\/revisions\/67691"}],"up":[{"embeddable":true,"href":"https:\/\/www.cm-evora.pt\/en\/wp-json\/wp\/v2\/pages\/2543"}],"wp:attachment":[{"href":"https:\/\/www.cm-evora.pt\/en\/wp-json\/wp\/v2\/media?parent=10472"}],"wp:term":[{"taxonomy":"category","embeddable":true,"href":"https:\/\/www.cm-evora.pt\/en\/wp-json\/wp\/v2\/categories?post=10472"}],"curies":[{"name":"wp","href":"https:\/\/api.w.org\/{rel}","templated":true}]}}