{"id":10476,"date":"2020-06-30T11:37:27","date_gmt":"2020-06-30T10:37:27","guid":{"rendered":"https:\/\/evora2.int.skilltech.pt\/susProjects\/wp_evora2_suite\/?page_id=10476"},"modified":"2024-06-14T08:21:05","modified_gmt":"2024-06-14T07:21:05","slug":"plano-municipal-de-emergencia-de-protecao-civil-de-evora","status":"publish","type":"page","link":"https:\/\/www.cm-evora.pt\/en\/municipe\/areas-de-acao\/protecao-civil\/planos-municipais\/plano-municipal-de-emergencia-de-protecao-civil-de-evora\/","title":{"rendered":"Plano Municipal de Emerg\u00eancia de Prote\u00e7\u00e3o Civil de \u00c9vora"},"content":{"rendered":"<p class=\"qtranxs-available-languages-message qtranxs-available-languages-message-en\">Sorry, this entry is only available in <a href=\"https:\/\/www.cm-evora.pt\/pt\/wp-json\/wp\/v2\/pages\/10476\" class=\"qtranxs-available-language-link qtranxs-available-language-link-pt\" title=\"Portugu\u00eas\">Portugu\u00eas<\/a>.<\/p><p><\/p>\n<p style=\"text-align: center\"><a href=\"https:\/\/www.cm-evora.pt\/wp-content\/uploads\/2020\/07\/protecaocivil3.jpg\"><img loading=\"lazy\" decoding=\"async\" class=\"alignnone wp-image-10933\" src=\"https:\/\/www.cm-evora.pt\/wp-content\/uploads\/2020\/07\/protecaocivil3.jpg\" alt=\"\" width=\"919\" height=\"521\" srcset=\"https:\/\/www.cm-evora.pt\/wp-content\/uploads\/2020\/07\/protecaocivil3.jpg 639w, https:\/\/www.cm-evora.pt\/wp-content\/uploads\/2020\/07\/protecaocivil3-300x170.jpg 300w\" sizes=\"auto, (max-width: 919px) 100vw, 919px\" \/><\/a><\/p>\n<p>\u00a0<\/p>","protected":false},"excerpt":{"rendered":"<p>Sorry, this entry is only available in Portugu\u00eas. \u00a0<\/p>\n","protected":false},"author":1,"featured_media":0,"parent":2543,"menu_order":1,"comment_status":"closed","ping_status":"closed","template":"templates-map\/component-text-list-layout1.php","meta":{"_acf_changed":false,"footnotes":""},"categories":[],"class_list":["post-10476","page","type-page","status-publish","hentry"],"acf":[],"_links":{"self":[{"href":"https:\/\/www.cm-evora.pt\/en\/wp-json\/wp\/v2\/pages\/10476","targetHints":{"allow":["GET"]}}],"collection":[{"href":"https:\/\/www.cm-evora.pt\/en\/wp-json\/wp\/v2\/pages"}],"about":[{"href":"https:\/\/www.cm-evora.pt\/en\/wp-json\/wp\/v2\/types\/page"}],"author":[{"embeddable":true,"href":"https:\/\/www.cm-evora.pt\/en\/wp-json\/wp\/v2\/users\/1"}],"replies":[{"embeddable":true,"href":"https:\/\/www.cm-evora.pt\/en\/wp-json\/wp\/v2\/comments?post=10476"}],"version-history":[{"count":8,"href":"https:\/\/www.cm-evora.pt\/en\/wp-json\/wp\/v2\/pages\/10476\/revisions"}],"predecessor-version":[{"id":63024,"href":"https:\/\/www.cm-evora.pt\/en\/wp-json\/wp\/v2\/pages\/10476\/revisions\/63024"}],"up":[{"embeddable":true,"href":"https:\/\/www.cm-evora.pt\/en\/wp-json\/wp\/v2\/pages\/2543"}],"wp:attachment":[{"href":"https:\/\/www.cm-evora.pt\/en\/wp-json\/wp\/v2\/media?parent=10476"}],"wp:term":[{"taxonomy":"category","embeddable":true,"href":"https:\/\/www.cm-evora.pt\/en\/wp-json\/wp\/v2\/categories?post=10476"}],"curies":[{"name":"wp","href":"https:\/\/api.w.org\/{rel}","templated":true}]}}