{"id":10480,"date":"2020-06-30T11:37:55","date_gmt":"2020-06-30T10:37:55","guid":{"rendered":"https:\/\/evora2.int.skilltech.pt\/susProjects\/wp_evora2_suite\/?page_id=10480"},"modified":"2023-09-27T10:47:36","modified_gmt":"2023-09-27T09:47:36","slug":"planos-de-emergencia-especiais-e-externos-de-protecao-civil","status":"publish","type":"page","link":"https:\/\/www.cm-evora.pt\/en\/municipe\/areas-de-acao\/protecao-civil\/planos-municipais\/planos-de-emergencia-especiais-e-externos-de-protecao-civil\/","title":{"rendered":"Planos de Emerg\u00eancia Especiais e Externos de Prote\u00e7\u00e3o Civil"},"content":{"rendered":"<p class=\"qtranxs-available-languages-message qtranxs-available-languages-message-en\">Sorry, this entry is only available in <a href=\"https:\/\/www.cm-evora.pt\/pt\/wp-json\/wp\/v2\/pages\/10480\" class=\"qtranxs-available-language-link qtranxs-available-language-link-pt\" title=\"Portugu\u00eas\">Portugu\u00eas<\/a>.<\/p><p><\/p>\n<p style=\"text-align: center\"><a href=\"https:\/\/www.cm-evora.pt\/wp-content\/uploads\/2020\/07\/PEE.jpg\"><img loading=\"lazy\" decoding=\"async\" class=\"alignnone wp-image-10943\" src=\"https:\/\/www.cm-evora.pt\/wp-content\/uploads\/2020\/07\/PEE.jpg\" alt=\"\" width=\"844\" height=\"478\" srcset=\"https:\/\/www.cm-evora.pt\/wp-content\/uploads\/2020\/07\/PEE.jpg 639w, https:\/\/www.cm-evora.pt\/wp-content\/uploads\/2020\/07\/PEE-300x170.jpg 300w\" sizes=\"auto, (max-width: 844px) 100vw, 844px\" \/><\/a><\/p>\n<p>&nbsp;<\/p>\n<p>Disponibilizamos para consulta, em baixo, nos documentos associados, o plano elaborado para o estabelecimento da EMBRAER no Parque de Ind\u00fastria Aeron\u00e1utica de \u00c9vora, nos termos do Decreto-Lei n.\u00ba 254\/2007, de 12 de Julho, relativo \u00e0 preven\u00e7\u00e3o de acidentes graves com subst\u00e2ncias perigosas.<\/p>\n<p>Vers\u00e3o 1 | Fevereiro de 2013<\/p>\n<p><\/p>","protected":false},"excerpt":{"rendered":"<p>Sorry, this entry is only available in Portugu\u00eas. &nbsp; Disponibilizamos para consulta, em baixo, nos documentos associados, o plano elaborado para o estabelecimento da EMBRAER no Parque de Ind\u00fastria Aeron\u00e1utica de \u00c9vora, nos termos do Decreto-Lei n.\u00ba 254\/2007, de 12 de Julho, relativo \u00e0 preven\u00e7\u00e3o de acidentes graves com subst\u00e2ncias perigosas. Vers\u00e3o 1 | Fevereiro [&hellip;]<\/p>\n","protected":false},"author":1,"featured_media":0,"parent":2543,"menu_order":2,"comment_status":"closed","ping_status":"closed","template":"templates-map\/component-text-layout1.php","meta":{"_acf_changed":false,"footnotes":""},"categories":[],"class_list":["post-10480","page","type-page","status-publish","hentry"],"acf":{"imagens":"","titulo_docs_seccao":"","documentos":[10938,53742]},"_links":{"self":[{"href":"https:\/\/www.cm-evora.pt\/en\/wp-json\/wp\/v2\/pages\/10480","targetHints":{"allow":["GET"]}}],"collection":[{"href":"https:\/\/www.cm-evora.pt\/en\/wp-json\/wp\/v2\/pages"}],"about":[{"href":"https:\/\/www.cm-evora.pt\/en\/wp-json\/wp\/v2\/types\/page"}],"author":[{"embeddable":true,"href":"https:\/\/www.cm-evora.pt\/en\/wp-json\/wp\/v2\/users\/1"}],"replies":[{"embeddable":true,"href":"https:\/\/www.cm-evora.pt\/en\/wp-json\/wp\/v2\/comments?post=10480"}],"version-history":[{"count":5,"href":"https:\/\/www.cm-evora.pt\/en\/wp-json\/wp\/v2\/pages\/10480\/revisions"}],"predecessor-version":[{"id":53744,"href":"https:\/\/www.cm-evora.pt\/en\/wp-json\/wp\/v2\/pages\/10480\/revisions\/53744"}],"up":[{"embeddable":true,"href":"https:\/\/www.cm-evora.pt\/en\/wp-json\/wp\/v2\/pages\/2543"}],"acf:post":[{"embeddable":true,"href":"https:\/\/www.cm-evora.pt\/en\/wp-json\/wp\/v2\/listas_ficheiros\/53742"},{"embeddable":true,"href":"https:\/\/www.cm-evora.pt\/en\/wp-json\/wp\/v2\/listas_ficheiros\/10938"}],"wp:attachment":[{"href":"https:\/\/www.cm-evora.pt\/en\/wp-json\/wp\/v2\/media?parent=10480"}],"wp:term":[{"taxonomy":"category","embeddable":true,"href":"https:\/\/www.cm-evora.pt\/en\/wp-json\/wp\/v2\/categories?post=10480"}],"curies":[{"name":"wp","href":"https:\/\/api.w.org\/{rel}","templated":true}]}}