{"id":10869,"date":"2020-07-01T12:35:37","date_gmt":"2020-07-01T11:35:37","guid":{"rendered":"https:\/\/evora2.int.skilltech.pt\/susProjects\/wp_evora2_suite\/?page_id=10869"},"modified":"2026-02-04T11:38:23","modified_gmt":"2026-02-04T11:38:23","slug":"residentes","status":"publish","type":"page","link":"https:\/\/www.cm-evora.pt\/en\/municipe\/areas-de-acao\/mobilidade-e-transportes\/estacionamento-tarifado\/residentes\/","title":{"rendered":"Residentes"},"content":{"rendered":"<p><\/p>\n<p style=\"text-align: center\"><a href=\"https:\/\/www.cm-evora.pt\/wp-content\/uploads\/2021\/10\/MockUp_SeloResidente2021.jpg\" target=\"_blank\" rel=\"noopener\"><img loading=\"lazy\" decoding=\"async\" class=\"alignnone wp-image-28094 size-full\" src=\"https:\/\/www.cm-evora.pt\/wp-content\/uploads\/2021\/10\/MockUp_SeloResidente2021.jpg\" alt=\"\" width=\"2444\" height=\"1522\" srcset=\"https:\/\/www.cm-evora.pt\/wp-content\/uploads\/2021\/10\/MockUp_SeloResidente2021.jpg 2444w, https:\/\/www.cm-evora.pt\/wp-content\/uploads\/2021\/10\/MockUp_SeloResidente2021-300x187.jpg 300w, https:\/\/www.cm-evora.pt\/wp-content\/uploads\/2021\/10\/MockUp_SeloResidente2021-1024x638.jpg 1024w, https:\/\/www.cm-evora.pt\/wp-content\/uploads\/2021\/10\/MockUp_SeloResidente2021-768x478.jpg 768w, https:\/\/www.cm-evora.pt\/wp-content\/uploads\/2021\/10\/MockUp_SeloResidente2021-1536x957.jpg 1536w, https:\/\/www.cm-evora.pt\/wp-content\/uploads\/2021\/10\/MockUp_SeloResidente2021-2048x1275.jpg 2048w, https:\/\/www.cm-evora.pt\/wp-content\/uploads\/2021\/10\/MockUp_SeloResidente2021-1320x822.jpg 1320w\" sizes=\"auto, (max-width: 2444px) 100vw, 2444px\" \/><\/a><\/p>\n<p>\u200b\u200b\u200b\u200b\u200b\u200b\u200b<\/p>\n<p>Sr.(a) Residente, no seu interesse regularize atempadamente a sua situa\u00e7\u00e3o e proceda \u00e0 Renova\u00e7\u00e3o do seu Selo de Residente dentro dos prazos estabelecidos.<\/p>\n<p>&nbsp;<\/p>\n<p><strong>Balc\u00e3o \u00danico<\/strong><\/p>\n<p>Edif\u00edcio dos Pa\u00e7os do Munic\u00edpio, Pra\u00e7a do Sert\u00f3rio, 7004-506, \u00c9vora<\/p>\n<p><u>Email<\/u>: <u><a href=\"mailto:cmevora@cm-evora.pt\" target=\"_blank\" rel=\"noopener\">cmevora@cm-evora.pt<\/a><\/u><\/p>\n<p><u>Telefone<\/u>: <a href=\"tel:+351266777000\" target=\"_blank\" rel=\"noopener\">+351 266 777 000<\/a> \u00abChamada para a rede fixa nacional\u00bb<\/p>\n<p><u>Fax<\/u>: 266 702 950<\/p>\n<p>&nbsp;<\/p>\n<p><strong>Hor\u00e1rio de funcionamento<\/strong>: dias \u00fateis das 09h00 \u00e0s 16h00.<\/p>\n<p>&nbsp;<\/p>\n<p style=\"text-align: center\"><a href=\"https:\/\/www.cm-evora.pt\/wp-content\/uploads\/2025\/02\/Tabela-de-Precos-Selo-de-Residente_Cores_Jan2025.pdf\" target=\"_blank\" rel=\"noopener\">Informa\u00e7\u00e3o &#8211; Renova\u00e7\u00e3o dos Selos de Residente<\/a>, para o ano de 2025.<\/p>\n<p><\/p>","protected":false},"excerpt":{"rendered":"<p>\u200b\u200b\u200b\u200b\u200b\u200b\u200b Sr.(a) Residente, no seu interesse regularize atempadamente a sua situa\u00e7\u00e3o e proceda \u00e0 Renova\u00e7\u00e3o do seu Selo de Residente dentro dos prazos estabelecidos. &nbsp; Balc\u00e3o \u00danico Edif\u00edcio dos Pa\u00e7os do Munic\u00edpio, Pra\u00e7a do Sert\u00f3rio, 7004-506, \u00c9vora Email: cmevora@cm-evora.pt Telefone: +351 266 777 000 \u00abChamada para a rede fixa nacional\u00bb Fax: 266 702 950 &nbsp; [&hellip;]<\/p>\n","protected":false},"author":1,"featured_media":0,"parent":2519,"menu_order":0,"comment_status":"closed","ping_status":"closed","template":"templates-map\/component-text-list-layout1.php","meta":{"_acf_changed":false,"footnotes":""},"categories":[],"class_list":["post-10869","page","type-page","status-publish","hentry"],"acf":[],"_links":{"self":[{"href":"https:\/\/www.cm-evora.pt\/en\/wp-json\/wp\/v2\/pages\/10869","targetHints":{"allow":["GET"]}}],"collection":[{"href":"https:\/\/www.cm-evora.pt\/en\/wp-json\/wp\/v2\/pages"}],"about":[{"href":"https:\/\/www.cm-evora.pt\/en\/wp-json\/wp\/v2\/types\/page"}],"author":[{"embeddable":true,"href":"https:\/\/www.cm-evora.pt\/en\/wp-json\/wp\/v2\/users\/1"}],"replies":[{"embeddable":true,"href":"https:\/\/www.cm-evora.pt\/en\/wp-json\/wp\/v2\/comments?post=10869"}],"version-history":[{"count":31,"href":"https:\/\/www.cm-evora.pt\/en\/wp-json\/wp\/v2\/pages\/10869\/revisions"}],"predecessor-version":[{"id":81382,"href":"https:\/\/www.cm-evora.pt\/en\/wp-json\/wp\/v2\/pages\/10869\/revisions\/81382"}],"up":[{"embeddable":true,"href":"https:\/\/www.cm-evora.pt\/en\/wp-json\/wp\/v2\/pages\/2519"}],"wp:attachment":[{"href":"https:\/\/www.cm-evora.pt\/en\/wp-json\/wp\/v2\/media?parent=10869"}],"wp:term":[{"taxonomy":"category","embeddable":true,"href":"https:\/\/www.cm-evora.pt\/en\/wp-json\/wp\/v2\/categories?post=10869"}],"curies":[{"name":"wp","href":"https:\/\/api.w.org\/{rel}","templated":true}]}}