{"id":10871,"date":"2020-07-01T12:40:42","date_gmt":"2020-07-01T11:40:42","guid":{"rendered":"https:\/\/evora2.int.skilltech.pt\/susProjects\/wp_evora2_suite\/?page_id=10871"},"modified":"2025-03-25T10:00:15","modified_gmt":"2025-03-25T10:00:15","slug":"taxas","status":"publish","type":"page","link":"https:\/\/www.cm-evora.pt\/en\/municipe\/areas-de-acao\/mobilidade-e-transportes\/estacionamento-tarifado\/taxas\/","title":{"rendered":"Taxas"},"content":{"rendered":"<h4><strong>Conhe\u00e7a as taxas nas diferentes zonas de estacionamento.<\/strong><\/h4>\n<p style=\"text-align: center\"><a href=\"https:\/\/www.cm-evora.pt\/wp-content\/uploads\/2023\/02\/PortalAguasCME_I02.png\" target=\"_blank\" rel=\"noopener\"><img loading=\"lazy\" decoding=\"async\" class=\"alignnone wp-image-45728 size-full\" src=\"https:\/\/www.cm-evora.pt\/wp-content\/uploads\/2023\/02\/PortalAguasCME_I02.png\" alt=\"\" width=\"440\" height=\"273\" srcset=\"https:\/\/www.cm-evora.pt\/wp-content\/uploads\/2023\/02\/PortalAguasCME_I02.png 440w, https:\/\/www.cm-evora.pt\/wp-content\/uploads\/2023\/02\/PortalAguasCME_I02-300x186.png 300w\" sizes=\"auto, (max-width: 440px) 100vw, 440px\" \/><\/a><\/p>\n<p>&nbsp;<\/p>\n<p><strong>Parc\u00f3metros no Centro Hist\u00f3rico<\/strong><\/p>\n<p><strong>Zona I<\/strong><\/p>\n<ul>\n<li style=\"list-style-type: none\">\n<ul>\n<li>15 minutos \u2013 0,20\u20ac<\/li>\n<li>1\u00aa hora \u2013 0,95\u20ac<\/li>\n<li>2\u00aa hora \u2013 0,95\u20ac<\/li>\n<li>3\u00aa e 4\u00aa hora \u2013 1,90\u20ac<\/li>\n<li>Tarifa m\u00e1xima di\u00e1ria\u201318,72\u20ac<\/li>\n<\/ul>\n<\/li>\n<\/ul>\n<p>&nbsp;<\/p>\n<p><strong>Zona II \u00e0 VII<\/strong><\/p>\n<ul>\n<li style=\"list-style-type: none\">\n<ul>\n<li>15 minutos \u2013 0,15\u20ac<\/li>\n<li>1\u00aa hora \u2013 0,80\u20ac<\/li>\n<li>2\u00aa hora \u2013 0,85\u20ac<\/li>\n<li>3\u00aa e 4\u00aa hora \u2013 1,30\u20ac<\/li>\n<li>Tarifa m\u00e1xima di\u00e1ria\u201313,46\u20ac<\/li>\n<\/ul>\n<\/li>\n<\/ul>\n<p>&nbsp;<\/p>\n<p><strong>Zona VIII (Horta de S. Domingos)<\/strong><\/p>\n<ul>\n<li style=\"list-style-type: none\">\n<ul>\n<li>15 minutos \u2013 0,15\u20ac<\/li>\n<li>1\u00aa hora \u2013 0,70\u20ac<\/li>\n<li>2\u00aa hora \u2013 0,85\u20ac<\/li>\n<li>3\u00aa, 4\u00aa hora e seguintes \u2013 0,95\u20ac<\/li>\n<li>Tarifa m\u00e1xima di\u00e1ria \u2013 10,10\u20ac<\/li>\n<\/ul>\n<\/li>\n<\/ul>\n<p>&nbsp;<\/p>\n<p><strong>Parques exteriores ao Centro Hist\u00f3rico<\/strong><\/p>\n<ul>\n<li style=\"list-style-type: none\">\n<ul>\n<li>15 minutos \u2013 0,10\u20ac<\/li>\n<li>1\u00aa e 2\u00aa hora \u2013 0,55\u20ac<\/li>\n<li>3\u00aa e 4\u00aa hora \u2013 0,90\u20ac<\/li>\n<li>Tarifa m\u00e1xima di\u00e1ria \u2013 9,14\u20ac<\/li>\n<\/ul>\n<\/li>\n<\/ul>\n<p>&nbsp;<\/p>\n<p><strong>Parque de estacionamento da Pra\u00e7a Joaquim Ant\u00f3nio de Aguiar (subterr\u00e2neo)<\/strong><\/p>\n<ul>\n<li style=\"list-style-type: none\">\n<ul>\n<li>1\u00ba quarto de hora \u2013 0,50\u20ac<\/li>\n<li>2\u00ba quarto de hora \u2013 0,30\u20ac<\/li>\n<li>3\u00ba quarto de hora \u2013 0,30\u20ac<\/li>\n<li>4\u00ba quarto de hora \u2013 0,20\u20ac<\/li>\n<li>Por cada quarto de hora seguinte \u2013 0,20\u20ac<\/li>\n<li>Taxa di\u00e1ria Noturna \u2013 3,80\u20ac<\/li>\n<li>Taxa Noturna Mensal \u2013 37,99\u20ac<\/li>\n<li>Taxa mensal de uso ilimitado para detentores de selo de residente \u2013 120,37\u20ac<\/li>\n<li>Taxa mensal de uso ilimitado \u2013 145,68\u20ac<\/li>\n<\/ul>\n<\/li>\n<\/ul>\n<p>&nbsp;<\/p>\n","protected":false},"excerpt":{"rendered":"<p>Conhe\u00e7a as taxas nas diferentes zonas de estacionamento. &nbsp; Parc\u00f3metros no Centro Hist\u00f3rico Zona I 15 minutos \u2013 0,20\u20ac 1\u00aa hora \u2013 0,95\u20ac 2\u00aa hora \u2013 0,95\u20ac 3\u00aa e 4\u00aa hora \u2013 1,90\u20ac Tarifa m\u00e1xima di\u00e1ria\u201318,72\u20ac &nbsp; Zona II \u00e0 VII 15 minutos \u2013 0,15\u20ac 1\u00aa hora \u2013 0,80\u20ac 2\u00aa hora \u2013 0,85\u20ac 3\u00aa e [&hellip;]<\/p>\n","protected":false},"author":1,"featured_media":0,"parent":2519,"menu_order":3,"comment_status":"closed","ping_status":"closed","template":"templates-map\/component-text-layout1.php","meta":{"_acf_changed":false,"footnotes":""},"categories":[],"class_list":["post-10871","page","type-page","status-publish","hentry"],"acf":{"imagens":"","titulo_docs_seccao":"","documentos":[14071,69811,66926,66929]},"_links":{"self":[{"href":"https:\/\/www.cm-evora.pt\/en\/wp-json\/wp\/v2\/pages\/10871","targetHints":{"allow":["GET"]}}],"collection":[{"href":"https:\/\/www.cm-evora.pt\/en\/wp-json\/wp\/v2\/pages"}],"about":[{"href":"https:\/\/www.cm-evora.pt\/en\/wp-json\/wp\/v2\/types\/page"}],"author":[{"embeddable":true,"href":"https:\/\/www.cm-evora.pt\/en\/wp-json\/wp\/v2\/users\/1"}],"replies":[{"embeddable":true,"href":"https:\/\/www.cm-evora.pt\/en\/wp-json\/wp\/v2\/comments?post=10871"}],"version-history":[{"count":13,"href":"https:\/\/www.cm-evora.pt\/en\/wp-json\/wp\/v2\/pages\/10871\/revisions"}],"predecessor-version":[{"id":72588,"href":"https:\/\/www.cm-evora.pt\/en\/wp-json\/wp\/v2\/pages\/10871\/revisions\/72588"}],"up":[{"embeddable":true,"href":"https:\/\/www.cm-evora.pt\/en\/wp-json\/wp\/v2\/pages\/2519"}],"acf:post":[{"embeddable":true,"href":"https:\/\/www.cm-evora.pt\/en\/wp-json\/wp\/v2\/listas_ficheiros\/66929"},{"embeddable":true,"href":"https:\/\/www.cm-evora.pt\/en\/wp-json\/wp\/v2\/listas_ficheiros\/66926"},{"embeddable":true,"href":"https:\/\/www.cm-evora.pt\/en\/wp-json\/wp\/v2\/listas_ficheiros\/69811"},{"embeddable":true,"href":"https:\/\/www.cm-evora.pt\/en\/wp-json\/wp\/v2\/listas_ficheiros\/14071"}],"wp:attachment":[{"href":"https:\/\/www.cm-evora.pt\/en\/wp-json\/wp\/v2\/media?parent=10871"}],"wp:term":[{"taxonomy":"category","embeddable":true,"href":"https:\/\/www.cm-evora.pt\/en\/wp-json\/wp\/v2\/categories?post=10871"}],"curies":[{"name":"wp","href":"https:\/\/api.w.org\/{rel}","templated":true}]}}