{"id":10883,"date":"2020-07-01T12:55:56","date_gmt":"2020-07-01T11:55:56","guid":{"rendered":"https:\/\/evora2.int.skilltech.pt\/susProjects\/wp_evora2_suite\/?page_id=10883"},"modified":"2023-02-16T10:09:10","modified_gmt":"2023-02-16T10:09:10","slug":"projeto-saude-evora","status":"publish","type":"page","link":"https:\/\/www.cm-evora.pt\/en\/municipe\/areas-de-acao\/saude\/programas-para-a-saude\/projeto-saude-evora\/","title":{"rendered":"(Portugu\u00eas) Projeto Sa\u00fade +\u00c9vora"},"content":{"rendered":"<p class=\"qtranxs-available-languages-message qtranxs-available-languages-message-en\">Sorry, this entry is only available in <a href=\"https:\/\/www.cm-evora.pt\/pt\/wp-json\/wp\/v2\/pages\/10883\" class=\"qtranxs-available-language-link qtranxs-available-language-link-pt\" title=\"Portugu\u00eas\">Portugu\u00eas<\/a>.<\/p><p><\/p>\n<p style=\"text-align: center\"><a href=\"https:\/\/www.cm-evora.pt\/wp-content\/uploads\/2020\/07\/proeto-saude.jpg\" target=\"_blank\" rel=\"noopener\"><img loading=\"lazy\" decoding=\"async\" class=\"alignnone wp-image-11048 size-full\" src=\"https:\/\/www.cm-evora.pt\/wp-content\/uploads\/2020\/07\/proeto-saude.jpg\" alt=\"\" width=\"639\" height=\"362\" srcset=\"https:\/\/www.cm-evora.pt\/wp-content\/uploads\/2020\/07\/proeto-saude.jpg 639w, https:\/\/www.cm-evora.pt\/wp-content\/uploads\/2020\/07\/proeto-saude-300x170.jpg 300w\" sizes=\"auto, (max-width: 639px) 100vw, 639px\" \/><\/a><\/p>\n<p>&nbsp;<\/p>\n<p>A C\u00e2mara Municipal de \u00c9vora, em conjunto com as Juntas de Freguesia do Concelho t\u00eam vindo a equipar todo o Concelho com diversos equipamentos desportivos. Neste sentido e com a finalidade de qualificar e sensibilizar a participa\u00e7\u00e3o dos mun\u00edcipes, foi criado o Gabinete de Avalia\u00e7\u00e3o, Indica\u00e7\u00e3o e Acompanhamento.<\/p>\n<p>Este projeto conta com a parceria dos Centros de Sa\u00fade de \u00c9vora que atrav\u00e9s dos respetivos m\u00e9dicos de fam\u00edlia poder\u00e3o acompanhar a evolu\u00e7\u00e3o dos respetivos utentes.<\/p>\n<p>&nbsp;<\/p>\n<p><strong>ATIVIDADE GRATUITA | <\/strong>Apare\u00e7a nos dias e locais indicados e ser\u00e1 acompanhado por um profissional de Desporto.<\/p>\n<p>5 de maio l 10h00 \u00e0s 13h00<\/p>\n<p>Pra\u00e7a Jos\u00e9 Correia \u2013 Bacelo<\/p>\n<p>&nbsp;<\/p>","protected":false},"excerpt":{"rendered":"<p>Sorry, this entry is only available in Portugu\u00eas. &nbsp; A C\u00e2mara Municipal de \u00c9vora, em conjunto com as Juntas de Freguesia do Concelho t\u00eam vindo a equipar todo o Concelho com diversos equipamentos desportivos. Neste sentido e com a finalidade de qualificar e sensibilizar a participa\u00e7\u00e3o dos mun\u00edcipes, foi criado o Gabinete de Avalia\u00e7\u00e3o, Indica\u00e7\u00e3o [&hellip;]<\/p>\n","protected":false},"author":1,"featured_media":0,"parent":2532,"menu_order":0,"comment_status":"closed","ping_status":"closed","template":"templates-map\/component-text-layout1.php","meta":{"_acf_changed":false,"footnotes":""},"categories":[],"class_list":["post-10883","page","type-page","status-publish","hentry"],"acf":{"imagens":"","titulo_docs_seccao":"","documentos":[11051]},"_links":{"self":[{"href":"https:\/\/www.cm-evora.pt\/en\/wp-json\/wp\/v2\/pages\/10883","targetHints":{"allow":["GET"]}}],"collection":[{"href":"https:\/\/www.cm-evora.pt\/en\/wp-json\/wp\/v2\/pages"}],"about":[{"href":"https:\/\/www.cm-evora.pt\/en\/wp-json\/wp\/v2\/types\/page"}],"author":[{"embeddable":true,"href":"https:\/\/www.cm-evora.pt\/en\/wp-json\/wp\/v2\/users\/1"}],"replies":[{"embeddable":true,"href":"https:\/\/www.cm-evora.pt\/en\/wp-json\/wp\/v2\/comments?post=10883"}],"version-history":[{"count":6,"href":"https:\/\/www.cm-evora.pt\/en\/wp-json\/wp\/v2\/pages\/10883\/revisions"}],"predecessor-version":[{"id":45743,"href":"https:\/\/www.cm-evora.pt\/en\/wp-json\/wp\/v2\/pages\/10883\/revisions\/45743"}],"up":[{"embeddable":true,"href":"https:\/\/www.cm-evora.pt\/en\/wp-json\/wp\/v2\/pages\/2532"}],"acf:post":[{"embeddable":true,"href":"https:\/\/www.cm-evora.pt\/en\/wp-json\/wp\/v2\/listas_ficheiros\/11051"}],"wp:attachment":[{"href":"https:\/\/www.cm-evora.pt\/en\/wp-json\/wp\/v2\/media?parent=10883"}],"wp:term":[{"taxonomy":"category","embeddable":true,"href":"https:\/\/www.cm-evora.pt\/en\/wp-json\/wp\/v2\/categories?post=10883"}],"curies":[{"name":"wp","href":"https:\/\/api.w.org\/{rel}","templated":true}]}}