{"id":10885,"date":"2020-07-01T12:56:23","date_gmt":"2020-07-01T11:56:23","guid":{"rendered":"https:\/\/evora2.int.skilltech.pt\/susProjects\/wp_evora2_suite\/?page_id=10885"},"modified":"2026-03-03T09:29:49","modified_gmt":"2026-03-03T09:29:49","slug":"desafio-pela-saude","status":"publish","type":"page","link":"https:\/\/www.cm-evora.pt\/en\/municipe\/areas-de-acao\/saude\/programas-para-a-saude\/desafio-pela-saude\/","title":{"rendered":"Desafio pela Sa\u00fade"},"content":{"rendered":"<p>A iniciativa Desafio Pela Sa\u00fade, Desporto e Paz, desenvolvida desde 2013, que tem como finalidade sensibilizar a popula\u00e7\u00e3o em geral para a ado\u00e7\u00e3o de estilos de vida ativos e saud\u00e1veis, est\u00e1 de regresso nos dias 4, 5 e 6 de abril, uma variedade de atividades gratuitas para todas as idades.<\/p>\n<div class=\"xdj266r x11i5rnm xat24cr x1mh8g0r x1vvkbs x126k92a\"><\/div>\n<div class=\"x11i5rnm xat24cr x1mh8g0r x1vvkbs xtlvy1s x126k92a\">\n<div dir=\"auto\">\n<p>Alinhado com o tema do Dia Mundial da Sa\u00fade de 2025, celebrado em 7 de abril e subordinado \u00e0 sa\u00fade materna e neonatal com o lema &#8220;Healthy beginnings, hopeful futures&#8221; (Come\u00e7o Saud\u00e1vel, Esperan\u00e7a no Futuro), o programa deste ano incluir\u00e1, como \u00e9 habitual, mais de tr\u00eas dezenas de iniciativas. De todas, destaque para a &#8220;Caminhada das Escolas \u2013 Serpente Papa L\u00e9guas&#8221;, que tradicionalmente re\u00fane milhares de crian\u00e7as; para a Caminhada Pela Paz; para as Miniolimp\u00edadas e para a \u201cCorrida Pelas Freguesias\u201d, aberta a todos os interessados.<\/p>\n<p>A Arena D&#8217;\u00c9vora ser\u00e1 o palco do Desporto Adaptado, enquanto o Jardim P\u00fablico acolher\u00e1 o &#8220;Espa\u00e7o Sa\u00fade&#8221;, onde os participantes poder\u00e3o obter informa\u00e7\u00f5es e aconselhamento sobre diversos temas relacionados com a sa\u00fade. Haver\u00e1 ainda lugar a um Mass Training em Suporte B\u00e1sico de Vida, previsto para o pal\u00e1cio D. Manuel, e que que ter\u00e1 como principal objetivo ensinar como atuar numa paragem cardiorrespirat\u00f3ria.<\/p>\n<p>O &#8220;Desafio Pela Sa\u00fade, Desporto e Paz&#8221; \u00e9 uma iniciativa conjunta da C\u00e2mara Municipal de \u00c9vora, da Universidade de \u00c9vora, da Unidade Local de Sa\u00fade do Alentejo Central, da Dire\u00e7\u00e3o Geral do Estabelecimentos Escolares, da Unidade de Cuidados na Comunidade, do Instituto Portugu\u00eas do Desporto e Juventude, da Pol\u00edcia de Seguran\u00e7a P\u00fablica, entre outras entidades locais.<\/p>\n<\/div>\n<\/div>\n<p>&nbsp;<\/p>\n<h3 style=\"text-align: center\"><strong>Programa de Atividades do Desafio pela Sa\u00fade 2025 <a href=\"https:\/\/www.cm-evora.pt\/eventos\/desafio-pela-saude-2025\/\" target=\"_blank\" rel=\"noopener\">aqui<\/a>.<\/strong><\/h3>\n<p>&nbsp;<\/p>\n<p style=\"text-align: center\"><a href=\"https:\/\/www.cm-evora.pt\/wp-content\/uploads\/2025\/03\/480046011_1052127600284598_4400661593416000359_n.jpg\"><img loading=\"lazy\" decoding=\"async\" class=\"alignnone size-full wp-image-72594\" src=\"https:\/\/www.cm-evora.pt\/wp-content\/uploads\/2025\/03\/480046011_1052127600284598_4400661593416000359_n.jpg\" alt=\"\" width=\"1123\" height=\"1588\" srcset=\"https:\/\/www.cm-evora.pt\/wp-content\/uploads\/2025\/03\/480046011_1052127600284598_4400661593416000359_n.jpg 1123w, https:\/\/www.cm-evora.pt\/wp-content\/uploads\/2025\/03\/480046011_1052127600284598_4400661593416000359_n-212x300.jpg 212w, https:\/\/www.cm-evora.pt\/wp-content\/uploads\/2025\/03\/480046011_1052127600284598_4400661593416000359_n-724x1024.jpg 724w, https:\/\/www.cm-evora.pt\/wp-content\/uploads\/2025\/03\/480046011_1052127600284598_4400661593416000359_n-768x1086.jpg 768w, https:\/\/www.cm-evora.pt\/wp-content\/uploads\/2025\/03\/480046011_1052127600284598_4400661593416000359_n-1086x1536.jpg 1086w\" sizes=\"auto, (max-width: 1123px) 100vw, 1123px\" \/><\/a><\/p>\n<p><\/p>","protected":false},"excerpt":{"rendered":"<p>A iniciativa Desafio Pela Sa\u00fade, Desporto e Paz, desenvolvida desde 2013, que tem como finalidade sensibilizar a popula\u00e7\u00e3o em geral para a ado\u00e7\u00e3o de estilos de vida ativos e saud\u00e1veis, est\u00e1 de regresso nos dias 4, 5 e 6 de abril, uma variedade de atividades gratuitas para todas as idades. Alinhado com o tema do [&hellip;]<\/p>\n","protected":false},"author":1,"featured_media":0,"parent":2532,"menu_order":1,"comment_status":"closed","ping_status":"closed","template":"templates-map\/component-text-layout1.php","meta":{"_acf_changed":false,"footnotes":""},"categories":[],"class_list":["post-10885","page","type-page","status-publish","hentry"],"acf":{"imagens":"","titulo_docs_seccao":"","documentos":""},"_links":{"self":[{"href":"https:\/\/www.cm-evora.pt\/en\/wp-json\/wp\/v2\/pages\/10885","targetHints":{"allow":["GET"]}}],"collection":[{"href":"https:\/\/www.cm-evora.pt\/en\/wp-json\/wp\/v2\/pages"}],"about":[{"href":"https:\/\/www.cm-evora.pt\/en\/wp-json\/wp\/v2\/types\/page"}],"author":[{"embeddable":true,"href":"https:\/\/www.cm-evora.pt\/en\/wp-json\/wp\/v2\/users\/1"}],"replies":[{"embeddable":true,"href":"https:\/\/www.cm-evora.pt\/en\/wp-json\/wp\/v2\/comments?post=10885"}],"version-history":[{"count":50,"href":"https:\/\/www.cm-evora.pt\/en\/wp-json\/wp\/v2\/pages\/10885\/revisions"}],"predecessor-version":[{"id":82042,"href":"https:\/\/www.cm-evora.pt\/en\/wp-json\/wp\/v2\/pages\/10885\/revisions\/82042"}],"up":[{"embeddable":true,"href":"https:\/\/www.cm-evora.pt\/en\/wp-json\/wp\/v2\/pages\/2532"}],"wp:attachment":[{"href":"https:\/\/www.cm-evora.pt\/en\/wp-json\/wp\/v2\/media?parent=10885"}],"wp:term":[{"taxonomy":"category","embeddable":true,"href":"https:\/\/www.cm-evora.pt\/en\/wp-json\/wp\/v2\/categories?post=10885"}],"curies":[{"name":"wp","href":"https:\/\/api.w.org\/{rel}","templated":true}]}}