{"id":11252,"date":"2020-07-02T12:26:56","date_gmt":"2020-07-02T11:26:56","guid":{"rendered":"https:\/\/evora2.int.skilltech.pt\/susProjects\/wp_evora2_suite\/?page_id=11252"},"modified":"2023-02-20T14:55:22","modified_gmt":"2023-02-20T14:55:22","slug":"adocao-de-animais","status":"publish","type":"page","link":"https:\/\/www.cm-evora.pt\/en\/adocao-de-animais\/","title":{"rendered":"(Portugu\u00eas) Projeto Fiel"},"content":{"rendered":"<p class=\"qtranxs-available-languages-message qtranxs-available-languages-message-en\">Sorry, this entry is only available in <a href=\"https:\/\/www.cm-evora.pt\/pt\/wp-json\/wp\/v2\/pages\/11252\" class=\"qtranxs-available-language-link qtranxs-available-language-link-pt\" title=\"Portugu\u00eas\">Portugu\u00eas<\/a>.<\/p><p><\/p>\n<p style=\"text-align: center\"><a href=\"https:\/\/www.cm-evora.pt\/wp-content\/uploads\/2020\/07\/adota_me.jpg\" target=\"_blank\" rel=\"noopener\"><img loading=\"lazy\" decoding=\"async\" class=\"alignnone wp-image-11339\" src=\"https:\/\/www.cm-evora.pt\/wp-content\/uploads\/2020\/07\/adota_me.jpg\" alt=\"\" width=\"865\" height=\"490\" srcset=\"https:\/\/www.cm-evora.pt\/wp-content\/uploads\/2020\/07\/adota_me.jpg 639w, https:\/\/www.cm-evora.pt\/wp-content\/uploads\/2020\/07\/adota_me-300x170.jpg 300w\" sizes=\"auto, (max-width: 865px) 100vw, 865px\" \/><\/a><\/p>\n<p>&nbsp;<\/p>\n<p>O projeto fiel \u00e9 um projeto multidimensional e inovador de promo\u00e7\u00e3o da sa\u00fade e bem-estar dos animais do canil municipal, e sua ado\u00e7\u00e3o. Procuramos intervir na comunidade em diversas a\u00e7\u00f5es socioeducativas e iniciativas de voluntariado, que promovam a posse respons\u00e1vel e o combate ao abandono de animais de companhia.<\/p>\n<p>Siga-nos em <a href=\"http:\/\/www.facebook.com\/projetofiel\" target=\"_blank\" rel=\"noopener\">www.facebook.com\/projetofiel<\/a><\/p>\n<p>&nbsp;<\/p>\n\n\t\t<style type=\"text\/css\">\n\t\t\t#gallery-1 {\n\t\t\t\tmargin: auto;\n\t\t\t}\n\t\t\t#gallery-1 .gallery-item {\n\t\t\t\tfloat: left;\n\t\t\t\tmargin-top: 10px;\n\t\t\t\ttext-align: center;\n\t\t\t\twidth: 50%;\n\t\t\t}\n\t\t\t#gallery-1 img {\n\t\t\t\tborder: 2px solid #cfcfcf;\n\t\t\t}\n\t\t\t#gallery-1 .gallery-caption {\n\t\t\t\tmargin-left: 0;\n\t\t\t}\n\t\t\t\/* see gallery_shortcode() in wp-includes\/media.php *\/\n\t\t<\/style>\n\t\t<div id='gallery-1' class='gallery galleryid-11252 gallery-columns-2 gallery-size-full'><dl class='gallery-item'>\n\t\t\t<dt class='gallery-icon landscape'>\n\t\t\t\t<a href='https:\/\/www.cm-evora.pt\/wp-content\/uploads\/2021\/02\/voluntariado-fiel-1.jpg'><img loading=\"lazy\" decoding=\"async\" width=\"1920\" height=\"1441\" src=\"https:\/\/www.cm-evora.pt\/wp-content\/uploads\/2021\/02\/voluntariado-fiel-1.jpg\" class=\"attachment-full size-full\" alt=\"\" srcset=\"https:\/\/www.cm-evora.pt\/wp-content\/uploads\/2021\/02\/voluntariado-fiel-1.jpg 1920w, https:\/\/www.cm-evora.pt\/wp-content\/uploads\/2021\/02\/voluntariado-fiel-1-300x225.jpg 300w, https:\/\/www.cm-evora.pt\/wp-content\/uploads\/2021\/02\/voluntariado-fiel-1-1024x769.jpg 1024w, https:\/\/www.cm-evora.pt\/wp-content\/uploads\/2021\/02\/voluntariado-fiel-1-768x576.jpg 768w, https:\/\/www.cm-evora.pt\/wp-content\/uploads\/2021\/02\/voluntariado-fiel-1-1536x1153.jpg 1536w, https:\/\/www.cm-evora.pt\/wp-content\/uploads\/2021\/02\/voluntariado-fiel-1-1320x991.jpg 1320w\" sizes=\"auto, (max-width: 1920px) 100vw, 1920px\" \/><\/a>\n\t\t\t<\/dt><\/dl><dl class='gallery-item'>\n\t\t\t<dt class='gallery-icon landscape'>\n\t\t\t\t<a href='https:\/\/www.cm-evora.pt\/wp-content\/uploads\/2021\/02\/leitura-ccanil.jpg'><img loading=\"lazy\" decoding=\"async\" width=\"2048\" height=\"1536\" src=\"https:\/\/www.cm-evora.pt\/wp-content\/uploads\/2021\/02\/leitura-ccanil.jpg\" class=\"attachment-full size-full\" alt=\"\" srcset=\"https:\/\/www.cm-evora.pt\/wp-content\/uploads\/2021\/02\/leitura-ccanil.jpg 2048w, https:\/\/www.cm-evora.pt\/wp-content\/uploads\/2021\/02\/leitura-ccanil-300x225.jpg 300w, https:\/\/www.cm-evora.pt\/wp-content\/uploads\/2021\/02\/leitura-ccanil-1024x768.jpg 1024w, https:\/\/www.cm-evora.pt\/wp-content\/uploads\/2021\/02\/leitura-ccanil-768x576.jpg 768w, https:\/\/www.cm-evora.pt\/wp-content\/uploads\/2021\/02\/leitura-ccanil-1536x1152.jpg 1536w, https:\/\/www.cm-evora.pt\/wp-content\/uploads\/2021\/02\/leitura-ccanil-1320x990.jpg 1320w\" sizes=\"auto, (max-width: 2048px) 100vw, 2048px\" \/><\/a>\n\t\t\t<\/dt><\/dl><br style=\"clear: both\" \/>\n\t\t<\/div>\n\n<h3><\/h3>\n<h3 style=\"text-align: center\"><strong>Adote!<\/strong><\/h3>\n<p>&nbsp;<\/p>\n<p>Temos c\u00e3es, gatos e por vezes cavalos para ado\u00e7\u00e3o!<\/p>\n<p>Consulte <a href=\"http:\/\/aplic.cm-evora.pt\/adotarnocanil\" target=\"_blank\" rel=\"noopener\">http:\/\/aplic.cm-evora.pt\/adotarnocanil<\/a>. Envie email para <a href=\"mailto:canil@cm-evora.pt\" target=\"_blank\" rel=\"noopener\">canil@cm-evora.pt<\/a> ou mensagem privada para <a href=\"http:\/\/www.facebook.com\/projetofiel\" target=\"_blank\" rel=\"noopener\">(FB) Projeto Fiel<\/a> no facebook ou ligue <a href=\"tel:+351266777182\" target=\"_blank\" rel=\"noopener\">+351 266 777 182<\/a> \u00abChamada para a rede fixa nacional\u00bb.<\/p>\n<p>&nbsp;<\/p>\n\n\t\t<style type=\"text\/css\">\n\t\t\t#gallery-2 {\n\t\t\t\tmargin: auto;\n\t\t\t}\n\t\t\t#gallery-2 .gallery-item {\n\t\t\t\tfloat: left;\n\t\t\t\tmargin-top: 10px;\n\t\t\t\ttext-align: center;\n\t\t\t\twidth: 50%;\n\t\t\t}\n\t\t\t#gallery-2 img {\n\t\t\t\tborder: 2px solid #cfcfcf;\n\t\t\t}\n\t\t\t#gallery-2 .gallery-caption {\n\t\t\t\tmargin-left: 0;\n\t\t\t}\n\t\t\t\/* see gallery_shortcode() in wp-includes\/media.php *\/\n\t\t<\/style>\n\t\t<div id='gallery-2' class='gallery galleryid-11252 gallery-columns-2 gallery-size-full'><dl class='gallery-item'>\n\t\t\t<dt class='gallery-icon landscape'>\n\t\t\t\t<a href='https:\/\/www.cm-evora.pt\/wp-content\/uploads\/2021\/02\/ca\u0303o-adoc\u0327a\u0303o-1-e1612456513105.jpg'><img loading=\"lazy\" decoding=\"async\" width=\"846\" height=\"728\" src=\"https:\/\/www.cm-evora.pt\/wp-content\/uploads\/2021\/02\/ca\u0303o-adoc\u0327a\u0303o-1-e1612456513105.jpg\" class=\"attachment-full size-full\" alt=\"\" srcset=\"https:\/\/www.cm-evora.pt\/wp-content\/uploads\/2021\/02\/ca\u0303o-adoc\u0327a\u0303o-1-e1612456513105.jpg 846w, https:\/\/www.cm-evora.pt\/wp-content\/uploads\/2021\/02\/ca\u0303o-adoc\u0327a\u0303o-1-e1612456513105-300x258.jpg 300w, https:\/\/www.cm-evora.pt\/wp-content\/uploads\/2021\/02\/ca\u0303o-adoc\u0327a\u0303o-1-e1612456513105-768x661.jpg 768w\" sizes=\"auto, (max-width: 846px) 100vw, 846px\" \/><\/a>\n\t\t\t<\/dt><\/dl><dl class='gallery-item'>\n\t\t\t<dt class='gallery-icon landscape'>\n\t\t\t\t<a href='https:\/\/www.cm-evora.pt\/wp-content\/uploads\/2021\/02\/gato-adoc\u0327a\u0303o-1-e1612456539680.jpg'><img loading=\"lazy\" decoding=\"async\" width=\"986\" height=\"838\" src=\"https:\/\/www.cm-evora.pt\/wp-content\/uploads\/2021\/02\/gato-adoc\u0327a\u0303o-1-e1612456539680.jpg\" class=\"attachment-full size-full\" alt=\"\" srcset=\"https:\/\/www.cm-evora.pt\/wp-content\/uploads\/2021\/02\/gato-adoc\u0327a\u0303o-1-e1612456539680.jpg 986w, https:\/\/www.cm-evora.pt\/wp-content\/uploads\/2021\/02\/gato-adoc\u0327a\u0303o-1-e1612456539680-300x255.jpg 300w, https:\/\/www.cm-evora.pt\/wp-content\/uploads\/2021\/02\/gato-adoc\u0327a\u0303o-1-e1612456539680-768x653.jpg 768w\" sizes=\"auto, (max-width: 986px) 100vw, 986px\" \/><\/a>\n\t\t\t<\/dt><\/dl><br style=\"clear: both\" \/>\n\t\t<\/div>\n\n<p>&nbsp;<\/p>\n<p><strong>Para mais informa\u00e7\u00f5es<\/strong><\/p>\n<p>Canil Municipal de \u00c9vora<\/p>\n<p>Rua Ant\u00f3nio Francisco Melro, Zona industrial da Horta das Figueiras, 7005-212 \u00c9vora<\/p>\n<p><u>Telefone<\/u>: <a href=\"tel:+351266777182\" target=\"_blank\" rel=\"noopener\">+351 266 777 182<\/a> \u00abChamada para a rede fixa nacional\u00bb<\/p>\n<p><u>Email<\/u>: <a href=\"mailto:canil@cm-evora.pt\" target=\"_blank\" rel=\"noopener\">canil@cm-evora.pt<\/a><\/p>\n<p><u>Mensagem Privada<\/u>: <a href=\"https:\/\/www.facebook.com\/ProjetoFiel\" target=\"_blank\" rel=\"noopener\">FB Projeto Fiel<\/a><\/p>\n<p><u>Hor\u00e1rio de Funcionamento<\/u>: Dias \u00fateis das 09h00 \u00e0s 13h00 e das 14h00 \u00e0s 17h00.<\/p>\n<p>&nbsp;<\/p>","protected":false},"excerpt":{"rendered":"<p>Sorry, this entry is only available in Portugu\u00eas. &nbsp; O projeto fiel \u00e9 um projeto multidimensional e inovador de promo\u00e7\u00e3o da sa\u00fade e bem-estar dos animais do canil municipal, e sua ado\u00e7\u00e3o. Procuramos intervir na comunidade em diversas a\u00e7\u00f5es socioeducativas e iniciativas de voluntariado, que promovam a posse respons\u00e1vel e o combate ao abandono de [&hellip;]<\/p>\n","protected":false},"author":1,"featured_media":0,"parent":0,"menu_order":8,"comment_status":"closed","ping_status":"closed","template":"templates-map\/component-text-layout1.php","meta":{"_acf_changed":false,"footnotes":""},"categories":[],"class_list":["post-11252","page","type-page","status-publish","hentry"],"acf":{"imagens":"","titulo_docs_seccao":"","documentos":[11347,11344]},"_links":{"self":[{"href":"https:\/\/www.cm-evora.pt\/en\/wp-json\/wp\/v2\/pages\/11252","targetHints":{"allow":["GET"]}}],"collection":[{"href":"https:\/\/www.cm-evora.pt\/en\/wp-json\/wp\/v2\/pages"}],"about":[{"href":"https:\/\/www.cm-evora.pt\/en\/wp-json\/wp\/v2\/types\/page"}],"author":[{"embeddable":true,"href":"https:\/\/www.cm-evora.pt\/en\/wp-json\/wp\/v2\/users\/1"}],"replies":[{"embeddable":true,"href":"https:\/\/www.cm-evora.pt\/en\/wp-json\/wp\/v2\/comments?post=11252"}],"version-history":[{"count":14,"href":"https:\/\/www.cm-evora.pt\/en\/wp-json\/wp\/v2\/pages\/11252\/revisions"}],"predecessor-version":[{"id":45818,"href":"https:\/\/www.cm-evora.pt\/en\/wp-json\/wp\/v2\/pages\/11252\/revisions\/45818"}],"acf:post":[{"embeddable":true,"href":"https:\/\/www.cm-evora.pt\/en\/wp-json\/wp\/v2\/listas_ficheiros\/11344"},{"embeddable":true,"href":"https:\/\/www.cm-evora.pt\/en\/wp-json\/wp\/v2\/listas_ficheiros\/11347"}],"wp:attachment":[{"href":"https:\/\/www.cm-evora.pt\/en\/wp-json\/wp\/v2\/media?parent=11252"}],"wp:term":[{"taxonomy":"category","embeddable":true,"href":"https:\/\/www.cm-evora.pt\/en\/wp-json\/wp\/v2\/categories?post=11252"}],"curies":[{"name":"wp","href":"https:\/\/api.w.org\/{rel}","templated":true}]}}