{"id":11254,"date":"2020-07-02T12:28:09","date_gmt":"2020-07-02T11:28:09","guid":{"rendered":"https:\/\/evora2.int.skilltech.pt\/susProjects\/wp_evora2_suite\/?page_id=11254"},"modified":"2023-02-20T14:52:05","modified_gmt":"2023-02-20T14:52:05","slug":"esterilizar-solidario","status":"publish","type":"page","link":"https:\/\/www.cm-evora.pt\/en\/esterilizar-solidario\/","title":{"rendered":"(Portugu\u00eas) Esterilizar Solid\u00e1rio"},"content":{"rendered":"<p class=\"qtranxs-available-languages-message qtranxs-available-languages-message-en\">Sorry, this entry is only available in <a href=\"https:\/\/www.cm-evora.pt\/pt\/wp-json\/wp\/v2\/pages\/11254\" class=\"qtranxs-available-language-link qtranxs-available-language-link-pt\" title=\"Portugu\u00eas\">Portugu\u00eas<\/a>.<\/p><p><\/p>\n<p style=\"text-align: center\"><a href=\"https:\/\/www.cm-evora.pt\/wp-content\/uploads\/2021\/10\/esterilizac\u0327a\u0303o02_BannerSite-03.png\" target=\"_blank\" rel=\"noopener\"><img loading=\"lazy\" decoding=\"async\" class=\"alignnone wp-image-28257 size-full\" src=\"https:\/\/www.cm-evora.pt\/wp-content\/uploads\/2021\/10\/esterilizac\u0327a\u0303o02_BannerSite-03.png\" alt=\"\" width=\"1922\" height=\"652\" srcset=\"https:\/\/www.cm-evora.pt\/wp-content\/uploads\/2021\/10\/esterilizac\u0327a\u0303o02_BannerSite-03.png 1922w, https:\/\/www.cm-evora.pt\/wp-content\/uploads\/2021\/10\/esterilizac\u0327a\u0303o02_BannerSite-03-300x102.png 300w, https:\/\/www.cm-evora.pt\/wp-content\/uploads\/2021\/10\/esterilizac\u0327a\u0303o02_BannerSite-03-1024x347.png 1024w, https:\/\/www.cm-evora.pt\/wp-content\/uploads\/2021\/10\/esterilizac\u0327a\u0303o02_BannerSite-03-768x261.png 768w, https:\/\/www.cm-evora.pt\/wp-content\/uploads\/2021\/10\/esterilizac\u0327a\u0303o02_BannerSite-03-1536x521.png 1536w, https:\/\/www.cm-evora.pt\/wp-content\/uploads\/2021\/10\/esterilizac\u0327a\u0303o02_BannerSite-03-1920x650.png 1920w, https:\/\/www.cm-evora.pt\/wp-content\/uploads\/2021\/10\/esterilizac\u0327a\u0303o02_BannerSite-03-1320x448.png 1320w\" sizes=\"auto, (max-width: 1922px) 100vw, 1922px\" \/><\/a><\/p>\n<p>&nbsp;<\/p>\n<p>O programa esterilizar solid\u00e1rio \u00e9 um programa de esteriliza\u00e7\u00e3o para c\u00e3es e gatos de mun\u00edcipes carenciados do concelho de \u00c9vora. Caso esteja em situa\u00e7\u00e3o de car\u00eancia econ\u00f3mica, inscreva-se na junta de freguesia da sua \u00e1rea de resid\u00eancia.<\/p>\n<p>&nbsp;<\/p>\n<p><iframe loading=\"lazy\" title=\"Campanha &quot;Esterilizar Solid\u00e1rio&quot;\" width=\"500\" height=\"281\" src=\"https:\/\/www.youtube.com\/embed\/eJBdQtvlxZo?feature=oembed\" frameborder=\"0\" allow=\"accelerometer; autoplay; clipboard-write; encrypted-media; gyroscope; picture-in-picture; web-share\" referrerpolicy=\"strict-origin-when-cross-origin\" allowfullscreen><\/iframe><\/p>\n<p>&nbsp;<\/p>\n<p>Ao esterilizar o seu animal de companhia, o cidad\u00e3o contribui para controlar a not\u00f3ria crise de animais sem dono, que resulta anualmente no alojamento de milhares de c\u00e3es e gatos em institui\u00e7\u00f5es. Apenas uma pequena percentagem desses animais conseguir\u00e1 um dia viver no seio de uma fam\u00edlia. Esta perspetiva, para os benef\u00edcios na sa\u00fade e bem-estar dos animais de uma popula\u00e7\u00e3o, e seus efeitos na sa\u00fade p\u00fablica, s\u00e3o o expoente m\u00e1ximo da dimens\u00e3o do benef\u00edcio deste procedimento. A preven\u00e7\u00e3o do abandono que assim se consegue \u00e9 um bem para a sa\u00fade de toda a comunidade.<\/p>\n<p>Existem ainda benef\u00edcios m\u00e9dico-veterin\u00e1rios na esteriliza\u00e7\u00e3o de c\u00e3es e gatos. Animais esterilizados vivem uma vida mais longa e saud\u00e1vel, j\u00e1 que a esteriliza\u00e7\u00e3o previne infe\u00e7\u00f5es uterinas e tumores mam\u00e1rios nas f\u00eameas, tumores testiculares e doen\u00e7a prost\u00e1tica nos machos. S\u00e3o importantes ainda os benef\u00edcios comportamentais, nomeadamente eliminando os comportamentos indesej\u00e1veis associados \u00e0 \u00e9poca reprodutiva, como sejam as vocaliza\u00e7\u00f5es, comportamento de monta, fugas, e consequentes riscos de brigas e atropelamentos. Reduz ainda o comportamento de marca\u00e7\u00e3o de territ\u00f3rio nos machos. \u00c9 ben\u00e9fico ainda nalguns casos de agressividade.<\/p>\n<p>Os benef\u00edcios s\u00e3o ainda econ\u00f3micos. O pre\u00e7o de uma esteriliza\u00e7\u00e3o \u00e9 mais reduzido do que ter que o pre\u00e7o de ter de cuidar de uma ninhada at\u00e9 aos dois meses, ter de submeter uma f\u00eamea a uma cesariana, ou uma outra cirurgia reprodutiva de urg\u00eancia.<\/p>\n<p>&nbsp;<\/p>\n<p style=\"text-align: center\"><a href=\"https:\/\/www.cm-evora.pt\/wp-content\/uploads\/2021\/11\/Esterilizac\u0327a\u0303o_Cartaz_CME-02-scaled.jpeg\"><img loading=\"lazy\" decoding=\"async\" class=\"alignnone size-full wp-image-28453\" src=\"https:\/\/www.cm-evora.pt\/wp-content\/uploads\/2021\/11\/Esterilizac\u0327a\u0303o_Cartaz_CME-02-scaled.jpeg\" alt=\"\" width=\"1756\" height=\"2560\" srcset=\"https:\/\/www.cm-evora.pt\/wp-content\/uploads\/2021\/11\/Esterilizac\u0327a\u0303o_Cartaz_CME-02-scaled.jpeg 1756w, https:\/\/www.cm-evora.pt\/wp-content\/uploads\/2021\/11\/Esterilizac\u0327a\u0303o_Cartaz_CME-02-206x300.jpeg 206w, https:\/\/www.cm-evora.pt\/wp-content\/uploads\/2021\/11\/Esterilizac\u0327a\u0303o_Cartaz_CME-02-702x1024.jpeg 702w, https:\/\/www.cm-evora.pt\/wp-content\/uploads\/2021\/11\/Esterilizac\u0327a\u0303o_Cartaz_CME-02-768x1120.jpeg 768w, https:\/\/www.cm-evora.pt\/wp-content\/uploads\/2021\/11\/Esterilizac\u0327a\u0303o_Cartaz_CME-02-1053x1536.jpeg 1053w, https:\/\/www.cm-evora.pt\/wp-content\/uploads\/2021\/11\/Esterilizac\u0327a\u0303o_Cartaz_CME-02-1404x2048.jpeg 1404w, https:\/\/www.cm-evora.pt\/wp-content\/uploads\/2021\/11\/Esterilizac\u0327a\u0303o_Cartaz_CME-02-1320x1925.jpeg 1320w\" sizes=\"auto, (max-width: 1756px) 100vw, 1756px\" \/><\/a><\/p>\n<p><strong>\u00a0<\/strong><\/p>\n<p><strong>Para mais informa\u00e7\u00f5es<\/strong><\/p>\n<p>Canil Municipal de \u00c9vora<\/p>\n<p>Rua Ant\u00f3nio Francisco Melro, Zona industrial da Horta das Figueiras, 7005-212 \u00c9vora<\/p>\n<p><u>Telefone<\/u>: <a href=\"tel:+351266777182\" target=\"_blank\" rel=\"noopener\">+351 266 777 182<\/a> \u00abChamada para a rede fixa nacional\u00bb<\/p>\n<p><u>Email<\/u>: <a href=\"mailto:canil@cm-evora.pt\" target=\"_blank\" rel=\"noopener\">canil@cm-evora.pt<\/a><\/p>\n<p><u>Mensagem Privada<\/u>: <a href=\"https:\/\/www.facebook.com\/ProjetoFiel\" target=\"_blank\" rel=\"noopener\">FB Projeto Fiel<\/a><\/p>\n<p><u>Hor\u00e1rio de Funcionamento<\/u>: Dias \u00fateis das 09h00 \u00e0s 13h00 e das 14h00 \u00e0s 17h00.<\/p>\n<p>&nbsp;<\/p>","protected":false},"excerpt":{"rendered":"<p>Sorry, this entry is only available in Portugu\u00eas. &nbsp; O programa esterilizar solid\u00e1rio \u00e9 um programa de esteriliza\u00e7\u00e3o para c\u00e3es e gatos de mun\u00edcipes carenciados do concelho de \u00c9vora. Caso esteja em situa\u00e7\u00e3o de car\u00eancia econ\u00f3mica, inscreva-se na junta de freguesia da sua \u00e1rea de resid\u00eancia. &nbsp; &nbsp; Ao esterilizar o seu animal de companhia, [&hellip;]<\/p>\n","protected":false},"author":1,"featured_media":0,"parent":0,"menu_order":7,"comment_status":"closed","ping_status":"closed","template":"templates-map\/component-text-layout1.php","meta":{"_acf_changed":false,"footnotes":""},"categories":[],"class_list":["post-11254","page","type-page","status-publish","hentry"],"acf":{"imagens":"","titulo_docs_seccao":"","documentos":""},"_links":{"self":[{"href":"https:\/\/www.cm-evora.pt\/en\/wp-json\/wp\/v2\/pages\/11254","targetHints":{"allow":["GET"]}}],"collection":[{"href":"https:\/\/www.cm-evora.pt\/en\/wp-json\/wp\/v2\/pages"}],"about":[{"href":"https:\/\/www.cm-evora.pt\/en\/wp-json\/wp\/v2\/types\/page"}],"author":[{"embeddable":true,"href":"https:\/\/www.cm-evora.pt\/en\/wp-json\/wp\/v2\/users\/1"}],"replies":[{"embeddable":true,"href":"https:\/\/www.cm-evora.pt\/en\/wp-json\/wp\/v2\/comments?post=11254"}],"version-history":[{"count":18,"href":"https:\/\/www.cm-evora.pt\/en\/wp-json\/wp\/v2\/pages\/11254\/revisions"}],"predecessor-version":[{"id":45817,"href":"https:\/\/www.cm-evora.pt\/en\/wp-json\/wp\/v2\/pages\/11254\/revisions\/45817"}],"wp:attachment":[{"href":"https:\/\/www.cm-evora.pt\/en\/wp-json\/wp\/v2\/media?parent=11254"}],"wp:term":[{"taxonomy":"category","embeddable":true,"href":"https:\/\/www.cm-evora.pt\/en\/wp-json\/wp\/v2\/categories?post=11254"}],"curies":[{"name":"wp","href":"https:\/\/api.w.org\/{rel}","templated":true}]}}