{"id":11256,"date":"2020-07-02T12:28:44","date_gmt":"2020-07-02T11:28:44","guid":{"rendered":"https:\/\/evora2.int.skilltech.pt\/susProjects\/wp_evora2_suite\/?page_id=11256"},"modified":"2024-05-15T10:08:16","modified_gmt":"2024-05-15T09:08:16","slug":"centro-de-recolha-oficial-cro-canilgatil-municipal","status":"publish","type":"page","link":"https:\/\/www.cm-evora.pt\/en\/centro-de-recolha-oficial-cro-canilgatil-municipal\/","title":{"rendered":"Centro de Recolha Oficial (CRO) Canil|Gatil Municipal"},"content":{"rendered":"<p style=\"text-align: center\">\u200b\u200b<a href=\"https:\/\/www.cm-evora.pt\/wp-content\/uploads\/2021\/02\/CRO.jpg\" target=\"_blank\" rel=\"noopener\"><img loading=\"lazy\" decoding=\"async\" class=\"alignnone wp-image-20453 size-full\" src=\"https:\/\/www.cm-evora.pt\/wp-content\/uploads\/2021\/02\/CRO.jpg\" alt=\"\" width=\"1080\" height=\"720\" srcset=\"https:\/\/www.cm-evora.pt\/wp-content\/uploads\/2021\/02\/CRO.jpg 1080w, https:\/\/www.cm-evora.pt\/wp-content\/uploads\/2021\/02\/CRO-300x200.jpg 300w, https:\/\/www.cm-evora.pt\/wp-content\/uploads\/2021\/02\/CRO-1024x683.jpg 1024w, https:\/\/www.cm-evora.pt\/wp-content\/uploads\/2021\/02\/CRO-768x512.jpg 768w\" sizes=\"auto, (max-width: 1080px) 100vw, 1080px\" \/><\/a><\/p>\n<p>&nbsp;<\/p>\n<p>O Centro de Recolha Oficial (C.R.O) \u2013 Canil\/Gatil Municipal \u00e9 o local de recolha oficial de animais vadios ou errantes e de c\u00e3es e gatos entregues pelos detentores, cuja dire\u00e7\u00e3o \u00e9 da responsabilidade do M\u00e9dico Veterin\u00e1rio Municipal. A atua\u00e7\u00e3o dos servi\u00e7os do C.R.O \u00e9 ampla, integrando, campanhas e a\u00e7\u00f5es inclu\u00eddas no Programa Nacional de Luta e Vigil\u00e2ncia Epidemiol\u00f3gica da Raiva Animal e outras Zoonoses determinadas pela Dire\u00e7\u00e3o Geral de Veterin\u00e1ria, a promo\u00e7\u00e3o e fiscaliza\u00e7\u00e3o de medidas sanit\u00e1rias e de bem-estar animal, a promo\u00e7\u00e3o de ado\u00e7\u00e3o respons\u00e1vel, assim como a informa\u00e7\u00e3o \u00e0s popula\u00e7\u00f5es de todas as regras para a deten\u00e7\u00e3o de animais de companhia.<\/p>\n<p>&nbsp;<\/p>\n<p><strong>Servi\u00e7os:<\/strong><\/p>\n<ul>\n<li style=\"list-style-type: none\">\n<ul>\n<li>Vacina\u00e7\u00e3o antirr\u00e1bica e identifica\u00e7\u00e3o eletr\u00f3nica de can\u00eddeos com mais de 3 meses.<\/li>\n<li>Recolha de animal ao domic\u00edlio.<\/li>\n<li>Recolha de animal na via p\u00fablica.<\/li>\n<li>Recolha\/rece\u00e7\u00e3o de cad\u00e1veres.<\/li>\n<li>Eutan\u00e1sia de animais em sofrimento e sem possibilidade de recupera\u00e7\u00e3o.<\/li>\n<\/ul>\n<\/li>\n<\/ul>\n<p>&nbsp;<\/p>\n<p><u>Para mais informa\u00e7\u00f5es<\/u> contacte <a href=\"tel:+351266777182\" target=\"_blank\" rel=\"noopener\">+351 266 777 182<\/a> \u00abChamada para a rede fixa nacional\u00bb ou atrav\u00e9s do email <a href=\"mailto:canil@cm-evora.pt\" target=\"_blank\" rel=\"noopener\">canil@cm-evora.pt<\/a>.<\/p>\n<p><u>Hor\u00e1rio de Funcionamento<\/u>: Dias \u00fateis das 09h00 \u00e0s 13h00 e das 14h00 \u00e0s 17h00.<\/p>\n<p><u>Morada<\/u>: Rua Ant\u00f3nio Francisco Melro, Zona industrial da Horta das Figueiras, 7005-212 \u00c9vora<\/p>\n<p>&nbsp;<\/p>\n","protected":false},"excerpt":{"rendered":"<p>\u200b\u200b &nbsp; O Centro de Recolha Oficial (C.R.O) \u2013 Canil\/Gatil Municipal \u00e9 o local de recolha oficial de animais vadios ou errantes e de c\u00e3es e gatos entregues pelos detentores, cuja dire\u00e7\u00e3o \u00e9 da responsabilidade do M\u00e9dico Veterin\u00e1rio Municipal. A atua\u00e7\u00e3o dos servi\u00e7os do C.R.O \u00e9 ampla, integrando, campanhas e a\u00e7\u00f5es inclu\u00eddas no Programa Nacional [&hellip;]<\/p>\n","protected":false},"author":1,"featured_media":0,"parent":0,"menu_order":6,"comment_status":"closed","ping_status":"closed","template":"templates-map\/component-text-layout1.php","meta":{"_acf_changed":false,"footnotes":""},"categories":[],"class_list":["post-11256","page","type-page","status-publish","hentry"],"acf":{"imagens":"","titulo_docs_seccao":"","documentos":[61712]},"_links":{"self":[{"href":"https:\/\/www.cm-evora.pt\/en\/wp-json\/wp\/v2\/pages\/11256","targetHints":{"allow":["GET"]}}],"collection":[{"href":"https:\/\/www.cm-evora.pt\/en\/wp-json\/wp\/v2\/pages"}],"about":[{"href":"https:\/\/www.cm-evora.pt\/en\/wp-json\/wp\/v2\/types\/page"}],"author":[{"embeddable":true,"href":"https:\/\/www.cm-evora.pt\/en\/wp-json\/wp\/v2\/users\/1"}],"replies":[{"embeddable":true,"href":"https:\/\/www.cm-evora.pt\/en\/wp-json\/wp\/v2\/comments?post=11256"}],"version-history":[{"count":14,"href":"https:\/\/www.cm-evora.pt\/en\/wp-json\/wp\/v2\/pages\/11256\/revisions"}],"predecessor-version":[{"id":61714,"href":"https:\/\/www.cm-evora.pt\/en\/wp-json\/wp\/v2\/pages\/11256\/revisions\/61714"}],"acf:post":[{"embeddable":true,"href":"https:\/\/www.cm-evora.pt\/en\/wp-json\/wp\/v2\/listas_ficheiros\/61712"}],"wp:attachment":[{"href":"https:\/\/www.cm-evora.pt\/en\/wp-json\/wp\/v2\/media?parent=11256"}],"wp:term":[{"taxonomy":"category","embeddable":true,"href":"https:\/\/www.cm-evora.pt\/en\/wp-json\/wp\/v2\/categories?post=11256"}],"curies":[{"name":"wp","href":"https:\/\/api.w.org\/{rel}","templated":true}]}}