{"id":11267,"date":"2020-07-02T12:38:42","date_gmt":"2020-07-02T11:38:42","guid":{"rendered":"https:\/\/evora2.int.skilltech.pt\/susProjects\/wp_evora2_suite\/?page_id=11267"},"modified":"2023-02-16T15:32:11","modified_gmt":"2023-02-16T15:32:11","slug":"sobre-o-arquivo-municipal","status":"publish","type":"page","link":"https:\/\/www.cm-evora.pt\/en\/municipe\/areas-de-acao\/arquivo-municipal\/sobre-o-arquivo-municipal\/","title":{"rendered":"(Portugu\u00eas) Sobre o Arquivo Municipal"},"content":{"rendered":"<p class=\"qtranxs-available-languages-message qtranxs-available-languages-message-en\">Sorry, this entry is only available in <a href=\"https:\/\/www.cm-evora.pt\/pt\/wp-json\/wp\/v2\/pages\/11267\" class=\"qtranxs-available-language-link qtranxs-available-language-link-pt\" title=\"Portugu\u00eas\">Portugu\u00eas<\/a>.<\/p><p><a href=\"https:\/\/www.cm-evora.pt\/wp-content\/uploads\/2022\/04\/cartaz-arquivos-2022.jpg\"><img loading=\"lazy\" decoding=\"async\" class=\"alignnone wp-image-34913 size-full\" src=\"https:\/\/www.cm-evora.pt\/wp-content\/uploads\/2022\/04\/cartaz-arquivos-2022.jpg\" alt=\"\" width=\"1754\" height=\"2480\" srcset=\"https:\/\/www.cm-evora.pt\/wp-content\/uploads\/2022\/04\/cartaz-arquivos-2022.jpg 1754w, https:\/\/www.cm-evora.pt\/wp-content\/uploads\/2022\/04\/cartaz-arquivos-2022-212x300.jpg 212w, https:\/\/www.cm-evora.pt\/wp-content\/uploads\/2022\/04\/cartaz-arquivos-2022-724x1024.jpg 724w, https:\/\/www.cm-evora.pt\/wp-content\/uploads\/2022\/04\/cartaz-arquivos-2022-768x1086.jpg 768w, https:\/\/www.cm-evora.pt\/wp-content\/uploads\/2022\/04\/cartaz-arquivos-2022-1086x1536.jpg 1086w, https:\/\/www.cm-evora.pt\/wp-content\/uploads\/2022\/04\/cartaz-arquivos-2022-1448x2048.jpg 1448w, https:\/\/www.cm-evora.pt\/wp-content\/uploads\/2022\/04\/cartaz-arquivos-2022-1320x1866.jpg 1320w\" sizes=\"auto, (max-width: 1754px) 100vw, 1754px\" \/><\/a><\/p>\n<p>&nbsp;<\/p>\n<p>O Encontro Transfronteiri\u00e7o de Arquivos pretende trazer \u00e0 discuss\u00e3o os modelos arquiv\u00edsticos portugu\u00eas e espanhol, nas dimens\u00f5es da salvaguarda, da divulga\u00e7\u00e3o e da investiga\u00e7\u00e3o, a apresenta\u00e7\u00e3o de projetos e troca de experi\u00eancias, com o objetivo de aprofundar poss\u00edveis modelos de coopera\u00e7\u00e3o no setor da arquiv\u00edstica.<\/p>\n<p>INSCRI\u00c7\u00d5ES ESGOTADAS<\/p>\n<p>&nbsp;<\/p>\n<p style=\"text-align: center\"><strong>Apresenta\u00e7\u00e3o, objetivos, atendimento, servi\u00e7os e condi\u00e7\u00f5es de consulta<\/strong><\/p>\n<p style=\"text-align: center\"><a href=\"https:\/\/www.cm-evora.pt\/wp-content\/uploads\/2020\/07\/Arquivomunicipal639.jpg\"><img loading=\"lazy\" decoding=\"async\" class=\"alignnone size-full wp-image-11439\" src=\"https:\/\/www.cm-evora.pt\/wp-content\/uploads\/2020\/07\/Arquivomunicipal639.jpg\" alt=\"\" width=\"639\" height=\"362\" srcset=\"https:\/\/www.cm-evora.pt\/wp-content\/uploads\/2020\/07\/Arquivomunicipal639.jpg 639w, https:\/\/www.cm-evora.pt\/wp-content\/uploads\/2020\/07\/Arquivomunicipal639-300x170.jpg 300w\" sizes=\"auto, (max-width: 639px) 100vw, 639px\" \/><\/a><\/p>\n<p>Para comemorar o Dia Internacional dos Arquivos, 9 de junho, 2021, o Arquivo Municipal apresenta a mostra documental \u201c<a href=\"https:\/\/www.cm-evora.pt\/wp-content\/uploads\/2021\/06\/A_Mulher_no_Arquivo_Municipal_Evora.pdf\">A Mulher no Arquivo Municipal de \u00c9vora<\/a>\u201d tentando dar a conhecer a riqueza do acervo documental existente no Arquivo e destacar a mulher enquanto sujeito hist\u00f3rico.<\/p>","protected":false},"excerpt":{"rendered":"<p>Sorry, this entry is only available in Portugu\u00eas. &nbsp; O Encontro Transfronteiri\u00e7o de Arquivos pretende trazer \u00e0 discuss\u00e3o os modelos arquiv\u00edsticos portugu\u00eas e espanhol, nas dimens\u00f5es da salvaguarda, da divulga\u00e7\u00e3o e da investiga\u00e7\u00e3o, a apresenta\u00e7\u00e3o de projetos e troca de experi\u00eancias, com o objetivo de aprofundar poss\u00edveis modelos de coopera\u00e7\u00e3o no setor da arquiv\u00edstica. INSCRI\u00c7\u00d5ES [&hellip;]<\/p>\n","protected":false},"author":1,"featured_media":0,"parent":1620,"menu_order":0,"comment_status":"closed","ping_status":"closed","template":"templates-map\/component-text-list-layout1.php","meta":{"_acf_changed":false,"footnotes":""},"categories":[],"class_list":["post-11267","page","type-page","status-publish","hentry"],"acf":[],"_links":{"self":[{"href":"https:\/\/www.cm-evora.pt\/en\/wp-json\/wp\/v2\/pages\/11267","targetHints":{"allow":["GET"]}}],"collection":[{"href":"https:\/\/www.cm-evora.pt\/en\/wp-json\/wp\/v2\/pages"}],"about":[{"href":"https:\/\/www.cm-evora.pt\/en\/wp-json\/wp\/v2\/types\/page"}],"author":[{"embeddable":true,"href":"https:\/\/www.cm-evora.pt\/en\/wp-json\/wp\/v2\/users\/1"}],"replies":[{"embeddable":true,"href":"https:\/\/www.cm-evora.pt\/en\/wp-json\/wp\/v2\/comments?post=11267"}],"version-history":[{"count":8,"href":"https:\/\/www.cm-evora.pt\/en\/wp-json\/wp\/v2\/pages\/11267\/revisions"}],"predecessor-version":[{"id":45773,"href":"https:\/\/www.cm-evora.pt\/en\/wp-json\/wp\/v2\/pages\/11267\/revisions\/45773"}],"up":[{"embeddable":true,"href":"https:\/\/www.cm-evora.pt\/en\/wp-json\/wp\/v2\/pages\/1620"}],"wp:attachment":[{"href":"https:\/\/www.cm-evora.pt\/en\/wp-json\/wp\/v2\/media?parent=11267"}],"wp:term":[{"taxonomy":"category","embeddable":true,"href":"https:\/\/www.cm-evora.pt\/en\/wp-json\/wp\/v2\/categories?post=11267"}],"curies":[{"name":"wp","href":"https:\/\/api.w.org\/{rel}","templated":true}]}}