{"id":11325,"date":"2020-07-02T13:03:13","date_gmt":"2020-07-02T12:03:13","guid":{"rendered":"https:\/\/evora2.int.skilltech.pt\/susProjects\/wp_evora2_suite\/?page_id=11325"},"modified":"2023-02-17T15:00:43","modified_gmt":"2023-02-17T15:00:43","slug":"rota-dos-arquivos-do-alentejo","status":"publish","type":"page","link":"https:\/\/www.cm-evora.pt\/en\/municipe\/areas-de-acao\/arquivo-municipal\/rota-dos-arquivos-do-alentejo\/","title":{"rendered":"(Portugu\u00eas) Rota dos Arquivos do Alentejo"},"content":{"rendered":"<p class=\"qtranxs-available-languages-message qtranxs-available-languages-message-en\">Sorry, this entry is only available in <a href=\"https:\/\/www.cm-evora.pt\/pt\/wp-json\/wp\/v2\/pages\/11325\" class=\"qtranxs-available-language-link qtranxs-available-language-link-pt\" title=\"Portugu\u00eas\">Portugu\u00eas<\/a>.<\/p><p><strong>O Arquivo Municipal de \u00c9vora adere \u00e0 Rota dos Arquivos do Alentejo<\/strong><\/p>\n<p style=\"text-align: center\"><a href=\"https:\/\/www.cm-evora.pt\/wp-content\/uploads\/2020\/07\/rotaarquivos639.jpg\"><img loading=\"lazy\" decoding=\"async\" class=\"alignnone wp-image-11660\" src=\"https:\/\/www.cm-evora.pt\/wp-content\/uploads\/2020\/07\/rotaarquivos639.jpg\" alt=\"\" width=\"824\" height=\"467\" srcset=\"https:\/\/www.cm-evora.pt\/wp-content\/uploads\/2020\/07\/rotaarquivos639.jpg 639w, https:\/\/www.cm-evora.pt\/wp-content\/uploads\/2020\/07\/rotaarquivos639-300x170.jpg 300w\" sizes=\"auto, (max-width: 824px) 100vw, 824px\" \/><\/a><\/p>\n<p>&nbsp;<\/p>\n<p>O Arquivo da C\u00e2mara Municipal de \u00c9vora conserva documentos de grande valor hist\u00f3rico-documental e tal como qualquer outro da sua natureza, tem como principal prop\u00f3sito recolher toda a documenta\u00e7\u00e3o criada por esta entidade p\u00fablica. Com um acervo de cerca de 3 kms de prateleira, constitu\u00eddo por v\u00e1rios fundos que o servi\u00e7o organiza e gere de modo a disponibilizar mais e melhor informa\u00e7\u00e3o aos seus utentes, aderiu \u00e0 <strong>ROTA DOS ARQUIVOS DO ALENTEJO<\/strong>, no intuito de sensibilizar a popula\u00e7\u00e3o eborense para a valoriza\u00e7\u00e3o do mesmo.<\/p>\n<p>A Rota dos Arquivos do Alentejo \u00e9 uma iniciativa conjunta de v\u00e1rias entidades detentoras de documenta\u00e7\u00e3o que se articulam para promover os esp\u00f3lios arquiv\u00edsticos \u00e0 sua guarda. A saber:<\/p>\n<ul>\n<li style=\"list-style-type: none\">\n<ul>\n<li>Arquivo da Miseric\u00f3rdia de \u00c9vora;<\/li>\n<li>Arquivo da Universidade de \u00c9vora;<\/li>\n<li>Arquivo Distrital de \u00c9vora;<\/li>\n<li>Arquivo Municipal de \u00c9vora;<\/li>\n<li>Arquivo Municipal do Redondo;<\/li>\n<li>Arquivo Regional da Educa\u00e7\u00e3o do Alentejo.<\/li>\n<\/ul>\n<\/li>\n<\/ul>\n<p>&nbsp;<\/p>","protected":false},"excerpt":{"rendered":"<p>Sorry, this entry is only available in Portugu\u00eas.O Arquivo Municipal de \u00c9vora adere \u00e0 Rota dos Arquivos do Alentejo &nbsp; O Arquivo da C\u00e2mara Municipal de \u00c9vora conserva documentos de grande valor hist\u00f3rico-documental e tal como qualquer outro da sua natureza, tem como principal prop\u00f3sito recolher toda a documenta\u00e7\u00e3o criada por esta entidade p\u00fablica. Com [&hellip;]<\/p>\n","protected":false},"author":1,"featured_media":0,"parent":1620,"menu_order":1,"comment_status":"closed","ping_status":"closed","template":"templates-map\/component-text-layout1.php","meta":{"_acf_changed":false,"footnotes":""},"categories":[],"class_list":["post-11325","page","type-page","status-publish","hentry"],"acf":{"imagens":"","titulo_docs_seccao":"","documentos":""},"_links":{"self":[{"href":"https:\/\/www.cm-evora.pt\/en\/wp-json\/wp\/v2\/pages\/11325","targetHints":{"allow":["GET"]}}],"collection":[{"href":"https:\/\/www.cm-evora.pt\/en\/wp-json\/wp\/v2\/pages"}],"about":[{"href":"https:\/\/www.cm-evora.pt\/en\/wp-json\/wp\/v2\/types\/page"}],"author":[{"embeddable":true,"href":"https:\/\/www.cm-evora.pt\/en\/wp-json\/wp\/v2\/users\/1"}],"replies":[{"embeddable":true,"href":"https:\/\/www.cm-evora.pt\/en\/wp-json\/wp\/v2\/comments?post=11325"}],"version-history":[{"count":6,"href":"https:\/\/www.cm-evora.pt\/en\/wp-json\/wp\/v2\/pages\/11325\/revisions"}],"predecessor-version":[{"id":45808,"href":"https:\/\/www.cm-evora.pt\/en\/wp-json\/wp\/v2\/pages\/11325\/revisions\/45808"}],"up":[{"embeddable":true,"href":"https:\/\/www.cm-evora.pt\/en\/wp-json\/wp\/v2\/pages\/1620"}],"wp:attachment":[{"href":"https:\/\/www.cm-evora.pt\/en\/wp-json\/wp\/v2\/media?parent=11325"}],"wp:term":[{"taxonomy":"category","embeddable":true,"href":"https:\/\/www.cm-evora.pt\/en\/wp-json\/wp\/v2\/categories?post=11325"}],"curies":[{"name":"wp","href":"https:\/\/api.w.org\/{rel}","templated":true}]}}