{"id":11792,"date":"2020-07-03T12:54:52","date_gmt":"2020-07-03T11:54:52","guid":{"rendered":"https:\/\/evora2.int.skilltech.pt\/susProjects\/wp_evora2_suite\/?page_id=11792"},"modified":"2023-02-17T15:12:51","modified_gmt":"2023-02-17T15:12:51","slug":"descricoes-arquivisticas-do-fundo-documental","status":"publish","type":"page","link":"https:\/\/www.cm-evora.pt\/en\/municipe\/areas-de-acao\/arquivo-municipal\/descricoes-arquivisticas-do-fundo-documental\/","title":{"rendered":"(Portugu\u00eas) Descri\u00e7\u00f5es Arquiv\u00edsticas do Fundo Documental"},"content":{"rendered":"<p class=\"qtranxs-available-languages-message qtranxs-available-languages-message-en\">Sorry, this entry is only available in <a href=\"https:\/\/www.cm-evora.pt\/pt\/wp-json\/wp\/v2\/pages\/11792\" class=\"qtranxs-available-language-link qtranxs-available-language-link-pt\" title=\"Portugu\u00eas\">Portugu\u00eas<\/a>.<\/p><p><\/p>\n<p style=\"text-align: center\"><a href=\"https:\/\/www.cm-evora.pt\/wp-content\/uploads\/2020\/07\/deposito639.jpg\"><img loading=\"lazy\" decoding=\"async\" class=\"alignnone size-full wp-image-12615\" src=\"https:\/\/www.cm-evora.pt\/wp-content\/uploads\/2020\/07\/deposito639.jpg\" alt=\"\" width=\"639\" height=\"362\" srcset=\"https:\/\/www.cm-evora.pt\/wp-content\/uploads\/2020\/07\/deposito639.jpg 639w, https:\/\/www.cm-evora.pt\/wp-content\/uploads\/2020\/07\/deposito639-300x170.jpg 300w\" sizes=\"auto, (max-width: 639px) 100vw, 639px\" \/><\/a><\/p>\n<p>&nbsp;<\/p>\n<p>Independentemente do tipo de suporte onde foi inserida a informa\u00e7\u00e3o, considera-se um documento o registo de uma atividade, mas nem todos os documentos s\u00e3o considerados arquiv\u00edsticos. Um documento arquiv\u00edstico \u00e9 aquele que \u00e9 produzido por uma pessoa, entidade ou fam\u00edlia no decorrer das suas atividades, justificando a sua exist\u00eancia.<\/p>\n<p>O Arquivo Municipal da C\u00e2mara de \u00c9vora tem como principal objetivo gerir a informa\u00e7\u00e3o\/documenta\u00e7\u00e3o produzida e recebida pelo Munic\u00edpio e a nossa prioridade \u00e9 a promo\u00e7\u00e3o das opera\u00e7\u00f5es t\u00e9cnicas relativamente \u00e0 conserva\u00e7\u00e3o, \u00e0 preserva\u00e7\u00e3o, \u00e0 avalia\u00e7\u00e3o e \u00e0 difus\u00e3o do patrim\u00f3nio arquiv\u00edstico municipal. Todavia, trabalhamos para garantir o acesso \u00e0 informa\u00e7\u00e3o do Arquivo a todos aqueles que dela necessitam, sejam reais ou potenciais utilizadores. Contudo, para que o acesso seja garantido, a arquiv\u00edstica estabelece crit\u00e9rios que levam \u00e0 pesquisa e ao conhecimento, pois, a descri\u00e7\u00e3o arquiv\u00edstica descreve e representa as informa\u00e7\u00f5es contidas nos documentos que comp\u00f5em o Fundo, localizando-os, identificando-os e gerindo-os.<\/p>\n<p>A descri\u00e7\u00e3o arquiv\u00edstica \u00e9 essencial no arquivo, uma vez que garante a compreens\u00e3o do acervo arquiv\u00edstico e recupera a informa\u00e7\u00e3o atrav\u00e9s de instrumentos de pesquisa, os quais completam o trabalho do arquivo. Por\u00e9m, o invent\u00e1rio abrange todo o fundo de um modo resumido, cujo fim \u00e9 descrever a composi\u00e7\u00e3o de um fundo e fornecer ao arquivo um instrumento de busca. Assim, o Arquivo Municipal da C\u00e2mara de \u00c9vora est\u00e1 a elaborar a descri\u00e7\u00e3o arquiv\u00edstica do fundo documental da autarquia e para tal est\u00e1 a utilizar as normas de conte\u00fado: Orienta\u00e7\u00f5es para a Descri\u00e7\u00e3o Arquiv\u00edstica e ISAD (G).<\/p>\n<p>&nbsp;<\/p>\n<p>Consulte a documenta\u00e7\u00e3o hist\u00f3rica que se encontra \u00e0 guarda do Arquivo Distrital de \u00c9vora <a href=\"https:\/\/digitarq.adevr.arquivos.pt\/details?id=984234\" target=\"_blank\" rel=\"noopener\">aqui<\/a>.<\/p>\n<p>&nbsp;<\/p>\n<p><strong>Invent\u00e1rio<\/strong><\/p>","protected":false},"excerpt":{"rendered":"<p>Sorry, this entry is only available in Portugu\u00eas. &nbsp; Independentemente do tipo de suporte onde foi inserida a informa\u00e7\u00e3o, considera-se um documento o registo de uma atividade, mas nem todos os documentos s\u00e3o considerados arquiv\u00edsticos. Um documento arquiv\u00edstico \u00e9 aquele que \u00e9 produzido por uma pessoa, entidade ou fam\u00edlia no decorrer das suas atividades, justificando [&hellip;]<\/p>\n","protected":false},"author":1,"featured_media":0,"parent":1620,"menu_order":3,"comment_status":"closed","ping_status":"closed","template":"templates-map\/component-file-gallery-layout3.php","meta":{"_acf_changed":false,"footnotes":""},"categories":[],"class_list":["post-11792","page","type-page","status-publish","hentry"],"acf":[],"_links":{"self":[{"href":"https:\/\/www.cm-evora.pt\/en\/wp-json\/wp\/v2\/pages\/11792","targetHints":{"allow":["GET"]}}],"collection":[{"href":"https:\/\/www.cm-evora.pt\/en\/wp-json\/wp\/v2\/pages"}],"about":[{"href":"https:\/\/www.cm-evora.pt\/en\/wp-json\/wp\/v2\/types\/page"}],"author":[{"embeddable":true,"href":"https:\/\/www.cm-evora.pt\/en\/wp-json\/wp\/v2\/users\/1"}],"replies":[{"embeddable":true,"href":"https:\/\/www.cm-evora.pt\/en\/wp-json\/wp\/v2\/comments?post=11792"}],"version-history":[{"count":10,"href":"https:\/\/www.cm-evora.pt\/en\/wp-json\/wp\/v2\/pages\/11792\/revisions"}],"predecessor-version":[{"id":45811,"href":"https:\/\/www.cm-evora.pt\/en\/wp-json\/wp\/v2\/pages\/11792\/revisions\/45811"}],"up":[{"embeddable":true,"href":"https:\/\/www.cm-evora.pt\/en\/wp-json\/wp\/v2\/pages\/1620"}],"wp:attachment":[{"href":"https:\/\/www.cm-evora.pt\/en\/wp-json\/wp\/v2\/media?parent=11792"}],"wp:term":[{"taxonomy":"category","embeddable":true,"href":"https:\/\/www.cm-evora.pt\/en\/wp-json\/wp\/v2\/categories?post=11792"}],"curies":[{"name":"wp","href":"https:\/\/api.w.org\/{rel}","templated":true}]}}