{"id":11799,"date":"2020-07-03T14:30:04","date_gmt":"2020-07-03T13:30:04","guid":{"rendered":"https:\/\/evora2.int.skilltech.pt\/susProjects\/wp_evora2_suite\/?page_id=11799"},"modified":"2023-02-20T14:40:25","modified_gmt":"2023-02-20T14:40:25","slug":"servico-educativo","status":"publish","type":"page","link":"https:\/\/www.cm-evora.pt\/en\/municipe\/areas-de-acao\/arquivo-municipal\/servico-educativo\/","title":{"rendered":"(Portugu\u00eas) Servi\u00e7o Educativo"},"content":{"rendered":"<p class=\"qtranxs-available-languages-message qtranxs-available-languages-message-en\">Sorry, this entry is only available in <a href=\"https:\/\/www.cm-evora.pt\/pt\/wp-json\/wp\/v2\/pages\/11799\" class=\"qtranxs-available-language-link qtranxs-available-language-link-pt\" title=\"Portugu\u00eas\">Portugu\u00eas<\/a>.<\/p><p><\/p>\n<p style=\"text-align: center\"><a href=\"https:\/\/www.cm-evora.pt\/wp-content\/uploads\/2020\/07\/ArquivoMunicipalDez-2008-032_capa.jpg\" target=\"_blank\" rel=\"noopener\"><img loading=\"lazy\" decoding=\"async\" class=\"alignnone wp-image-12625 size-full\" src=\"https:\/\/www.cm-evora.pt\/wp-content\/uploads\/2020\/07\/ArquivoMunicipalDez-2008-032_capa.jpg\" alt=\"\" width=\"639\" height=\"362\" srcset=\"https:\/\/www.cm-evora.pt\/wp-content\/uploads\/2020\/07\/ArquivoMunicipalDez-2008-032_capa.jpg 639w, https:\/\/www.cm-evora.pt\/wp-content\/uploads\/2020\/07\/ArquivoMunicipalDez-2008-032_capa-300x170.jpg 300w\" sizes=\"auto, (max-width: 639px) 100vw, 639px\" \/><\/a><\/p>\n<p>O servi\u00e7o educativo como mediador entre o Arquivo Municipal e os seus utilizadores tem como objetivo a apresenta\u00e7\u00e3o dos seus fundos e cole\u00e7\u00f5es, divulgando-os para l\u00e1 do p\u00fablico espec\u00edfico, historiadores, professores universit\u00e1rios e funcion\u00e1rios da autarquia que diariamente nos visitam. Para al\u00e9m da preocupa\u00e7\u00e3o que devemos ter com a preserva\u00e7\u00e3o dos documentos que se encontram sob nossa cust\u00f3dia, a sociedade da informa\u00e7\u00e3o exige-nos a transmiss\u00e3o do conhecimento a todos os cidad\u00e3os de forma que a difus\u00e3o do esp\u00f3lio em causa ajude a promover uma cultura c\u00edvica de frui\u00e7\u00e3o e prote\u00e7\u00e3o do patrim\u00f3nio arquiv\u00edstico.<\/p>","protected":false},"excerpt":{"rendered":"<p>Sorry, this entry is only available in Portugu\u00eas. O servi\u00e7o educativo como mediador entre o Arquivo Municipal e os seus utilizadores tem como objetivo a apresenta\u00e7\u00e3o dos seus fundos e cole\u00e7\u00f5es, divulgando-os para l\u00e1 do p\u00fablico espec\u00edfico, historiadores, professores universit\u00e1rios e funcion\u00e1rios da autarquia que diariamente nos visitam. Para al\u00e9m da preocupa\u00e7\u00e3o que devemos ter [&hellip;]<\/p>\n","protected":false},"author":1,"featured_media":0,"parent":1620,"menu_order":10,"comment_status":"closed","ping_status":"closed","template":"templates-map\/component-text-list-layout1.php","meta":{"_acf_changed":false,"footnotes":""},"categories":[],"class_list":["post-11799","page","type-page","status-publish","hentry"],"acf":[],"_links":{"self":[{"href":"https:\/\/www.cm-evora.pt\/en\/wp-json\/wp\/v2\/pages\/11799","targetHints":{"allow":["GET"]}}],"collection":[{"href":"https:\/\/www.cm-evora.pt\/en\/wp-json\/wp\/v2\/pages"}],"about":[{"href":"https:\/\/www.cm-evora.pt\/en\/wp-json\/wp\/v2\/types\/page"}],"author":[{"embeddable":true,"href":"https:\/\/www.cm-evora.pt\/en\/wp-json\/wp\/v2\/users\/1"}],"replies":[{"embeddable":true,"href":"https:\/\/www.cm-evora.pt\/en\/wp-json\/wp\/v2\/comments?post=11799"}],"version-history":[{"count":4,"href":"https:\/\/www.cm-evora.pt\/en\/wp-json\/wp\/v2\/pages\/11799\/revisions"}],"predecessor-version":[{"id":45814,"href":"https:\/\/www.cm-evora.pt\/en\/wp-json\/wp\/v2\/pages\/11799\/revisions\/45814"}],"up":[{"embeddable":true,"href":"https:\/\/www.cm-evora.pt\/en\/wp-json\/wp\/v2\/pages\/1620"}],"wp:attachment":[{"href":"https:\/\/www.cm-evora.pt\/en\/wp-json\/wp\/v2\/media?parent=11799"}],"wp:term":[{"taxonomy":"category","embeddable":true,"href":"https:\/\/www.cm-evora.pt\/en\/wp-json\/wp\/v2\/categories?post=11799"}],"curies":[{"name":"wp","href":"https:\/\/api.w.org\/{rel}","templated":true}]}}