{"id":11805,"date":"2020-07-03T14:32:27","date_gmt":"2020-07-03T13:32:27","guid":{"rendered":"https:\/\/evora2.int.skilltech.pt\/susProjects\/wp_evora2_suite\/?page_id=11805"},"modified":"2021-01-07T09:26:58","modified_gmt":"2021-01-07T09:26:58","slug":"evora-em-cartazes","status":"publish","type":"page","link":"https:\/\/www.cm-evora.pt\/en\/municipe\/areas-de-acao\/arquivo-municipal\/evora-em-cartazes\/","title":{"rendered":"(Portugu\u00eas) \u00c9vora em cartazes"},"content":{"rendered":"<p class=\"qtranxs-available-languages-message qtranxs-available-languages-message-en\">Sorry, this entry is only available in <a href=\"https:\/\/www.cm-evora.pt\/pt\/wp-json\/wp\/v2\/pages\/11805\" class=\"qtranxs-available-language-link qtranxs-available-language-link-pt\" title=\"Portugu\u00eas\">Portugu\u00eas<\/a>.<\/p><p><\/p>\n<p style=\"text-align: center\"><a href=\"https:\/\/www.cm-evora.pt\/wp-content\/uploads\/2020\/07\/cartaz_639.jpg\"><img loading=\"lazy\" decoding=\"async\" class=\"alignnone wp-image-12665\" src=\"https:\/\/www.cm-evora.pt\/wp-content\/uploads\/2020\/07\/cartaz_639.jpg\" alt=\"\" width=\"883\" height=\"500\" srcset=\"https:\/\/www.cm-evora.pt\/wp-content\/uploads\/2020\/07\/cartaz_639.jpg 639w, https:\/\/www.cm-evora.pt\/wp-content\/uploads\/2020\/07\/cartaz_639-300x170.jpg 300w\" sizes=\"auto, (max-width: 883px) 100vw, 883px\" \/><\/a>\u200b\u200b\u200b\u200b\u200b\u200b\u200b\u200b\u200b\u200b\u200b\u200b\u200b\u200b\u200b\u200b\u200b\u200b\u200b\u200b\u200b\u200b<\/p>\n<p>Desvendamos aqui e agora parte da cole\u00e7\u00e3o de cartazes que a C\u00e2mara Municipal de \u00c9vora possui, depositados no Arquivo Municipal, iniciada nos anos 20 do s\u00e9culo passado e cujo tema \u00e9 a cidade de \u00c9vora.<br \/>\nA exposi\u00e7\u00e3o \u201c\u00c9vora em Cartaz\u201d pretende proporcionar um olhar sobre a cidade vista por diferentes artistas.<\/p>\n<p>\n\t\t<style type=\"text\/css\">\n\t\t\t#gallery-1 {\n\t\t\t\tmargin: auto;\n\t\t\t}\n\t\t\t#gallery-1 .gallery-item {\n\t\t\t\tfloat: left;\n\t\t\t\tmargin-top: 10px;\n\t\t\t\ttext-align: center;\n\t\t\t\twidth: 50%;\n\t\t\t}\n\t\t\t#gallery-1 img {\n\t\t\t\tborder: 2px solid #cfcfcf;\n\t\t\t}\n\t\t\t#gallery-1 .gallery-caption {\n\t\t\t\tmargin-left: 0;\n\t\t\t}\n\t\t\t\/* see gallery_shortcode() in wp-includes\/media.php *\/\n\t\t<\/style>\n\t\t<div id='gallery-1' class='gallery galleryid-11805 gallery-columns-2 gallery-size-full'><dl class='gallery-item'>\n\t\t\t<dt class='gallery-icon portrait'>\n\t\t\t\t<a href='https:\/\/www.cm-evora.pt\/en\/municipe\/areas-de-acao\/arquivo-municipal\/evora-em-cartazes\/cartaz_01a\/'><img loading=\"lazy\" decoding=\"async\" width=\"900\" height=\"1260\" src=\"https:\/\/www.cm-evora.pt\/wp-content\/uploads\/2020\/12\/cartaz_01a.jpg\" class=\"attachment-full size-full\" alt=\"\" srcset=\"https:\/\/www.cm-evora.pt\/wp-content\/uploads\/2020\/12\/cartaz_01a.jpg 900w, https:\/\/www.cm-evora.pt\/wp-content\/uploads\/2020\/12\/cartaz_01a-214x300.jpg 214w, https:\/\/www.cm-evora.pt\/wp-content\/uploads\/2020\/12\/cartaz_01a-731x1024.jpg 731w, https:\/\/www.cm-evora.pt\/wp-content\/uploads\/2020\/12\/cartaz_01a-768x1075.jpg 768w\" sizes=\"auto, (max-width: 900px) 100vw, 900px\" \/><\/a>\n\t\t\t<\/dt><\/dl><dl class='gallery-item'>\n\t\t\t<dt class='gallery-icon portrait'>\n\t\t\t\t<a href='https:\/\/www.cm-evora.pt\/en\/municipe\/areas-de-acao\/arquivo-municipal\/evora-em-cartazes\/cartaz_02a\/'><img loading=\"lazy\" decoding=\"async\" width=\"900\" height=\"1260\" src=\"https:\/\/www.cm-evora.pt\/wp-content\/uploads\/2020\/12\/cartaz_02a.jpg\" class=\"attachment-full size-full\" alt=\"\" srcset=\"https:\/\/www.cm-evora.pt\/wp-content\/uploads\/2020\/12\/cartaz_02a.jpg 900w, https:\/\/www.cm-evora.pt\/wp-content\/uploads\/2020\/12\/cartaz_02a-214x300.jpg 214w, https:\/\/www.cm-evora.pt\/wp-content\/uploads\/2020\/12\/cartaz_02a-731x1024.jpg 731w, https:\/\/www.cm-evora.pt\/wp-content\/uploads\/2020\/12\/cartaz_02a-768x1075.jpg 768w\" sizes=\"auto, (max-width: 900px) 100vw, 900px\" \/><\/a>\n\t\t\t<\/dt><\/dl><br style=\"clear: both\" \/><dl class='gallery-item'>\n\t\t\t<dt class='gallery-icon portrait'>\n\t\t\t\t<a href='https:\/\/www.cm-evora.pt\/en\/municipe\/areas-de-acao\/arquivo-municipal\/evora-em-cartazes\/cartaz_03a\/'><img loading=\"lazy\" decoding=\"async\" width=\"900\" height=\"1260\" src=\"https:\/\/www.cm-evora.pt\/wp-content\/uploads\/2020\/12\/cartaz_03a.jpg\" class=\"attachment-full size-full\" alt=\"\" srcset=\"https:\/\/www.cm-evora.pt\/wp-content\/uploads\/2020\/12\/cartaz_03a.jpg 900w, https:\/\/www.cm-evora.pt\/wp-content\/uploads\/2020\/12\/cartaz_03a-214x300.jpg 214w, https:\/\/www.cm-evora.pt\/wp-content\/uploads\/2020\/12\/cartaz_03a-731x1024.jpg 731w, https:\/\/www.cm-evora.pt\/wp-content\/uploads\/2020\/12\/cartaz_03a-768x1075.jpg 768w\" sizes=\"auto, (max-width: 900px) 100vw, 900px\" \/><\/a>\n\t\t\t<\/dt><\/dl><dl class='gallery-item'>\n\t\t\t<dt class='gallery-icon portrait'>\n\t\t\t\t<a href='https:\/\/www.cm-evora.pt\/en\/municipe\/areas-de-acao\/arquivo-municipal\/evora-em-cartazes\/cartaz_04a-2\/'><img loading=\"lazy\" decoding=\"async\" width=\"900\" height=\"1260\" src=\"https:\/\/www.cm-evora.pt\/wp-content\/uploads\/2020\/12\/cartaz_04a.jpg\" class=\"attachment-full size-full\" alt=\"\" srcset=\"https:\/\/www.cm-evora.pt\/wp-content\/uploads\/2020\/12\/cartaz_04a.jpg 900w, https:\/\/www.cm-evora.pt\/wp-content\/uploads\/2020\/12\/cartaz_04a-214x300.jpg 214w, https:\/\/www.cm-evora.pt\/wp-content\/uploads\/2020\/12\/cartaz_04a-731x1024.jpg 731w, https:\/\/www.cm-evora.pt\/wp-content\/uploads\/2020\/12\/cartaz_04a-768x1075.jpg 768w\" sizes=\"auto, (max-width: 900px) 100vw, 900px\" \/><\/a>\n\t\t\t<\/dt><\/dl><br style=\"clear: both\" \/><dl class='gallery-item'>\n\t\t\t<dt class='gallery-icon portrait'>\n\t\t\t\t<a href='https:\/\/www.cm-evora.pt\/en\/municipe\/areas-de-acao\/arquivo-municipal\/evora-em-cartazes\/cartaz_05a\/'><img loading=\"lazy\" decoding=\"async\" width=\"900\" height=\"1260\" src=\"https:\/\/www.cm-evora.pt\/wp-content\/uploads\/2020\/12\/cartaz_05a.jpg\" class=\"attachment-full size-full\" alt=\"\" srcset=\"https:\/\/www.cm-evora.pt\/wp-content\/uploads\/2020\/12\/cartaz_05a.jpg 900w, https:\/\/www.cm-evora.pt\/wp-content\/uploads\/2020\/12\/cartaz_05a-214x300.jpg 214w, https:\/\/www.cm-evora.pt\/wp-content\/uploads\/2020\/12\/cartaz_05a-731x1024.jpg 731w, https:\/\/www.cm-evora.pt\/wp-content\/uploads\/2020\/12\/cartaz_05a-768x1075.jpg 768w\" sizes=\"auto, (max-width: 900px) 100vw, 900px\" \/><\/a>\n\t\t\t<\/dt><\/dl><dl class='gallery-item'>\n\t\t\t<dt class='gallery-icon portrait'>\n\t\t\t\t<a href='https:\/\/www.cm-evora.pt\/en\/municipe\/areas-de-acao\/arquivo-municipal\/evora-em-cartazes\/cartaz_06a-2\/'><img loading=\"lazy\" decoding=\"async\" width=\"900\" height=\"1260\" src=\"https:\/\/www.cm-evora.pt\/wp-content\/uploads\/2020\/12\/cartaz_06a.jpg\" class=\"attachment-full size-full\" alt=\"\" srcset=\"https:\/\/www.cm-evora.pt\/wp-content\/uploads\/2020\/12\/cartaz_06a.jpg 900w, https:\/\/www.cm-evora.pt\/wp-content\/uploads\/2020\/12\/cartaz_06a-214x300.jpg 214w, https:\/\/www.cm-evora.pt\/wp-content\/uploads\/2020\/12\/cartaz_06a-731x1024.jpg 731w, https:\/\/www.cm-evora.pt\/wp-content\/uploads\/2020\/12\/cartaz_06a-768x1075.jpg 768w\" sizes=\"auto, (max-width: 900px) 100vw, 900px\" \/><\/a>\n\t\t\t<\/dt><\/dl><br style=\"clear: both\" \/><dl class='gallery-item'>\n\t\t\t<dt class='gallery-icon portrait'>\n\t\t\t\t<a href='https:\/\/www.cm-evora.pt\/en\/municipe\/areas-de-acao\/arquivo-municipal\/evora-em-cartazes\/cartaz_07a-2\/'><img loading=\"lazy\" decoding=\"async\" width=\"900\" height=\"1260\" src=\"https:\/\/www.cm-evora.pt\/wp-content\/uploads\/2020\/12\/cartaz_07a.jpg\" class=\"attachment-full size-full\" alt=\"\" srcset=\"https:\/\/www.cm-evora.pt\/wp-content\/uploads\/2020\/12\/cartaz_07a.jpg 900w, https:\/\/www.cm-evora.pt\/wp-content\/uploads\/2020\/12\/cartaz_07a-214x300.jpg 214w, https:\/\/www.cm-evora.pt\/wp-content\/uploads\/2020\/12\/cartaz_07a-731x1024.jpg 731w, https:\/\/www.cm-evora.pt\/wp-content\/uploads\/2020\/12\/cartaz_07a-768x1075.jpg 768w\" sizes=\"auto, (max-width: 900px) 100vw, 900px\" \/><\/a>\n\t\t\t<\/dt><\/dl><dl class='gallery-item'>\n\t\t\t<dt class='gallery-icon portrait'>\n\t\t\t\t<a href='https:\/\/www.cm-evora.pt\/en\/municipe\/areas-de-acao\/arquivo-municipal\/evora-em-cartazes\/cartaz_08a\/'><img loading=\"lazy\" decoding=\"async\" width=\"900\" height=\"1260\" src=\"https:\/\/www.cm-evora.pt\/wp-content\/uploads\/2020\/12\/cartaz_08a.jpg\" class=\"attachment-full size-full\" alt=\"\" srcset=\"https:\/\/www.cm-evora.pt\/wp-content\/uploads\/2020\/12\/cartaz_08a.jpg 900w, https:\/\/www.cm-evora.pt\/wp-content\/uploads\/2020\/12\/cartaz_08a-214x300.jpg 214w, https:\/\/www.cm-evora.pt\/wp-content\/uploads\/2020\/12\/cartaz_08a-731x1024.jpg 731w, https:\/\/www.cm-evora.pt\/wp-content\/uploads\/2020\/12\/cartaz_08a-768x1075.jpg 768w\" sizes=\"auto, (max-width: 900px) 100vw, 900px\" \/><\/a>\n\t\t\t<\/dt><\/dl><br style=\"clear: both\" \/><dl class='gallery-item'>\n\t\t\t<dt class='gallery-icon portrait'>\n\t\t\t\t<a href='https:\/\/www.cm-evora.pt\/en\/municipe\/areas-de-acao\/arquivo-municipal\/evora-em-cartazes\/cartaz_09a\/'><img loading=\"lazy\" decoding=\"async\" width=\"900\" height=\"1260\" src=\"https:\/\/www.cm-evora.pt\/wp-content\/uploads\/2020\/12\/cartaz_09a.jpg\" class=\"attachment-full size-full\" alt=\"\" srcset=\"https:\/\/www.cm-evora.pt\/wp-content\/uploads\/2020\/12\/cartaz_09a.jpg 900w, https:\/\/www.cm-evora.pt\/wp-content\/uploads\/2020\/12\/cartaz_09a-214x300.jpg 214w, https:\/\/www.cm-evora.pt\/wp-content\/uploads\/2020\/12\/cartaz_09a-731x1024.jpg 731w, https:\/\/www.cm-evora.pt\/wp-content\/uploads\/2020\/12\/cartaz_09a-768x1075.jpg 768w\" sizes=\"auto, (max-width: 900px) 100vw, 900px\" \/><\/a>\n\t\t\t<\/dt><\/dl><dl class='gallery-item'>\n\t\t\t<dt class='gallery-icon portrait'>\n\t\t\t\t<a href='https:\/\/www.cm-evora.pt\/en\/municipe\/areas-de-acao\/arquivo-municipal\/evora-em-cartazes\/cartaz_10a\/'><img loading=\"lazy\" decoding=\"async\" width=\"900\" height=\"1260\" src=\"https:\/\/www.cm-evora.pt\/wp-content\/uploads\/2020\/12\/cartaz_10a.jpg\" class=\"attachment-full size-full\" alt=\"\" srcset=\"https:\/\/www.cm-evora.pt\/wp-content\/uploads\/2020\/12\/cartaz_10a.jpg 900w, https:\/\/www.cm-evora.pt\/wp-content\/uploads\/2020\/12\/cartaz_10a-214x300.jpg 214w, https:\/\/www.cm-evora.pt\/wp-content\/uploads\/2020\/12\/cartaz_10a-731x1024.jpg 731w, https:\/\/www.cm-evora.pt\/wp-content\/uploads\/2020\/12\/cartaz_10a-768x1075.jpg 768w\" sizes=\"auto, (max-width: 900px) 100vw, 900px\" \/><\/a>\n\t\t\t<\/dt><\/dl><br style=\"clear: both\" \/>\n\t\t<\/div>\n<\/p>","protected":false},"excerpt":{"rendered":"<p>Sorry, this entry is only available in Portugu\u00eas. \u200b\u200b\u200b\u200b\u200b\u200b\u200b\u200b\u200b\u200b\u200b\u200b\u200b\u200b\u200b\u200b\u200b\u200b\u200b\u200b\u200b\u200b Desvendamos aqui e agora parte da cole\u00e7\u00e3o de cartazes que a C\u00e2mara Municipal de \u00c9vora possui, depositados no Arquivo Municipal, iniciada nos anos 20 do s\u00e9culo passado e cujo tema \u00e9 a cidade de \u00c9vora. A exposi\u00e7\u00e3o \u201c\u00c9vora em Cartaz\u201d pretende proporcionar um olhar sobre a [&hellip;]<\/p>\n","protected":false},"author":1,"featured_media":0,"parent":1620,"menu_order":8,"comment_status":"closed","ping_status":"closed","template":"templates-map\/component-text-layout1.php","meta":{"_acf_changed":false,"footnotes":""},"categories":[],"class_list":["post-11805","page","type-page","status-publish","hentry"],"acf":{"imagens":"","titulo_docs_seccao":"","documentos":""},"_links":{"self":[{"href":"https:\/\/www.cm-evora.pt\/en\/wp-json\/wp\/v2\/pages\/11805","targetHints":{"allow":["GET"]}}],"collection":[{"href":"https:\/\/www.cm-evora.pt\/en\/wp-json\/wp\/v2\/pages"}],"about":[{"href":"https:\/\/www.cm-evora.pt\/en\/wp-json\/wp\/v2\/types\/page"}],"author":[{"embeddable":true,"href":"https:\/\/www.cm-evora.pt\/en\/wp-json\/wp\/v2\/users\/1"}],"replies":[{"embeddable":true,"href":"https:\/\/www.cm-evora.pt\/en\/wp-json\/wp\/v2\/comments?post=11805"}],"version-history":[{"count":4,"href":"https:\/\/www.cm-evora.pt\/en\/wp-json\/wp\/v2\/pages\/11805\/revisions"}],"predecessor-version":[{"id":18132,"href":"https:\/\/www.cm-evora.pt\/en\/wp-json\/wp\/v2\/pages\/11805\/revisions\/18132"}],"up":[{"embeddable":true,"href":"https:\/\/www.cm-evora.pt\/en\/wp-json\/wp\/v2\/pages\/1620"}],"wp:attachment":[{"href":"https:\/\/www.cm-evora.pt\/en\/wp-json\/wp\/v2\/media?parent=11805"}],"wp:term":[{"taxonomy":"category","embeddable":true,"href":"https:\/\/www.cm-evora.pt\/en\/wp-json\/wp\/v2\/categories?post=11805"}],"curies":[{"name":"wp","href":"https:\/\/api.w.org\/{rel}","templated":true}]}}