{"id":1272,"date":"2019-10-14T15:43:55","date_gmt":"2019-10-14T14:43:55","guid":{"rendered":"https:\/\/evora2.int.skilltech.pt\/susProjects\/wp_evora2_suite\/?page_id=1272"},"modified":"2023-07-27T08:55:06","modified_gmt":"2023-07-27T07:55:06","slug":"visitante","status":"publish","type":"page","link":"https:\/\/www.cm-evora.pt\/en\/visitante\/","title":{"rendered":"VISITOR"},"content":{"rendered":"<p class=\"qtranxs-available-languages-message qtranxs-available-languages-message-en\">Sorry, this entry is only available in <a href=\"https:\/\/www.cm-evora.pt\/pt\/wp-json\/wp\/v2\/pages\/1272\" class=\"qtranxs-available-language-link qtranxs-available-language-link-pt\" title=\"Portugu\u00eas\">Portugu\u00eas<\/a>.<\/p><p><\/p>\n<p style=\"text-align: center\"><a href=\"https:\/\/www.cm-evora.pt\/wp-content\/uploads\/2021\/01\/DSC_0216-3-scaled.jpg\" target=\"_blank\" rel=\"noopener\"><img loading=\"lazy\" decoding=\"async\" class=\"alignnone wp-image-19595 size-full\" src=\"https:\/\/www.cm-evora.pt\/wp-content\/uploads\/2021\/01\/DSC_0216-3-scaled.jpg\" alt=\"\" width=\"2560\" height=\"1568\" srcset=\"https:\/\/www.cm-evora.pt\/wp-content\/uploads\/2021\/01\/DSC_0216-3-scaled.jpg 2560w, https:\/\/www.cm-evora.pt\/wp-content\/uploads\/2021\/01\/DSC_0216-3-300x184.jpg 300w, https:\/\/www.cm-evora.pt\/wp-content\/uploads\/2021\/01\/DSC_0216-3-1024x627.jpg 1024w, https:\/\/www.cm-evora.pt\/wp-content\/uploads\/2021\/01\/DSC_0216-3-768x471.jpg 768w, https:\/\/www.cm-evora.pt\/wp-content\/uploads\/2021\/01\/DSC_0216-3-1536x941.jpg 1536w, https:\/\/www.cm-evora.pt\/wp-content\/uploads\/2021\/01\/DSC_0216-3-2048x1255.jpg 2048w, https:\/\/www.cm-evora.pt\/wp-content\/uploads\/2021\/01\/DSC_0216-3-1320x809.jpg 1320w\" sizes=\"auto, (max-width: 2560px) 100vw, 2560px\" \/><\/a><\/p>\n<p style=\"text-align: justify\"><strong>\u00a0<\/strong><\/p>\n<h2 style=\"text-align: justify\"><strong>Beleza natural, riqueza monumental e desenvolvimento<\/strong><\/h2>\n<p style=\"text-align: justify\">\u00c9vora \u00e9 uma cidade hist\u00f3rica de grande beleza, mas fora do centro urbano, a regi\u00e3o continua a ostentar a sua riqueza patrimonial, nomeadamente pela exist\u00eancia de valiosos testemunhos da monumentalidade megal\u00edtica. A paisagem rural do Concelho caracteriza-se pela exist\u00eancia de extensas manchas de floresta de sobro e azinho conjugadas com \u00e1reas de pastagens, de olival, vinhas e algumas culturas de regadio alimentadas pela rede hidr\u00e1ulica do Alqueva.<\/p>\n<p style=\"text-align: justify\">No Centro Hist\u00f3rico de \u00c9vora, rodeado em todo o seu per\u00edmetro por belas muralhas, vivem mem\u00f3rias hist\u00f3ricas em cada rua, em cada casa em cada habitante. \u00c9vora \u00e9 herdeira de uma rica e diversificada heran\u00e7a cultural, constru\u00edda e preservada ao longo de mil\u00e9nios de hist\u00f3ria. Habitada desde o per\u00edodo neol\u00edtico, as suas pra\u00e7as e monumentos falam sobre a hist\u00f3ria local e nacional, a religi\u00e3o e a cultura de um povo que se orgulha do seu passado e do seu presente. A riqueza monumental desta cidade que sendo hist\u00f3rica, \u00e9 ao mesmo tempo viva, din\u00e2mica e moderna, motivou a classifica\u00e7\u00e3o como Patrim\u00f3nio Mundial em 1986 pela UNESCO, o que consolidou a cidade como principal polo de atra\u00e7\u00e3o tur\u00edstica da regi\u00e3o.<\/p>\n<p style=\"text-align: justify\">\u00c9vora \u00e9 uma cidade de m\u00e9dia dimens\u00e3o que assume claramente a sua identidade cultural e patrimonial. Esta identidade, de ra\u00edzes bem sustentadas nas pol\u00edticas municipais de apoio, preserva\u00e7\u00e3o e promo\u00e7\u00e3o, aliada \u00e0 forte din\u00e2mica cultural que marcou a vida da cidade nos \u00faltimos anos, levou a um importante compromisso de toda a sociedade: a candidatura a Cidade Capital Europeia da Cultura 2027.<\/p>\n<p style=\"text-align: justify\">Preservar o patrim\u00f3nio \u00e9 manter viva a Hist\u00f3ria da Cidade.<\/p>\n<p style=\"text-align: justify\">\u00c9vora \u00e9 por isso uma cidade de cultura porque preserva, defende e valoriza o seu patrim\u00f3nio. Os numerosos museus, os monumentos seculares e milenares, o casario \u00fanico que comp\u00f5e o Centro Hist\u00f3rico, cada detalhe de cada fachada, cada porta de postigo, cada janela ou varanda gradeada, cada pedra da cal\u00e7ada que carateriza as ruas e travessas que tecem uma malha de encontros a cada esquina. Tudo isto casa com as tradi\u00e7\u00f5es, abra\u00e7a os h\u00e1bitos, os costumes, a vida de quem l\u00e1 vive.<\/p>\n<p style=\"text-align: justify\">Mais do que os monumentos ic\u00f3nicos como Templo Romano, a S\u00e9 Catedral, a Igreja de S. Francisco com a Capela dos Ossos, o Aqueduto da \u00c1gua da Prata, as Muralhas Fernandinas, o Teatro Garcia de Resende, o Pal\u00e1cio de D. Manuel, entre outros, mais do que o conjunto de edif\u00edcios classificados, igrejas, conventos, palacetes e casas senhoriais que merecem a aten\u00e7\u00e3o dos visitantes, \u00c9vora \u00e9 um todo: uma conjuga\u00e7\u00e3o harmoniosa de elementos arquitet\u00f3nicos, onde o mais imponente se integra no mais simples, e toda esta simplicidade se torna imponente.<\/p>\n<p><\/p>","protected":false},"excerpt":{"rendered":"<p>Sorry, this entry is only available in Portugu\u00eas. \u00a0 Beleza natural, riqueza monumental e desenvolvimento \u00c9vora \u00e9 uma cidade hist\u00f3rica de grande beleza, mas fora do centro urbano, a regi\u00e3o continua a ostentar a sua riqueza patrimonial, nomeadamente pela exist\u00eancia de valiosos testemunhos da monumentalidade megal\u00edtica. A paisagem rural do Concelho caracteriza-se pela exist\u00eancia de [&hellip;]<\/p>\n","protected":false},"author":1,"featured_media":0,"parent":0,"menu_order":1,"comment_status":"closed","ping_status":"closed","template":"templates-map\/component-text-layout1.php","meta":{"_acf_changed":false,"footnotes":""},"categories":[],"class_list":["post-1272","page","type-page","status-publish","hentry"],"acf":{"imagens":"","titulo_docs_seccao":"","documentos":""},"_links":{"self":[{"href":"https:\/\/www.cm-evora.pt\/en\/wp-json\/wp\/v2\/pages\/1272","targetHints":{"allow":["GET"]}}],"collection":[{"href":"https:\/\/www.cm-evora.pt\/en\/wp-json\/wp\/v2\/pages"}],"about":[{"href":"https:\/\/www.cm-evora.pt\/en\/wp-json\/wp\/v2\/types\/page"}],"author":[{"embeddable":true,"href":"https:\/\/www.cm-evora.pt\/en\/wp-json\/wp\/v2\/users\/1"}],"replies":[{"embeddable":true,"href":"https:\/\/www.cm-evora.pt\/en\/wp-json\/wp\/v2\/comments?post=1272"}],"version-history":[{"count":11,"href":"https:\/\/www.cm-evora.pt\/en\/wp-json\/wp\/v2\/pages\/1272\/revisions"}],"predecessor-version":[{"id":52099,"href":"https:\/\/www.cm-evora.pt\/en\/wp-json\/wp\/v2\/pages\/1272\/revisions\/52099"}],"wp:attachment":[{"href":"https:\/\/www.cm-evora.pt\/en\/wp-json\/wp\/v2\/media?parent=1272"}],"wp:term":[{"taxonomy":"category","embeddable":true,"href":"https:\/\/www.cm-evora.pt\/en\/wp-json\/wp\/v2\/categories?post=1272"}],"curies":[{"name":"wp","href":"https:\/\/api.w.org\/{rel}","templated":true}]}}