{"id":12744,"date":"2020-07-07T10:16:23","date_gmt":"2020-07-07T09:16:23","guid":{"rendered":"https:\/\/evora2.int.skilltech.pt\/susProjects\/wp_evora2_suite\/?page_id=12744"},"modified":"2023-05-11T14:23:22","modified_gmt":"2023-05-11T13:23:22","slug":"sobre-o-complexo-desportivo-de-evora","status":"publish","type":"page","link":"https:\/\/www.cm-evora.pt\/en\/municipe\/equipamentos\/equipamentos-desportivos\/complexo-desportivo-de-evora\/sobre-o-complexo-desportivo-de-evora\/","title":{"rendered":"Sobre o Complexo Desportivo de \u00c9vora"},"content":{"rendered":"<p style=\"text-align: center\"><a href=\"https:\/\/www.cm-evora.pt\/wp-content\/uploads\/2021\/01\/DJI_0049.jpg\" target=\"_blank\" rel=\"noopener\"><img loading=\"lazy\" decoding=\"async\" class=\"alignnone wp-image-19331 size-full\" src=\"https:\/\/www.cm-evora.pt\/wp-content\/uploads\/2021\/01\/DJI_0049.jpg\" alt=\"\" width=\"1024\" height=\"768\" srcset=\"https:\/\/www.cm-evora.pt\/wp-content\/uploads\/2021\/01\/DJI_0049.jpg 1024w, https:\/\/www.cm-evora.pt\/wp-content\/uploads\/2021\/01\/DJI_0049-300x225.jpg 300w, https:\/\/www.cm-evora.pt\/wp-content\/uploads\/2021\/01\/DJI_0049-768x576.jpg 768w\" sizes=\"auto, (max-width: 1024px) 100vw, 1024px\" \/><\/a><\/p>\n<p>O Complexo Desportivo de \u00c9vora \u00e9 propriedade do Instituto Portugu\u00eas do Desporto e Juventude com gest\u00e3o da C\u00e2mara Municipal de \u00c9vora, conforme contrato de comodato assinado a 27 de Julho 2016.<\/p>\n<p>O equipamento integra uma pista de atletismo standard de seis corredores de 400 m, pista de salto em comprimento\/triplo, salto com vara, um campo de grandes jogos em relva sint\u00e9tica, e ainda, em complemento, as instala\u00e7\u00f5es de apoio para atletas, t\u00e9cnicos e publico espectador, onde se inclui bancada com 180 lugares de capacidade.<\/p>\n<p>As instala\u00e7\u00f5es de apoio comportam quatro unidades vesti\u00e1rios-balne\u00e1rios para atletas, tendo em conta simultaneidade e rotatividade de utiliza\u00e7\u00e3o que poder\u00e1 ocorrer; duas unidades completas para atletas de mobilidade condicionada; duas unidades para \u00e1rbitros\/ju\u00edzes\/t\u00e9cnicos permitindo a utiliza\u00e7\u00e3o pelos dois sexos; gin\u00e1sio\/sala de muscula\u00e7\u00e3o para prepara\u00e7\u00e3o f\u00edsica de atletas e preven\u00e7\u00e3o de les\u00f5es; arrecada\u00e7\u00f5es de material desportivo e de produtos de manuten\u00e7\u00e3o; sala t\u00e9cnica; posto m\u00e9dico, instala\u00e7\u00f5es sanit\u00e1rias destinadas a p\u00fablico espectador e sala de for\u00e7as de seguran\u00e7a.<\/p>\n<p>O Complexo Desportivo tem capacidade para acolher eventos nacionais e internacionais, assumindo-se, igualmente, como uma oportunidade para acolher eventos e est\u00e1gios de equipas e sele\u00e7\u00f5es nacionais.<\/p>\n<p>\u00c9 ambi\u00e7\u00e3o do Munic\u00edpio de \u00c9vora fomentar a atividade f\u00edsica e desportiva junto dos jovens e popula\u00e7\u00e3o em geral , oferecendo uma diversidade na pr\u00e1tica desportiva, numa perspetiva formativa e de competi\u00e7\u00e3o. O CDE, neste momento, est\u00e1 habilitado para a pr\u00e1tica do Rugby, Atletismo, Futebol e Futebol Americano. As modalidades do Rugby e do Atletismo t\u00eam prioridade em rela\u00e7\u00e3o \u00e0s restantes.<\/p>\n<p>Entre as 18h00 e as 22h00,\u00a0a prioridade de utiliza\u00e7\u00e3o do CDE vai para\u00a0os Clubes com pr\u00e1tica desportiva\u00a0organizada e consolidada h\u00e1 mais de tr\u00eas \u00e9pocas desportivas, a participarem em quadros competitivos das respetivas modalidades federadas e que n\u00e3o disponham de instala\u00e7\u00f5es pr\u00f3prias para a pr\u00e1tica em causa.<\/p>\n<p style=\"text-align: center\"><a href=\"https:\/\/www.cm-evora.pt\/wp-content\/uploads\/2021\/01\/CDElogogo.jpg\" target=\"_blank\" rel=\"noopener\"><img loading=\"lazy\" decoding=\"async\" class=\"alignnone wp-image-19334 size-full\" src=\"https:\/\/www.cm-evora.pt\/wp-content\/uploads\/2021\/01\/CDElogogo.jpg\" alt=\"\" width=\"639\" height=\"362\" srcset=\"https:\/\/www.cm-evora.pt\/wp-content\/uploads\/2021\/01\/CDElogogo.jpg 639w, https:\/\/www.cm-evora.pt\/wp-content\/uploads\/2021\/01\/CDElogogo-300x170.jpg 300w\" sizes=\"auto, (max-width: 639px) 100vw, 639px\" \/><\/a> <a href=\"https:\/\/www.cm-evora.pt\/wp-content\/uploads\/2021\/01\/DSC_2794.jpg\" target=\"_blank\" rel=\"noopener\"><img loading=\"lazy\" decoding=\"async\" class=\"alignnone wp-image-19335 size-full\" src=\"https:\/\/www.cm-evora.pt\/wp-content\/uploads\/2021\/01\/DSC_2794.jpg\" alt=\"\" width=\"960\" height=\"641\" srcset=\"https:\/\/www.cm-evora.pt\/wp-content\/uploads\/2021\/01\/DSC_2794.jpg 960w, https:\/\/www.cm-evora.pt\/wp-content\/uploads\/2021\/01\/DSC_2794-300x200.jpg 300w, https:\/\/www.cm-evora.pt\/wp-content\/uploads\/2021\/01\/DSC_2794-768x513.jpg 768w\" sizes=\"auto, (max-width: 960px) 100vw, 960px\" \/><\/a><\/p>\n<p>&nbsp;<\/p>\n","protected":false},"excerpt":{"rendered":"<p>O Complexo Desportivo de \u00c9vora \u00e9 propriedade do Instituto Portugu\u00eas do Desporto e Juventude com gest\u00e3o da C\u00e2mara Municipal de \u00c9vora, conforme contrato de comodato assinado a 27 de Julho 2016. O equipamento integra uma pista de atletismo standard de seis corredores de 400 m, pista de salto em comprimento\/triplo, salto com vara, um campo [&hellip;]<\/p>\n","protected":false},"author":1,"featured_media":0,"parent":12864,"menu_order":0,"comment_status":"closed","ping_status":"closed","template":"templates-map\/component-text-layout1.php","meta":{"_acf_changed":false,"footnotes":""},"categories":[],"class_list":["post-12744","page","type-page","status-publish","hentry"],"acf":{"imagens":"","titulo_docs_seccao":"","documentos":[12871]},"_links":{"self":[{"href":"https:\/\/www.cm-evora.pt\/en\/wp-json\/wp\/v2\/pages\/12744","targetHints":{"allow":["GET"]}}],"collection":[{"href":"https:\/\/www.cm-evora.pt\/en\/wp-json\/wp\/v2\/pages"}],"about":[{"href":"https:\/\/www.cm-evora.pt\/en\/wp-json\/wp\/v2\/types\/page"}],"author":[{"embeddable":true,"href":"https:\/\/www.cm-evora.pt\/en\/wp-json\/wp\/v2\/users\/1"}],"replies":[{"embeddable":true,"href":"https:\/\/www.cm-evora.pt\/en\/wp-json\/wp\/v2\/comments?post=12744"}],"version-history":[{"count":7,"href":"https:\/\/www.cm-evora.pt\/en\/wp-json\/wp\/v2\/pages\/12744\/revisions"}],"predecessor-version":[{"id":48942,"href":"https:\/\/www.cm-evora.pt\/en\/wp-json\/wp\/v2\/pages\/12744\/revisions\/48942"}],"up":[{"embeddable":true,"href":"https:\/\/www.cm-evora.pt\/en\/wp-json\/wp\/v2\/pages\/12864"}],"acf:post":[{"embeddable":true,"href":"https:\/\/www.cm-evora.pt\/en\/wp-json\/wp\/v2\/listas_ficheiros\/12871"}],"wp:attachment":[{"href":"https:\/\/www.cm-evora.pt\/en\/wp-json\/wp\/v2\/media?parent=12744"}],"wp:term":[{"taxonomy":"category","embeddable":true,"href":"https:\/\/www.cm-evora.pt\/en\/wp-json\/wp\/v2\/categories?post=12744"}],"curies":[{"name":"wp","href":"https:\/\/api.w.org\/{rel}","templated":true}]}}